{"id":8921,"date":"2026-01-15T22:48:21","date_gmt":"2026-01-16T03:48:21","guid":{"rendered":"https:\/\/tiendasdorado.online\/product-category\/catalogo\/product\/kit-de-destornillador-precision-58-en-1\/"},"modified":"2026-01-15T22:51:03","modified_gmt":"2026-01-16T03:51:03","slug":"kit-de-destornillador-precision-58-en-1","status":"publish","type":"product","link":"https:\/\/tiendasdorado.online\/product-category\/catalogo\/product\/kit-de-destornillador-precision-58-en-1\/","title":{"rendered":"Kit de destornillador precision 58 en 1"},"content":{"rendered":"<p>Este kit de destornillador de precisi\u00f3n te ofrece 58 herramientas esenciales para la reparaci\u00f3n de ordenadores, smartphones, dispositivos electr\u00f3nicos u otros objetos peque\u00f1os.<\/p>\n<p>Pr\u00e1ctico y compacto.<\/p>\n<p>El kit incluye: 56 boquillas. 1 mango de metal. 1 x eje flexible. 1 caja de almacenamiento.<\/p>\n<p>Especificaciones: punta Material: acero de herramientas de aleaci\u00f3n S2. Tama\u00f1o de la caja: 20 x 9,5 x 2,4 cm. Longitud del mango de metal: 9,5 cm. Peso del art\u00edculo: 0,330 kg.<\/p>\n","protected":false},"excerpt":{"rendered":"<p>Este kit de destornillador de precisi\u00f3n te ofrece 58 herramientas esenciales para la reparaci\u00f3n de ordenadores, smartphones, dispositivos electr\u00f3nicos u otros objetos peque\u00f1os. Pr\u00e1ctico y compacto. El kit incluye: 56 boquillas. 1 mango de metal. 1 x eje flexible. 1 caja de almacenamiento. Especificaciones: punta Material: acero de herramientas de aleaci\u00f3n S2. Tama\u00f1o de la [&hellip;]<\/p>\n","protected":false},"featured_media":8926,"comment_status":"open","ping_status":"closed","template":"","meta":{"_surecart_dashboard_logo_width":"180px","_surecart_dashboard_show_logo":true,"_surecart_dashboard_navigation_orders":true,"_surecart_dashboard_navigation_invoices":true,"_surecart_dashboard_navigation_subscriptions":true,"_surecart_dashboard_navigation_downloads":true,"_surecart_dashboard_navigation_billing":true,"_surecart_dashboard_navigation_account":true,"_uag_custom_page_level_css":"","site-sidebar-layout":"default","site-content-layout":"","ast-site-content-layout":"default","site-content-style":"default","site-sidebar-style":"default","ast-global-header-display":"","ast-banner-title-visibility":"","ast-main-header-display":"","ast-hfb-above-header-display":"","ast-hfb-below-header-display":"","ast-hfb-mobile-header-display":"","site-post-title":"","ast-breadcrumbs-content":"","ast-featured-img":"","footer-sml-layout":"","ast-disable-related-posts":"","theme-transparent-header-meta":"default","adv-header-id-meta":"","stick-header-meta":"","header-above-stick-meta":"","header-main-stick-meta":"","header-below-stick-meta":"","astra-migrate-meta-layouts":"set","ast-page-background-enabled":"default","ast-page-background-meta":{"desktop":{"background-color":"var(--ast-global-color-4)","background-image":"","background-repeat":"repeat","background-position":"center center","background-size":"auto","background-attachment":"scroll","background-type":"","background-media":"","overlay-type":"","overlay-color":"","overlay-opacity":"","overlay-gradient":""},"tablet":{"background-color":"","background-image":"","background-repeat":"repeat","background-position":"center center","background-size":"auto","background-attachment":"scroll","background-type":"","background-media":"","overlay-type":"","overlay-color":"","overlay-opacity":"","overlay-gradient":""},"mobile":{"background-color":"","background-image":"","background-repeat":"repeat","background-position":"center center","background-size":"auto","background-attachment":"scroll","background-type":"","background-media":"","overlay-type":"","overlay-color":"","overlay-opacity":"","overlay-gradient":""}},"ast-content-background-meta":{"desktop":{"background-color":"var(--ast-global-color-5)","background-image":"","background-repeat":"repeat","background-position":"center center","background-size":"auto","background-attachment":"scroll","background-type":"","background-media":"","overlay-type":"","overlay-color":"","overlay-opacity":"","overlay-gradient":""},"tablet":{"background-color":"var(--ast-global-color-5)","background-image":"","background-repeat":"repeat","background-position":"center center","background-size":"auto","background-attachment":"scroll","background-type":"","background-media":"","overlay-type":"","overlay-color":"","overlay-opacity":"","overlay-gradient":""},"mobile":{"background-color":"var(--ast-global-color-5)","background-image":"","background-repeat":"repeat","background-position":"center center","background-size":"auto","background-attachment":"scroll","background-type":"","background-media":"","overlay-type":"","overlay-color":"","overlay-opacity":"","overlay-gradient":""}}},"product_brand":[],"product_cat":[183],"product_tag":[],"class_list":{"0":"post-8921","1":"product","2":"type-product","3":"status-publish","4":"has-post-thumbnail","6":"product_cat-herramientas","7":"desktop-align-left","8":"tablet-align-left","9":"mobile-align-left","11":"first","12":"instock","13":"shipping-taxable","14":"purchasable","15":"product-type-simple"},"aioseo_notices":[],"uagb_featured_image_src":{"full":["https:\/\/tiendasdorado.online\/wp-content\/uploads\/2026\/01\/1715033096WhatsApp-Image-2024-05-02-at-2.12.03-PM-1.jpeg",1000,1000,false],"thumbnail":["https:\/\/tiendasdorado.online\/wp-content\/uploads\/2026\/01\/1715033096WhatsApp-Image-2024-05-02-at-2.12.03-PM-1-150x150.jpeg",150,150,true],"medium":["https:\/\/tiendasdorado.online\/wp-content\/uploads\/2026\/01\/1715033096WhatsApp-Image-2024-05-02-at-2.12.03-PM-1-300x300.jpeg",300,300,true],"medium_large":["https:\/\/tiendasdorado.online\/wp-content\/uploads\/2026\/01\/1715033096WhatsApp-Image-2024-05-02-at-2.12.03-PM-1-768x768.jpeg",768,768,true],"large":["https:\/\/tiendasdorado.online\/wp-content\/uploads\/2026\/01\/1715033096WhatsApp-Image-2024-05-02-at-2.12.03-PM-1.jpeg",1000,1000,false],"1536x1536":["https:\/\/tiendasdorado.online\/wp-content\/uploads\/2026\/01\/1715033096WhatsApp-Image-2024-05-02-at-2.12.03-PM-1.jpeg",1000,1000,false],"2048x2048":["https:\/\/tiendasdorado.online\/wp-content\/uploads\/2026\/01\/1715033096WhatsApp-Image-2024-05-02-at-2.12.03-PM-1.jpeg",1000,1000,false],"woocommerce_thumbnail":["https:\/\/tiendasdorado.online\/wp-content\/uploads\/2026\/01\/1715033096WhatsApp-Image-2024-05-02-at-2.12.03-PM-1-300x300.jpeg",300,300,true],"woocommerce_single":["https:\/\/tiendasdorado.online\/wp-content\/uploads\/2026\/01\/1715033096WhatsApp-Image-2024-05-02-at-2.12.03-PM-1-600x600.jpeg",600,600,true],"woocommerce_gallery_thumbnail":["https:\/\/tiendasdorado.online\/wp-content\/uploads\/2026\/01\/1715033096WhatsApp-Image-2024-05-02-at-2.12.03-PM-1-100x100.jpeg",100,100,true]},"uagb_author_info":{"display_name":"Crsitian Paguai","author_link":"https:\/\/tiendasdorado.online\/product-category\/catalogo\/author\/"},"uagb_comment_info":0,"uagb_excerpt":"Este kit de destornillador de precisi\u00f3n te ofrece 58 herramientas esenciales para la reparaci\u00f3n de ordenadores, smartphones, dispositivos electr\u00f3nicos u otros objetos peque\u00f1os. Pr\u00e1ctico y compacto. El kit incluye: 56 boquillas. 1 mango de metal. 1 x eje flexible. 1 caja de almacenamiento. Especificaciones: punta Material: acero de herramientas de aleaci\u00f3n S2. Tama\u00f1o de la&hellip;","_links":{"self":[{"href":"https:\/\/tiendasdorado.online\/product-category\/catalogo\/wp-json\/wp\/v2\/product\/8921","targetHints":{"allow":["GET"]}}],"collection":[{"href":"https:\/\/tiendasdorado.online\/product-category\/catalogo\/wp-json\/wp\/v2\/product"}],"about":[{"href":"https:\/\/tiendasdorado.online\/product-category\/catalogo\/wp-json\/wp\/v2\/types\/product"}],"replies":[{"embeddable":true,"href":"https:\/\/tiendasdorado.online\/product-category\/catalogo\/wp-json\/wp\/v2\/comments?post=8921"}],"wp:featuredmedia":[{"embeddable":true,"href":"https:\/\/tiendasdorado.online\/product-category\/catalogo\/wp-json\/wp\/v2\/media\/8926"}],"wp:attachment":[{"href":"https:\/\/tiendasdorado.online\/product-category\/catalogo\/wp-json\/wp\/v2\/media?parent=8921"}],"wp:term":[{"taxonomy":"product_brand","embeddable":true,"href":"https:\/\/tiendasdorado.online\/product-category\/catalogo\/wp-json\/wp\/v2\/product_brand?post=8921"},{"taxonomy":"product_cat","embeddable":true,"href":"https:\/\/tiendasdorado.online\/product-category\/catalogo\/wp-json\/wp\/v2\/product_cat?post=8921"},{"taxonomy":"product_tag","embeddable":true,"href":"https:\/\/tiendasdorado.online\/product-category\/catalogo\/wp-json\/wp\/v2\/product_tag?post=8921"}],"curies":[{"name":"wp","href":"https:\/\/api.w.org\/{rel}","templated":true}]}}