{"id":8905,"date":"2026-01-12T21:24:12","date_gmt":"2026-01-13T02:24:12","guid":{"rendered":"https:\/\/tiendasdorado.online\/product-category\/catalogo\/product\/lampara-led-duo-uv-para-unas-268w\/"},"modified":"2026-01-12T21:31:54","modified_gmt":"2026-01-13T02:31:54","slug":"lampara-led-duo-uv-para-unas-268w","status":"publish","type":"product","link":"https:\/\/tiendasdorado.online\/product-category\/catalogo\/product\/lampara-led-duo-uv-para-unas-268w\/","title":{"rendered":"Lampara Led Duo UV Para U\u00f1as"},"content":{"rendered":"<h5>Esta moderna l\u00e1mpara de u\u00f1as combina potencia, dise\u00f1o y funcionalidad en un solo equipo.<\/h5>\n<p>&nbsp;<\/p>\n<h6>\u27282 en 1 incluye l\u00e1mpara superior flexible ideal para trabajar Soft gel.<\/h6>\n<h6>\u2728Con 268W de fuerza real, ofrece un secado ultrarr\u00e1pido y uniforme para todo tipo de geles, incluyendo soft gel, gel constructor, polygel y esmaltes semipermanentes.<\/h6>\n","protected":false},"excerpt":{"rendered":"<p>Esta moderna l\u00e1mpara de u\u00f1as combina potencia, dise\u00f1o y funcionalidad en un solo equipo. &nbsp; \u27282 en 1 incluye l\u00e1mpara superior flexible ideal para trabajar Soft gel. \u2728Con 268W de fuerza real, ofrece un secado ultrarr\u00e1pido y uniforme para todo tipo de geles, incluyendo soft gel, gel constructor, polygel y esmaltes semipermanentes.<\/p>\n","protected":false},"featured_media":8911,"comment_status":"open","ping_status":"closed","template":"","meta":{"_surecart_dashboard_logo_width":"180px","_surecart_dashboard_show_logo":true,"_surecart_dashboard_navigation_orders":true,"_surecart_dashboard_navigation_invoices":true,"_surecart_dashboard_navigation_subscriptions":true,"_surecart_dashboard_navigation_downloads":true,"_surecart_dashboard_navigation_billing":true,"_surecart_dashboard_navigation_account":true,"_uag_custom_page_level_css":"","site-sidebar-layout":"default","site-content-layout":"","ast-site-content-layout":"default","site-content-style":"default","site-sidebar-style":"default","ast-global-header-display":"","ast-banner-title-visibility":"","ast-main-header-display":"","ast-hfb-above-header-display":"","ast-hfb-below-header-display":"","ast-hfb-mobile-header-display":"","site-post-title":"","ast-breadcrumbs-content":"","ast-featured-img":"","footer-sml-layout":"","ast-disable-related-posts":"","theme-transparent-header-meta":"default","adv-header-id-meta":"","stick-header-meta":"","header-above-stick-meta":"","header-main-stick-meta":"","header-below-stick-meta":"","astra-migrate-meta-layouts":"set","ast-page-background-enabled":"default","ast-page-background-meta":{"desktop":{"background-color":"var(--ast-global-color-4)","background-image":"","background-repeat":"repeat","background-position":"center center","background-size":"auto","background-attachment":"scroll","background-type":"","background-media":"","overlay-type":"","overlay-color":"","overlay-opacity":"","overlay-gradient":""},"tablet":{"background-color":"","background-image":"","background-repeat":"repeat","background-position":"center center","background-size":"auto","background-attachment":"scroll","background-type":"","background-media":"","overlay-type":"","overlay-color":"","overlay-opacity":"","overlay-gradient":""},"mobile":{"background-color":"","background-image":"","background-repeat":"repeat","background-position":"center center","background-size":"auto","background-attachment":"scroll","background-type":"","background-media":"","overlay-type":"","overlay-color":"","overlay-opacity":"","overlay-gradient":""}},"ast-content-background-meta":{"desktop":{"background-color":"var(--ast-global-color-5)","background-image":"","background-repeat":"repeat","background-position":"center center","background-size":"auto","background-attachment":"scroll","background-type":"","background-media":"","overlay-type":"","overlay-color":"","overlay-opacity":"","overlay-gradient":""},"tablet":{"background-color":"var(--ast-global-color-5)","background-image":"","background-repeat":"repeat","background-position":"center center","background-size":"auto","background-attachment":"scroll","background-type":"","background-media":"","overlay-type":"","overlay-color":"","overlay-opacity":"","overlay-gradient":""},"mobile":{"background-color":"var(--ast-global-color-5)","background-image":"","background-repeat":"repeat","background-position":"center center","background-size":"auto","background-attachment":"scroll","background-type":"","background-media":"","overlay-type":"","overlay-color":"","overlay-opacity":"","overlay-gradient":""}}},"product_brand":[],"product_cat":[43,56],"product_tag":[],"class_list":{"0":"post-8905","1":"product","2":"type-product","3":"status-publish","4":"has-post-thumbnail","6":"product_cat-relojes","7":"product_cat-tecnologia","8":"desktop-align-left","9":"tablet-align-left","10":"mobile-align-left","12":"first","13":"instock","14":"shipping-taxable","15":"purchasable","16":"product-type-simple"},"aioseo_notices":[],"uagb_featured_image_src":{"full":["https:\/\/tiendasdorado.online\/wp-content\/uploads\/2026\/01\/1767996466WhatsApp-Image-2026-01-08-at-8.51.33-PM.jpeg",1284,1286,false],"thumbnail":["https:\/\/tiendasdorado.online\/wp-content\/uploads\/2026\/01\/1767996466WhatsApp-Image-2026-01-08-at-8.51.33-PM-150x150.jpeg",150,150,true],"medium":["https:\/\/tiendasdorado.online\/wp-content\/uploads\/2026\/01\/1767996466WhatsApp-Image-2026-01-08-at-8.51.33-PM-300x300.jpeg",300,300,true],"medium_large":["https:\/\/tiendasdorado.online\/wp-content\/uploads\/2026\/01\/1767996466WhatsApp-Image-2026-01-08-at-8.51.33-PM-768x769.jpeg",768,769,true],"large":["https:\/\/tiendasdorado.online\/wp-content\/uploads\/2026\/01\/1767996466WhatsApp-Image-2026-01-08-at-8.51.33-PM-1022x1024.jpeg",1022,1024,true],"1536x1536":["https:\/\/tiendasdorado.online\/wp-content\/uploads\/2026\/01\/1767996466WhatsApp-Image-2026-01-08-at-8.51.33-PM.jpeg",1284,1286,false],"2048x2048":["https:\/\/tiendasdorado.online\/wp-content\/uploads\/2026\/01\/1767996466WhatsApp-Image-2026-01-08-at-8.51.33-PM.jpeg",1284,1286,false],"woocommerce_thumbnail":["https:\/\/tiendasdorado.online\/wp-content\/uploads\/2026\/01\/1767996466WhatsApp-Image-2026-01-08-at-8.51.33-PM-300x300.jpeg",300,300,true],"woocommerce_single":["https:\/\/tiendasdorado.online\/wp-content\/uploads\/2026\/01\/1767996466WhatsApp-Image-2026-01-08-at-8.51.33-PM-600x601.jpeg",600,601,true],"woocommerce_gallery_thumbnail":["https:\/\/tiendasdorado.online\/wp-content\/uploads\/2026\/01\/1767996466WhatsApp-Image-2026-01-08-at-8.51.33-PM-100x100.jpeg",100,100,true]},"uagb_author_info":{"display_name":"Crsitian Paguai","author_link":"https:\/\/tiendasdorado.online\/product-category\/catalogo\/author\/"},"uagb_comment_info":0,"uagb_excerpt":"Esta moderna l\u00e1mpara de u\u00f1as combina potencia, dise\u00f1o y funcionalidad en un solo equipo. &nbsp; \u27282 en 1 incluye l\u00e1mpara superior flexible ideal para trabajar Soft gel. \u2728Con 268W de fuerza real, ofrece un secado ultrarr\u00e1pido y uniforme para todo tipo de geles, incluyendo soft gel, gel constructor, polygel y esmaltes semipermanentes.","_links":{"self":[{"href":"https:\/\/tiendasdorado.online\/product-category\/catalogo\/wp-json\/wp\/v2\/product\/8905","targetHints":{"allow":["GET"]}}],"collection":[{"href":"https:\/\/tiendasdorado.online\/product-category\/catalogo\/wp-json\/wp\/v2\/product"}],"about":[{"href":"https:\/\/tiendasdorado.online\/product-category\/catalogo\/wp-json\/wp\/v2\/types\/product"}],"replies":[{"embeddable":true,"href":"https:\/\/tiendasdorado.online\/product-category\/catalogo\/wp-json\/wp\/v2\/comments?post=8905"}],"wp:featuredmedia":[{"embeddable":true,"href":"https:\/\/tiendasdorado.online\/product-category\/catalogo\/wp-json\/wp\/v2\/media\/8911"}],"wp:attachment":[{"href":"https:\/\/tiendasdorado.online\/product-category\/catalogo\/wp-json\/wp\/v2\/media?parent=8905"}],"wp:term":[{"taxonomy":"product_brand","embeddable":true,"href":"https:\/\/tiendasdorado.online\/product-category\/catalogo\/wp-json\/wp\/v2\/product_brand?post=8905"},{"taxonomy":"product_cat","embeddable":true,"href":"https:\/\/tiendasdorado.online\/product-category\/catalogo\/wp-json\/wp\/v2\/product_cat?post=8905"},{"taxonomy":"product_tag","embeddable":true,"href":"https:\/\/tiendasdorado.online\/product-category\/catalogo\/wp-json\/wp\/v2\/product_tag?post=8905"}],"curies":[{"name":"wp","href":"https:\/\/api.w.org\/{rel}","templated":true}]}}