{"id":8825,"date":"2026-01-11T22:58:03","date_gmt":"2026-01-12T03:58:03","guid":{"rendered":"https:\/\/tiendasdorado.online\/product-category\/catalogo\/product\/mini-pulidora-de-disco-doble-bateria\/"},"modified":"2026-01-11T23:12:47","modified_gmt":"2026-01-12T04:12:47","slug":"mini-pulidora-de-disco-doble-bateria","status":"publish","type":"product","link":"https:\/\/tiendasdorado.online\/product-category\/catalogo\/product\/mini-pulidora-de-disco-doble-bateria\/","title":{"rendered":"Mini pulidora de disco"},"content":{"rendered":"<h4 data-start=\"243\" data-end=\"306\">Mini Pulidora Inal\u00e1mbrica Angular \u2013 Uso Profesional<\/h4>\n<p data-start=\"308\" data-end=\"591\">Esta <strong data-start=\"313\" data-end=\"360\">mini amoladora angular inal\u00e1mbrica port\u00e1til<\/strong> es una herramienta potente y vers\u00e1til, ideal para trabajos de <strong data-start=\"423\" data-end=\"451\">pulido, corte y desbaste<\/strong>. Dise\u00f1ada para ofrecer comodidad, seguridad y alto rendimiento en todo tipo de proyectos en el hogar o trabajo profesional en <strong data-start=\"578\" data-end=\"590\">Colombia<\/strong>.<\/p>\n<p data-start=\"593\" data-end=\"761\">Perfecta para limpiar juntas de baldosas, cortar madera, pl\u00e1sticos, cer\u00e1mica, piedra y acero. Si buscas una pulidora pr\u00e1ctica y eficiente, esta es una excelente opci\u00f3n.<\/p>\n<hr data-start=\"763\" data-end=\"766\" \/>\n<h4 data-start=\"768\" data-end=\"802\">\u2b50 Caracter\u00edsticas principales:<\/h4>\n<p data-start=\"804\" data-end=\"938\">\ud83d\udd0b <strong data-start=\"807\" data-end=\"830\">Dise\u00f1o inal\u00e1mbrico:<\/strong><br data-start=\"830\" data-end=\"833\" \/>Funciona con bater\u00eda de litio recargable, sin cables, brindando mayor comodidad y libertad de movimiento.<\/p>\n<p data-start=\"940\" data-end=\"1070\">\ud83d\udee1 <strong data-start=\"943\" data-end=\"979\">Cubierta de protecci\u00f3n met\u00e1lica:<\/strong><br data-start=\"979\" data-end=\"982\" \/>Reduce eficazmente las salpicaduras, protegiendo ojos y piel para un trabajo m\u00e1s seguro.<\/p>\n<p data-start=\"1072\" data-end=\"1168\"><strong data-start=\"1074\" data-end=\"1095\">Mango ergon\u00f3mico:<\/strong><br data-start=\"1095\" data-end=\"1098\" \/>Dise\u00f1o c\u00f3modo que reduce la fatiga y permite un agarre firme y seguro.<\/p>\n<p data-start=\"1170\" data-end=\"1275\">\u2699\ufe0f <strong data-start=\"1173\" data-end=\"1196\">Uso multifuncional:<\/strong><br data-start=\"1196\" data-end=\"1199\" \/>Ideal para pulir, moler y cortar cer\u00e1mica, madera, pl\u00e1stico, piedra y acero.<\/p>\n<p data-start=\"1277\" data-end=\"1412\">\ud83c\udf2c <strong data-start=\"1280\" data-end=\"1315\">Sistema de disipaci\u00f3n de calor:<\/strong><br data-start=\"1315\" data-end=\"1318\" \/>Orificios de ventilaci\u00f3n que evitan el sobrecalentamiento y prolongan la vida \u00fatil del equipo.<\/p>\n<hr data-start=\"1414\" data-end=\"1417\" \/>\n<h4 data-start=\"1419\" data-end=\"1452\">Especificaciones t\u00e9cnicas:<\/h4>\n<ul data-start=\"1454\" data-end=\"1692\">\n<li data-start=\"1454\" data-end=\"1479\">\n<p data-start=\"1456\" data-end=\"1479\">Material: ABS + metal<\/p>\n<\/li>\n<li data-start=\"1480\" data-end=\"1508\">\n<p data-start=\"1482\" data-end=\"1508\">Tensi\u00f3n nominal: <strong data-start=\"1499\" data-end=\"1506\">12V<\/strong><\/p>\n<\/li>\n<li data-start=\"1509\" data-end=\"1538\">\n<p data-start=\"1511\" data-end=\"1538\">Velocidad: <strong data-start=\"1522\" data-end=\"1536\">19.500 RPM<\/strong><\/p>\n<\/li>\n<li data-start=\"1539\" data-end=\"1561\">\n<p data-start=\"1541\" data-end=\"1561\">Potencia: <strong data-start=\"1551\" data-end=\"1559\">500W<\/strong><\/p>\n<\/li>\n<li data-start=\"1562\" data-end=\"1595\">\n<p data-start=\"1564\" data-end=\"1595\">Di\u00e1metro del disco: <strong data-start=\"1584\" data-end=\"1593\">76 mm<\/strong><\/p>\n<\/li>\n<li data-start=\"1596\" data-end=\"1627\">\n<p data-start=\"1598\" data-end=\"1627\">Di\u00e1metro del eje: <strong data-start=\"1616\" data-end=\"1625\">10 mm<\/strong><\/p>\n<\/li>\n<li data-start=\"1628\" data-end=\"1659\">\n<p data-start=\"1630\" data-end=\"1659\">Bater\u00eda: <strong data-start=\"1639\" data-end=\"1657\">Litio 2000 mAh<\/strong><\/p>\n<\/li>\n<li data-start=\"1660\" data-end=\"1692\">\n<p data-start=\"1662\" data-end=\"1692\">Adaptador: <strong data-start=\"1673\" data-end=\"1692\">Enchufe europeo<\/strong><\/p>\n<\/li>\n<\/ul>\n<hr data-start=\"1694\" data-end=\"1697\" \/>\n<h4 data-start=\"1699\" data-end=\"1728\">\u00a0Contenido del paquete:<\/h4>\n<p data-start=\"1730\" data-end=\"1857\">\u2714\ufe0f 1 Mini Pulidora Inal\u00e1mbrica<br data-start=\"1760\" data-end=\"1763\" \/>\u2714\ufe0f 2 Discos<br data-start=\"1774\" data-end=\"1777\" \/>\u2714\ufe0f 2 Bater\u00edas<br data-start=\"1790\" data-end=\"1793\" \/>\u2714\ufe0f 1 Cargador<br data-start=\"1806\" data-end=\"1809\" \/>\u2714\ufe0f 1 Llave tipo L<br data-start=\"1826\" data-end=\"1829\" \/>\u2714\ufe0f 1 Manual de instrucciones<\/p>\n<hr data-start=\"1859\" data-end=\"1862\" \/>\n<p data-start=\"1864\" data-end=\"1980\">\ud83d\ude9a <strong data-start=\"1867\" data-end=\"1902\">Producto disponible en Colombia<\/strong><br data-start=\"1902\" data-end=\"1905\" \/>\ud83d\udcb0 Precios en <strong data-start=\"1919\" data-end=\"1946\">pesos colombianos (COP)<\/strong><br data-start=\"1946\" data-end=\"1949\" \/>\ud83d\udce6 Env\u00edos a nivel nacional colombia<\/p>\n","protected":false},"excerpt":{"rendered":"<p>Herramientas<\/p>\n","protected":false},"featured_media":8836,"comment_status":"open","ping_status":"closed","template":"","meta":{"_surecart_dashboard_logo_width":"180px","_surecart_dashboard_show_logo":true,"_surecart_dashboard_navigation_orders":true,"_surecart_dashboard_navigation_invoices":true,"_surecart_dashboard_navigation_subscriptions":true,"_surecart_dashboard_navigation_downloads":true,"_surecart_dashboard_navigation_billing":true,"_surecart_dashboard_navigation_account":true,"_uag_custom_page_level_css":"","site-sidebar-layout":"default","site-content-layout":"","ast-site-content-layout":"default","site-content-style":"default","site-sidebar-style":"default","ast-global-header-display":"","ast-banner-title-visibility":"","ast-main-header-display":"","ast-hfb-above-header-display":"","ast-hfb-below-header-display":"","ast-hfb-mobile-header-display":"","site-post-title":"","ast-breadcrumbs-content":"","ast-featured-img":"","footer-sml-layout":"","ast-disable-related-posts":"","theme-transparent-header-meta":"default","adv-header-id-meta":"","stick-header-meta":"","header-above-stick-meta":"","header-main-stick-meta":"","header-below-stick-meta":"","astra-migrate-meta-layouts":"set","ast-page-background-enabled":"default","ast-page-background-meta":{"desktop":{"background-color":"var(--ast-global-color-4)","background-image":"","background-repeat":"repeat","background-position":"center center","background-size":"auto","background-attachment":"scroll","background-type":"","background-media":"","overlay-type":"","overlay-color":"","overlay-opacity":"","overlay-gradient":""},"tablet":{"background-color":"","background-image":"","background-repeat":"repeat","background-position":"center center","background-size":"auto","background-attachment":"scroll","background-type":"","background-media":"","overlay-type":"","overlay-color":"","overlay-opacity":"","overlay-gradient":""},"mobile":{"background-color":"","background-image":"","background-repeat":"repeat","background-position":"center center","background-size":"auto","background-attachment":"scroll","background-type":"","background-media":"","overlay-type":"","overlay-color":"","overlay-opacity":"","overlay-gradient":""}},"ast-content-background-meta":{"desktop":{"background-color":"var(--ast-global-color-5)","background-image":"","background-repeat":"repeat","background-position":"center center","background-size":"auto","background-attachment":"scroll","background-type":"","background-media":"","overlay-type":"","overlay-color":"","overlay-opacity":"","overlay-gradient":""},"tablet":{"background-color":"var(--ast-global-color-5)","background-image":"","background-repeat":"repeat","background-position":"center center","background-size":"auto","background-attachment":"scroll","background-type":"","background-media":"","overlay-type":"","overlay-color":"","overlay-opacity":"","overlay-gradient":""},"mobile":{"background-color":"var(--ast-global-color-5)","background-image":"","background-repeat":"repeat","background-position":"center center","background-size":"auto","background-attachment":"scroll","background-type":"","background-media":"","overlay-type":"","overlay-color":"","overlay-opacity":"","overlay-gradient":""}}},"product_brand":[],"product_cat":[183],"product_tag":[],"class_list":{"0":"post-8825","1":"product","2":"type-product","3":"status-publish","4":"has-post-thumbnail","6":"product_cat-herramientas","7":"desktop-align-left","8":"tablet-align-left","9":"mobile-align-left","11":"first","12":"instock","13":"shipping-taxable","14":"purchasable","15":"product-type-simple"},"aioseo_notices":[],"uagb_featured_image_src":{"full":["https:\/\/tiendasdorado.online\/wp-content\/uploads\/2026\/01\/1747176368Diseno-sin-titulo-2025-05-13T174253.046.png",600,600,false],"thumbnail":["https:\/\/tiendasdorado.online\/wp-content\/uploads\/2026\/01\/1747176368Diseno-sin-titulo-2025-05-13T174253.046-150x150.png",150,150,true],"medium":["https:\/\/tiendasdorado.online\/wp-content\/uploads\/2026\/01\/1747176368Diseno-sin-titulo-2025-05-13T174253.046-300x300.png",300,300,true],"medium_large":["https:\/\/tiendasdorado.online\/wp-content\/uploads\/2026\/01\/1747176368Diseno-sin-titulo-2025-05-13T174253.046.png",600,600,false],"large":["https:\/\/tiendasdorado.online\/wp-content\/uploads\/2026\/01\/1747176368Diseno-sin-titulo-2025-05-13T174253.046.png",600,600,false],"1536x1536":["https:\/\/tiendasdorado.online\/wp-content\/uploads\/2026\/01\/1747176368Diseno-sin-titulo-2025-05-13T174253.046.png",600,600,false],"2048x2048":["https:\/\/tiendasdorado.online\/wp-content\/uploads\/2026\/01\/1747176368Diseno-sin-titulo-2025-05-13T174253.046.png",600,600,false],"woocommerce_thumbnail":["https:\/\/tiendasdorado.online\/wp-content\/uploads\/2026\/01\/1747176368Diseno-sin-titulo-2025-05-13T174253.046-300x300.png",300,300,true],"woocommerce_single":["https:\/\/tiendasdorado.online\/wp-content\/uploads\/2026\/01\/1747176368Diseno-sin-titulo-2025-05-13T174253.046.png",600,600,false],"woocommerce_gallery_thumbnail":["https:\/\/tiendasdorado.online\/wp-content\/uploads\/2026\/01\/1747176368Diseno-sin-titulo-2025-05-13T174253.046-100x100.png",100,100,true]},"uagb_author_info":{"display_name":"Crsitian Paguai","author_link":"https:\/\/tiendasdorado.online\/product-category\/catalogo\/author\/"},"uagb_comment_info":0,"uagb_excerpt":"Herramientas","_links":{"self":[{"href":"https:\/\/tiendasdorado.online\/product-category\/catalogo\/wp-json\/wp\/v2\/product\/8825","targetHints":{"allow":["GET"]}}],"collection":[{"href":"https:\/\/tiendasdorado.online\/product-category\/catalogo\/wp-json\/wp\/v2\/product"}],"about":[{"href":"https:\/\/tiendasdorado.online\/product-category\/catalogo\/wp-json\/wp\/v2\/types\/product"}],"replies":[{"embeddable":true,"href":"https:\/\/tiendasdorado.online\/product-category\/catalogo\/wp-json\/wp\/v2\/comments?post=8825"}],"wp:featuredmedia":[{"embeddable":true,"href":"https:\/\/tiendasdorado.online\/product-category\/catalogo\/wp-json\/wp\/v2\/media\/8836"}],"wp:attachment":[{"href":"https:\/\/tiendasdorado.online\/product-category\/catalogo\/wp-json\/wp\/v2\/media?parent=8825"}],"wp:term":[{"taxonomy":"product_brand","embeddable":true,"href":"https:\/\/tiendasdorado.online\/product-category\/catalogo\/wp-json\/wp\/v2\/product_brand?post=8825"},{"taxonomy":"product_cat","embeddable":true,"href":"https:\/\/tiendasdorado.online\/product-category\/catalogo\/wp-json\/wp\/v2\/product_cat?post=8825"},{"taxonomy":"product_tag","embeddable":true,"href":"https:\/\/tiendasdorado.online\/product-category\/catalogo\/wp-json\/wp\/v2\/product_tag?post=8825"}],"curies":[{"name":"wp","href":"https:\/\/api.w.org\/{rel}","templated":true}]}}