{"id":8807,"date":"2026-01-09T16:13:16","date_gmt":"2026-01-09T21:13:16","guid":{"rendered":"https:\/\/tiendasdorado.online\/product-category\/catalogo\/product\/mini-impresora-termica-bluetooth\/"},"modified":"2026-01-09T16:22:26","modified_gmt":"2026-01-09T21:22:26","slug":"mini-impresora-termica-bluetooth","status":"publish","type":"product","link":"https:\/\/tiendasdorado.online\/product-category\/catalogo\/product\/mini-impresora-termica-bluetooth\/","title":{"rendered":"Mini Impresora T\u00e9rmica Bluetooth"},"content":{"rendered":"<h5 data-start=\"282\" data-end=\"338\">Mini Impresora T\u00e9rmica Port\u00e1til Bluetooth \u2013 Sin Tinta<\/h5>\n<h5 data-start=\"340\" data-end=\"363\">Sobre el producto<\/h5>\n<p data-start=\"364\" data-end=\"686\">Esta mini impresora t\u00e9rmica port\u00e1til utiliza tecnolog\u00eda de impresi\u00f3n t\u00e9rmica, lo que permite imprimir <strong data-start=\"466\" data-end=\"488\">sin tinta ni t\u00f3ner<\/strong>. Solo necesitas colocar el rollo de papel t\u00e9rmico, conectar tu tel\u00e9fono m\u00f3vil mediante <strong data-start=\"576\" data-end=\"589\">Bluetooth<\/strong> y comenzar a imprimir im\u00e1genes, notas o textos en <strong data-start=\"640\" data-end=\"658\">blanco y negro<\/strong> de forma r\u00e1pida y sencilla.<\/p>\n<h5 data-start=\"688\" data-end=\"703\">Descripci\u00f3n<\/h5>\n<p data-start=\"705\" data-end=\"925\"><strong data-start=\"705\" data-end=\"736\">\ud83d\udda8\ufe0f Mini impresora port\u00e1til<\/strong><br data-start=\"736\" data-end=\"739\" \/>Compacta y ligera, con un tama\u00f1o aproximado de <strong data-start=\"786\" data-end=\"805\">11 \u00d7 8 \u00d7 3,5 cm<\/strong>, ideal para llevar a cualquier lugar. Compatible con rollos de papel t\u00e9rmico de <strong data-start=\"886\" data-end=\"924\">57 mm de ancho y 25 mm de di\u00e1metro<\/strong>.<\/p>\n<p data-start=\"927\" data-end=\"1133\"><strong data-start=\"927\" data-end=\"968\">\ud83d\udcf6 Conexi\u00f3n inal\u00e1mbrica Bluetooth 4.0<\/strong><br data-start=\"968\" data-end=\"971\" \/>Compatible con dispositivos <strong data-start=\"999\" data-end=\"1016\">iOS y Android<\/strong>. Se conecta f\u00e1cilmente mediante la aplicaci\u00f3n <strong data-start=\"1063\" data-end=\"1075\">FunPrint<\/strong>, que incluye m\u00faltiples plantillas y es muy f\u00e1cil de usar.<\/p>\n<p data-start=\"1135\" data-end=\"1373\"><strong data-start=\"1135\" data-end=\"1172\">\ud83d\udd0b Bater\u00eda recargable de 1000 mAh<\/strong><br data-start=\"1172\" data-end=\"1175\" \/>Equipada con un cabezal de impresi\u00f3n de alta calidad de <strong data-start=\"1231\" data-end=\"1242\">200 dpi<\/strong>, que ofrece impresiones claras y definidas. La bater\u00eda de ion-litio permite hasta <strong data-start=\"1325\" data-end=\"1353\">15 horas de uso continuo<\/strong> con una sola carga.<\/p>\n<p data-start=\"1375\" data-end=\"1743\"><strong data-start=\"1375\" data-end=\"1396\">\ud83c\udfeb M\u00faltiples usos<\/strong><br data-start=\"1396\" data-end=\"1399\" \/>Ideal para imprimir fotos en blanco y negro, notas, apuntes, listas de compras, planes de trabajo, etiquetas y m\u00e1s. Perfecta para el <strong data-start=\"1532\" data-end=\"1566\">hogar, la escuela y la oficina<\/strong>. Recomendada para estudiantes, ni\u00f1os, profesores y actividades de manualidades.<br data-start=\"1646\" data-end=\"1649\" \/><em data-start=\"1649\" data-end=\"1659\">Consejo:<\/em> Para evitar atascos, aseg\u00farate de colocar el papel correctamente antes de imprimir.<\/p>\n<p data-start=\"1745\" data-end=\"1935\"><strong data-start=\"1745\" data-end=\"1772\">\ud83c\udf92 F\u00e1cil de transportar<\/strong><br data-start=\"1772\" data-end=\"1775\" \/>Su dise\u00f1o elegante y tama\u00f1o de bolsillo permite llevarla c\u00f3modamente en el bolso o mochila. Conexi\u00f3n r\u00e1pida a smartphones iOS y Android en cuesti\u00f3n de segundos.<\/p>\n<p data-start=\"1937\" data-end=\"2136\"><strong data-start=\"1937\" data-end=\"1971\">\ud83d\udda4 Impresi\u00f3n t\u00e9rmica sin tinta<\/strong><br data-start=\"1971\" data-end=\"1974\" \/>Utiliza tecnolog\u00eda de calentamiento para generar im\u00e1genes sobre papel t\u00e9rmico, eliminando la necesidad de cartuchos de tinta y reduciendo costos de mantenimiento.<\/p>\n<p data-start=\"2138\" data-end=\"2243\"><strong data-start=\"2138\" data-end=\"2157\">\ud83c\udf81 Regalo ideal<\/strong><br data-start=\"2157\" data-end=\"2160\" \/>Una impresora de bolsillo multifuncional, perfecta como regalo pr\u00e1ctico y original<\/p>\n","protected":false},"excerpt":{"rendered":"<p>Tecnolog\u00eda y electrodomesticos<\/p>\n","protected":false},"featured_media":8806,"comment_status":"open","ping_status":"closed","template":"","meta":{"_surecart_dashboard_logo_width":"180px","_surecart_dashboard_show_logo":true,"_surecart_dashboard_navigation_orders":true,"_surecart_dashboard_navigation_invoices":true,"_surecart_dashboard_navigation_subscriptions":true,"_surecart_dashboard_navigation_downloads":true,"_surecart_dashboard_navigation_billing":true,"_surecart_dashboard_navigation_account":true,"_uag_custom_page_level_css":"","site-sidebar-layout":"default","site-content-layout":"","ast-site-content-layout":"default","site-content-style":"default","site-sidebar-style":"default","ast-global-header-display":"","ast-banner-title-visibility":"","ast-main-header-display":"","ast-hfb-above-header-display":"","ast-hfb-below-header-display":"","ast-hfb-mobile-header-display":"","site-post-title":"","ast-breadcrumbs-content":"","ast-featured-img":"","footer-sml-layout":"","ast-disable-related-posts":"","theme-transparent-header-meta":"default","adv-header-id-meta":"","stick-header-meta":"","header-above-stick-meta":"","header-main-stick-meta":"","header-below-stick-meta":"","astra-migrate-meta-layouts":"set","ast-page-background-enabled":"default","ast-page-background-meta":{"desktop":{"background-color":"var(--ast-global-color-4)","background-image":"","background-repeat":"repeat","background-position":"center center","background-size":"auto","background-attachment":"scroll","background-type":"","background-media":"","overlay-type":"","overlay-color":"","overlay-opacity":"","overlay-gradient":""},"tablet":{"background-color":"","background-image":"","background-repeat":"repeat","background-position":"center center","background-size":"auto","background-attachment":"scroll","background-type":"","background-media":"","overlay-type":"","overlay-color":"","overlay-opacity":"","overlay-gradient":""},"mobile":{"background-color":"","background-image":"","background-repeat":"repeat","background-position":"center center","background-size":"auto","background-attachment":"scroll","background-type":"","background-media":"","overlay-type":"","overlay-color":"","overlay-opacity":"","overlay-gradient":""}},"ast-content-background-meta":{"desktop":{"background-color":"var(--ast-global-color-5)","background-image":"","background-repeat":"repeat","background-position":"center center","background-size":"auto","background-attachment":"scroll","background-type":"","background-media":"","overlay-type":"","overlay-color":"","overlay-opacity":"","overlay-gradient":""},"tablet":{"background-color":"var(--ast-global-color-5)","background-image":"","background-repeat":"repeat","background-position":"center center","background-size":"auto","background-attachment":"scroll","background-type":"","background-media":"","overlay-type":"","overlay-color":"","overlay-opacity":"","overlay-gradient":""},"mobile":{"background-color":"var(--ast-global-color-5)","background-image":"","background-repeat":"repeat","background-position":"center center","background-size":"auto","background-attachment":"scroll","background-type":"","background-media":"","overlay-type":"","overlay-color":"","overlay-opacity":"","overlay-gradient":""}}},"product_brand":[],"product_cat":[60,56],"product_tag":[],"class_list":{"0":"post-8807","1":"product","2":"type-product","3":"status-publish","4":"has-post-thumbnail","6":"product_cat-jugueteria","7":"product_cat-tecnologia","8":"desktop-align-left","9":"tablet-align-left","10":"mobile-align-left","12":"first","13":"instock","14":"shipping-taxable","15":"purchasable","16":"product-type-simple"},"aioseo_notices":[],"uagb_featured_image_src":{"full":["https:\/\/tiendasdorado.online\/wp-content\/uploads\/2026\/01\/productImage-1727117438370.png",1080,1080,false],"thumbnail":["https:\/\/tiendasdorado.online\/wp-content\/uploads\/2026\/01\/productImage-1727117438370-150x150.png",150,150,true],"medium":["https:\/\/tiendasdorado.online\/wp-content\/uploads\/2026\/01\/productImage-1727117438370-300x300.png",300,300,true],"medium_large":["https:\/\/tiendasdorado.online\/wp-content\/uploads\/2026\/01\/productImage-1727117438370-768x768.png",768,768,true],"large":["https:\/\/tiendasdorado.online\/wp-content\/uploads\/2026\/01\/productImage-1727117438370-1024x1024.png",1024,1024,true],"1536x1536":["https:\/\/tiendasdorado.online\/wp-content\/uploads\/2026\/01\/productImage-1727117438370.png",1080,1080,false],"2048x2048":["https:\/\/tiendasdorado.online\/wp-content\/uploads\/2026\/01\/productImage-1727117438370.png",1080,1080,false],"woocommerce_thumbnail":["https:\/\/tiendasdorado.online\/wp-content\/uploads\/2026\/01\/productImage-1727117438370-300x300.png",300,300,true],"woocommerce_single":["https:\/\/tiendasdorado.online\/wp-content\/uploads\/2026\/01\/productImage-1727117438370-600x600.png",600,600,true],"woocommerce_gallery_thumbnail":["https:\/\/tiendasdorado.online\/wp-content\/uploads\/2026\/01\/productImage-1727117438370-100x100.png",100,100,true]},"uagb_author_info":{"display_name":"Crsitian Paguai","author_link":"https:\/\/tiendasdorado.online\/product-category\/catalogo\/author\/"},"uagb_comment_info":0,"uagb_excerpt":"Tecnolog\u00eda y electrodomesticos","_links":{"self":[{"href":"https:\/\/tiendasdorado.online\/product-category\/catalogo\/wp-json\/wp\/v2\/product\/8807","targetHints":{"allow":["GET"]}}],"collection":[{"href":"https:\/\/tiendasdorado.online\/product-category\/catalogo\/wp-json\/wp\/v2\/product"}],"about":[{"href":"https:\/\/tiendasdorado.online\/product-category\/catalogo\/wp-json\/wp\/v2\/types\/product"}],"replies":[{"embeddable":true,"href":"https:\/\/tiendasdorado.online\/product-category\/catalogo\/wp-json\/wp\/v2\/comments?post=8807"}],"wp:featuredmedia":[{"embeddable":true,"href":"https:\/\/tiendasdorado.online\/product-category\/catalogo\/wp-json\/wp\/v2\/media\/8806"}],"wp:attachment":[{"href":"https:\/\/tiendasdorado.online\/product-category\/catalogo\/wp-json\/wp\/v2\/media?parent=8807"}],"wp:term":[{"taxonomy":"product_brand","embeddable":true,"href":"https:\/\/tiendasdorado.online\/product-category\/catalogo\/wp-json\/wp\/v2\/product_brand?post=8807"},{"taxonomy":"product_cat","embeddable":true,"href":"https:\/\/tiendasdorado.online\/product-category\/catalogo\/wp-json\/wp\/v2\/product_cat?post=8807"},{"taxonomy":"product_tag","embeddable":true,"href":"https:\/\/tiendasdorado.online\/product-category\/catalogo\/wp-json\/wp\/v2\/product_tag?post=8807"}],"curies":[{"name":"wp","href":"https:\/\/api.w.org\/{rel}","templated":true}]}}