{"id":8750,"date":"2026-01-08T21:05:34","date_gmt":"2026-01-08T21:05:34","guid":{"rendered":"https:\/\/tiendasdorado.online\/product-category\/catalogo\/product\/combo-realce-8\/"},"modified":"2026-01-08T21:22:09","modified_gmt":"2026-01-08T21:22:09","slug":"combo-realce-8","status":"publish","type":"product","link":"https:\/\/tiendasdorado.online\/product-category\/catalogo\/product\/combo-realce-8\/","title":{"rendered":"Combo Realce"},"content":{"rendered":"<p data-start=\"119\" data-end=\"261\"><strong>Este conjunto modelador beige est\u00e1 compuesto por tres prendas dise\u00f1adas para brindar control, comodidad y una silueta naturalmente armoniosa \u2728<\/strong><\/p>\n<p data-start=\"263\" data-end=\"378\"><strong>Incluye:<\/strong><br data-start=\"271\" data-end=\"274\" \/>\u2022 Short modelador Beige (Ref. 2611)<br data-start=\"309\" data-end=\"312\" \/>\u2022 Medias de compresi\u00f3n Beige (Ref. 2655)<br data-start=\"352\" data-end=\"355\" \/>\u2022 Top Beige (Ref. 2649)<\/p>\n<p data-start=\"380\" data-end=\"655\"><strong>El short modelador<\/strong> 2611 ofrece mayor cubrimiento desde el abdomen medio hasta las rodillas \ud83e\udd0d Cuenta con doble refuerzo abdominal en powernet que controla y moldea el abdomen alto, medio y bajo, as\u00ed como la cintura, ayudando a definir la figura con un ajuste c\u00f3modo y seguro.<\/p>\n<p data-start=\"657\" data-end=\"882\"><strong>Su dise\u00f1o<\/strong> permite un aumento natural de gl\u00fateos \ud83c\udf51 realzando la silueta de forma discreta. Incorpora blonda siliconada en el abdomen y en la pierna, evitando marcas en la piel y <strong>garantizando una mejor sujeci\u00f3n durante el uso.<\/strong><\/p>\n<p data-start=\"884\" data-end=\"958\"><strong>Disponible<\/strong> en tallas desde la XS hasta la 4XL, en colores negro y beige \ud83c\udfa8<\/p>\n<p data-start=\"960\" data-end=\"1118\"><strong>Elaborado<\/strong> en tela powernet de alta compresi\u00f3n y lycra nylon con tecnolog\u00eda avanzada, ofrece excelente comodidad, transpiraci\u00f3n y soporte para el uso diario \ud83c\udf3f<\/p>\n","protected":false},"excerpt":{"rendered":"<p>Moda<\/p>\n","protected":false},"featured_media":8749,"comment_status":"open","ping_status":"closed","template":"","meta":{"_surecart_dashboard_logo_width":"180px","_surecart_dashboard_show_logo":true,"_surecart_dashboard_navigation_orders":true,"_surecart_dashboard_navigation_invoices":true,"_surecart_dashboard_navigation_subscriptions":true,"_surecart_dashboard_navigation_downloads":true,"_surecart_dashboard_navigation_billing":true,"_surecart_dashboard_navigation_account":true,"_uag_custom_page_level_css":"","site-sidebar-layout":"default","site-content-layout":"","ast-site-content-layout":"default","site-content-style":"default","site-sidebar-style":"default","ast-global-header-display":"","ast-banner-title-visibility":"","ast-main-header-display":"","ast-hfb-above-header-display":"","ast-hfb-below-header-display":"","ast-hfb-mobile-header-display":"","site-post-title":"","ast-breadcrumbs-content":"","ast-featured-img":"","footer-sml-layout":"","ast-disable-related-posts":"","theme-transparent-header-meta":"default","adv-header-id-meta":"","stick-header-meta":"","header-above-stick-meta":"","header-main-stick-meta":"","header-below-stick-meta":"","astra-migrate-meta-layouts":"set","ast-page-background-enabled":"default","ast-page-background-meta":{"desktop":{"background-color":"var(--ast-global-color-4)","background-image":"","background-repeat":"repeat","background-position":"center center","background-size":"auto","background-attachment":"scroll","background-type":"","background-media":"","overlay-type":"","overlay-color":"","overlay-opacity":"","overlay-gradient":""},"tablet":{"background-color":"","background-image":"","background-repeat":"repeat","background-position":"center center","background-size":"auto","background-attachment":"scroll","background-type":"","background-media":"","overlay-type":"","overlay-color":"","overlay-opacity":"","overlay-gradient":""},"mobile":{"background-color":"","background-image":"","background-repeat":"repeat","background-position":"center center","background-size":"auto","background-attachment":"scroll","background-type":"","background-media":"","overlay-type":"","overlay-color":"","overlay-opacity":"","overlay-gradient":""}},"ast-content-background-meta":{"desktop":{"background-color":"var(--ast-global-color-5)","background-image":"","background-repeat":"repeat","background-position":"center center","background-size":"auto","background-attachment":"scroll","background-type":"","background-media":"","overlay-type":"","overlay-color":"","overlay-opacity":"","overlay-gradient":""},"tablet":{"background-color":"var(--ast-global-color-5)","background-image":"","background-repeat":"repeat","background-position":"center center","background-size":"auto","background-attachment":"scroll","background-type":"","background-media":"","overlay-type":"","overlay-color":"","overlay-opacity":"","overlay-gradient":""},"mobile":{"background-color":"var(--ast-global-color-5)","background-image":"","background-repeat":"repeat","background-position":"center center","background-size":"auto","background-attachment":"scroll","background-type":"","background-media":"","overlay-type":"","overlay-color":"","overlay-opacity":"","overlay-gradient":""}}},"product_brand":[],"product_cat":[115,116],"product_tag":[],"class_list":{"0":"post-8750","1":"product","2":"type-product","3":"status-publish","4":"has-post-thumbnail","6":"product_cat-moda-2","7":"product_cat-ropa","8":"desktop-align-left","9":"tablet-align-left","10":"mobile-align-left","12":"first","13":"instock","14":"shipping-taxable","15":"purchasable","16":"product-type-variable"},"aioseo_notices":[],"uagb_featured_image_src":{"full":["https:\/\/tiendasdorado.online\/wp-content\/uploads\/2026\/01\/productImage-1726496046153-7.png",675,671,false],"thumbnail":["https:\/\/tiendasdorado.online\/wp-content\/uploads\/2026\/01\/productImage-1726496046153-7-150x150.png",150,150,true],"medium":["https:\/\/tiendasdorado.online\/wp-content\/uploads\/2026\/01\/productImage-1726496046153-7-300x298.png",300,298,true],"medium_large":["https:\/\/tiendasdorado.online\/wp-content\/uploads\/2026\/01\/productImage-1726496046153-7.png",675,671,false],"large":["https:\/\/tiendasdorado.online\/wp-content\/uploads\/2026\/01\/productImage-1726496046153-7.png",675,671,false],"1536x1536":["https:\/\/tiendasdorado.online\/wp-content\/uploads\/2026\/01\/productImage-1726496046153-7.png",675,671,false],"2048x2048":["https:\/\/tiendasdorado.online\/wp-content\/uploads\/2026\/01\/productImage-1726496046153-7.png",675,671,false],"woocommerce_thumbnail":["https:\/\/tiendasdorado.online\/wp-content\/uploads\/2026\/01\/productImage-1726496046153-7-300x300.png",300,300,true],"woocommerce_single":["https:\/\/tiendasdorado.online\/wp-content\/uploads\/2026\/01\/productImage-1726496046153-7-600x596.png",600,596,true],"woocommerce_gallery_thumbnail":["https:\/\/tiendasdorado.online\/wp-content\/uploads\/2026\/01\/productImage-1726496046153-7-100x100.png",100,100,true]},"uagb_author_info":{"display_name":"Crsitian Paguai","author_link":"https:\/\/tiendasdorado.online\/product-category\/catalogo\/author\/"},"uagb_comment_info":0,"uagb_excerpt":"Moda","_links":{"self":[{"href":"https:\/\/tiendasdorado.online\/product-category\/catalogo\/wp-json\/wp\/v2\/product\/8750","targetHints":{"allow":["GET"]}}],"collection":[{"href":"https:\/\/tiendasdorado.online\/product-category\/catalogo\/wp-json\/wp\/v2\/product"}],"about":[{"href":"https:\/\/tiendasdorado.online\/product-category\/catalogo\/wp-json\/wp\/v2\/types\/product"}],"replies":[{"embeddable":true,"href":"https:\/\/tiendasdorado.online\/product-category\/catalogo\/wp-json\/wp\/v2\/comments?post=8750"}],"wp:featuredmedia":[{"embeddable":true,"href":"https:\/\/tiendasdorado.online\/product-category\/catalogo\/wp-json\/wp\/v2\/media\/8749"}],"wp:attachment":[{"href":"https:\/\/tiendasdorado.online\/product-category\/catalogo\/wp-json\/wp\/v2\/media?parent=8750"}],"wp:term":[{"taxonomy":"product_brand","embeddable":true,"href":"https:\/\/tiendasdorado.online\/product-category\/catalogo\/wp-json\/wp\/v2\/product_brand?post=8750"},{"taxonomy":"product_cat","embeddable":true,"href":"https:\/\/tiendasdorado.online\/product-category\/catalogo\/wp-json\/wp\/v2\/product_cat?post=8750"},{"taxonomy":"product_tag","embeddable":true,"href":"https:\/\/tiendasdorado.online\/product-category\/catalogo\/wp-json\/wp\/v2\/product_tag?post=8750"}],"curies":[{"name":"wp","href":"https:\/\/api.w.org\/{rel}","templated":true}]}}