{"id":8387,"date":"2025-12-31T23:42:45","date_gmt":"2025-12-31T23:42:45","guid":{"rendered":"https:\/\/tiendasdorado.online\/product-category\/catalogo\/product\/destapador-de-vino-electrico\/"},"modified":"2025-12-31T23:46:54","modified_gmt":"2025-12-31T23:46:54","slug":"destapador-de-vino-electrico","status":"publish","type":"product","link":"https:\/\/tiendasdorado.online\/product-category\/catalogo\/product\/destapador-de-vino-electrico\/","title":{"rendered":"DESTAPADOR DE VINO ELECTRICO"},"content":{"rendered":"<p data-start=\"115\" data-end=\"155\"><strong>\ud83c\udf77 SET SACACORCHOS EL\u00c9CTRICO INAL\u00c1MBRICO<\/strong><\/p>\n<p data-start=\"157\" data-end=\"173\">CARACTER\u00cdSTICAS:<\/p>\n<ul data-start=\"174\" data-end=\"460\">\n<li data-start=\"174\" data-end=\"255\">\n<p data-start=\"176\" data-end=\"255\">\ud83c\udf77 Sacacorchos el\u00e9ctrico inal\u00e1mbrico que retira el corcho en <strong data-start=\"237\" data-end=\"255\">6 a 8 segundos<\/strong><\/p>\n<\/li>\n<li data-start=\"256\" data-end=\"325\">\n<p data-start=\"258\" data-end=\"325\">\u2702\ufe0f Cortador de papel de aluminio para retirar f\u00e1cilmente los sellos<\/p>\n<\/li>\n<li data-start=\"326\" data-end=\"395\">\n<p data-start=\"328\" data-end=\"395\">\ud83d\udd12 Tap\u00f3n al vac\u00edo para una mejor conservaci\u00f3n y protecci\u00f3n del vino<\/p>\n<\/li>\n<li data-start=\"396\" data-end=\"460\">\n<p data-start=\"398\" data-end=\"460\">\ud83c\udf7e Vertedor de vino para servir de forma c\u00f3moda y sin derrames<\/p>\n<\/li>\n<\/ul>\n<p data-start=\"462\" data-end=\"479\"><strong>ESPECIFICACIONES:<\/strong><\/p>\n<ul data-start=\"480\" data-end=\"618\">\n<li data-start=\"480\" data-end=\"531\">\n<p data-start=\"482\" data-end=\"531\">\ud83d\udd0b Alimentaci\u00f3n: <strong data-start=\"499\" data-end=\"516\">4 bater\u00edas AA<\/strong> (no incluidas)<\/p>\n<\/li>\n<li data-start=\"532\" data-end=\"618\">\n<p data-start=\"534\" data-end=\"618\">\ud83c\udf77 Capacidad: puede abrir hasta <strong data-start=\"566\" data-end=\"582\">150 botellas<\/strong> con bater\u00edas completamente cargadas<\/p>\n<\/li>\n<\/ul>\n<p data-start=\"620\" data-end=\"645\"><strong>\ud83d\udce6 CONTENIDO DEL PAQUETE:<\/strong><\/p>\n<ul data-start=\"646\" data-end=\"795\">\n<li data-start=\"646\" data-end=\"677\">\n<p data-start=\"648\" data-end=\"677\">1 abridor de vino el\u00e9ctrico<\/p>\n<\/li>\n<li data-start=\"678\" data-end=\"708\">\n<p data-start=\"680\" data-end=\"708\">1 tap\u00f3n al vac\u00edo para vino<\/p>\n<\/li>\n<li data-start=\"709\" data-end=\"731\">\n<p data-start=\"711\" data-end=\"731\">1 vertedor de vino<\/p>\n<\/li>\n<li data-start=\"732\" data-end=\"758\">\n<p data-start=\"734\" data-end=\"758\">1 cortador de aluminio<\/p>\n<\/li>\n<li data-start=\"759\" data-end=\"795\">\n<p data-start=\"761\" data-end=\"795\">\ud83d\udcd8 1 manual de usuario en ingl\u00e9s<\/p>\n<\/li>\n<\/ul>\n<p data-start=\"797\" data-end=\"847\" data-is-last-node=\"\" data-is-only-node=\"\"><strong>Ideal para el hogar, reuniones y como regalo \ud83c\udf81\ud83c\udf77<\/strong><\/p>\n","protected":false},"excerpt":{"rendered":"<p>Herramientas<\/p>\n","protected":false},"featured_media":8390,"comment_status":"open","ping_status":"closed","template":"","meta":{"_surecart_dashboard_logo_width":"180px","_surecart_dashboard_show_logo":true,"_surecart_dashboard_navigation_orders":true,"_surecart_dashboard_navigation_invoices":true,"_surecart_dashboard_navigation_subscriptions":true,"_surecart_dashboard_navigation_downloads":true,"_surecart_dashboard_navigation_billing":true,"_surecart_dashboard_navigation_account":true,"_uag_custom_page_level_css":"","site-sidebar-layout":"default","site-content-layout":"","ast-site-content-layout":"default","site-content-style":"default","site-sidebar-style":"default","ast-global-header-display":"","ast-banner-title-visibility":"","ast-main-header-display":"","ast-hfb-above-header-display":"","ast-hfb-below-header-display":"","ast-hfb-mobile-header-display":"","site-post-title":"","ast-breadcrumbs-content":"","ast-featured-img":"","footer-sml-layout":"","ast-disable-related-posts":"","theme-transparent-header-meta":"default","adv-header-id-meta":"","stick-header-meta":"","header-above-stick-meta":"","header-main-stick-meta":"","header-below-stick-meta":"","astra-migrate-meta-layouts":"set","ast-page-background-enabled":"default","ast-page-background-meta":{"desktop":{"background-color":"var(--ast-global-color-4)","background-image":"","background-repeat":"repeat","background-position":"center center","background-size":"auto","background-attachment":"scroll","background-type":"","background-media":"","overlay-type":"","overlay-color":"","overlay-opacity":"","overlay-gradient":""},"tablet":{"background-color":"","background-image":"","background-repeat":"repeat","background-position":"center center","background-size":"auto","background-attachment":"scroll","background-type":"","background-media":"","overlay-type":"","overlay-color":"","overlay-opacity":"","overlay-gradient":""},"mobile":{"background-color":"","background-image":"","background-repeat":"repeat","background-position":"center center","background-size":"auto","background-attachment":"scroll","background-type":"","background-media":"","overlay-type":"","overlay-color":"","overlay-opacity":"","overlay-gradient":""}},"ast-content-background-meta":{"desktop":{"background-color":"var(--ast-global-color-5)","background-image":"","background-repeat":"repeat","background-position":"center center","background-size":"auto","background-attachment":"scroll","background-type":"","background-media":"","overlay-type":"","overlay-color":"","overlay-opacity":"","overlay-gradient":""},"tablet":{"background-color":"var(--ast-global-color-5)","background-image":"","background-repeat":"repeat","background-position":"center center","background-size":"auto","background-attachment":"scroll","background-type":"","background-media":"","overlay-type":"","overlay-color":"","overlay-opacity":"","overlay-gradient":""},"mobile":{"background-color":"var(--ast-global-color-5)","background-image":"","background-repeat":"repeat","background-position":"center center","background-size":"auto","background-attachment":"scroll","background-type":"","background-media":"","overlay-type":"","overlay-color":"","overlay-opacity":"","overlay-gradient":""}}},"product_brand":[],"product_cat":[183,56],"product_tag":[],"class_list":{"0":"post-8387","1":"product","2":"type-product","3":"status-publish","4":"has-post-thumbnail","6":"product_cat-herramientas","7":"product_cat-tecnologia","8":"desktop-align-left","9":"tablet-align-left","10":"mobile-align-left","12":"first","13":"instock","14":"shipping-taxable","15":"purchasable","16":"product-type-simple"},"aioseo_notices":[],"uagb_featured_image_src":{"full":["https:\/\/tiendasdorado.online\/wp-content\/uploads\/2025\/12\/1752090344sacacorchos-abridor-electrico-botella-vino-vertedor-tapon.webp",1000,1000,false],"thumbnail":["https:\/\/tiendasdorado.online\/wp-content\/uploads\/2025\/12\/1752090344sacacorchos-abridor-electrico-botella-vino-vertedor-tapon-150x150.webp",150,150,true],"medium":["https:\/\/tiendasdorado.online\/wp-content\/uploads\/2025\/12\/1752090344sacacorchos-abridor-electrico-botella-vino-vertedor-tapon-300x300.webp",300,300,true],"medium_large":["https:\/\/tiendasdorado.online\/wp-content\/uploads\/2025\/12\/1752090344sacacorchos-abridor-electrico-botella-vino-vertedor-tapon-768x768.webp",768,768,true],"large":["https:\/\/tiendasdorado.online\/wp-content\/uploads\/2025\/12\/1752090344sacacorchos-abridor-electrico-botella-vino-vertedor-tapon.webp",1000,1000,false],"1536x1536":["https:\/\/tiendasdorado.online\/wp-content\/uploads\/2025\/12\/1752090344sacacorchos-abridor-electrico-botella-vino-vertedor-tapon.webp",1000,1000,false],"2048x2048":["https:\/\/tiendasdorado.online\/wp-content\/uploads\/2025\/12\/1752090344sacacorchos-abridor-electrico-botella-vino-vertedor-tapon.webp",1000,1000,false],"woocommerce_thumbnail":["https:\/\/tiendasdorado.online\/wp-content\/uploads\/2025\/12\/1752090344sacacorchos-abridor-electrico-botella-vino-vertedor-tapon-300x300.webp",300,300,true],"woocommerce_single":["https:\/\/tiendasdorado.online\/wp-content\/uploads\/2025\/12\/1752090344sacacorchos-abridor-electrico-botella-vino-vertedor-tapon-600x600.webp",600,600,true],"woocommerce_gallery_thumbnail":["https:\/\/tiendasdorado.online\/wp-content\/uploads\/2025\/12\/1752090344sacacorchos-abridor-electrico-botella-vino-vertedor-tapon-100x100.webp",100,100,true]},"uagb_author_info":{"display_name":"Crsitian Paguai","author_link":"https:\/\/tiendasdorado.online\/product-category\/catalogo\/author\/"},"uagb_comment_info":0,"uagb_excerpt":"Herramientas","_links":{"self":[{"href":"https:\/\/tiendasdorado.online\/product-category\/catalogo\/wp-json\/wp\/v2\/product\/8387","targetHints":{"allow":["GET"]}}],"collection":[{"href":"https:\/\/tiendasdorado.online\/product-category\/catalogo\/wp-json\/wp\/v2\/product"}],"about":[{"href":"https:\/\/tiendasdorado.online\/product-category\/catalogo\/wp-json\/wp\/v2\/types\/product"}],"replies":[{"embeddable":true,"href":"https:\/\/tiendasdorado.online\/product-category\/catalogo\/wp-json\/wp\/v2\/comments?post=8387"}],"wp:featuredmedia":[{"embeddable":true,"href":"https:\/\/tiendasdorado.online\/product-category\/catalogo\/wp-json\/wp\/v2\/media\/8390"}],"wp:attachment":[{"href":"https:\/\/tiendasdorado.online\/product-category\/catalogo\/wp-json\/wp\/v2\/media?parent=8387"}],"wp:term":[{"taxonomy":"product_brand","embeddable":true,"href":"https:\/\/tiendasdorado.online\/product-category\/catalogo\/wp-json\/wp\/v2\/product_brand?post=8387"},{"taxonomy":"product_cat","embeddable":true,"href":"https:\/\/tiendasdorado.online\/product-category\/catalogo\/wp-json\/wp\/v2\/product_cat?post=8387"},{"taxonomy":"product_tag","embeddable":true,"href":"https:\/\/tiendasdorado.online\/product-category\/catalogo\/wp-json\/wp\/v2\/product_tag?post=8387"}],"curies":[{"name":"wp","href":"https:\/\/api.w.org\/{rel}","templated":true}]}}