{"id":8367,"date":"2025-12-31T23:17:27","date_gmt":"2025-12-31T23:17:27","guid":{"rendered":"https:\/\/tiendasdorado.online\/product-category\/catalogo\/product\/juego-de-copa-rache-de-12-piezas\/"},"modified":"2025-12-31T23:24:02","modified_gmt":"2025-12-31T23:24:02","slug":"juego-de-copa-rache-de-12-piezas","status":"publish","type":"product","link":"https:\/\/tiendasdorado.online\/product-category\/catalogo\/product\/juego-de-copa-rache-de-12-piezas\/","title":{"rendered":"juego de copa rache de 12 piezas"},"content":{"rendered":"<p><strong>\ud83d\udd27 RATCHET DE 12 PCS<\/strong><\/p>\n<p>Juego de copas con ratchet de fuerza 12 piezas, fabricado en acero cromo vanadio (Cr-V), ideal para trabajos exigentes y de uso profesional.<\/p>\n<p><strong>CARACTER\u00cdSTICAS:<\/strong><\/p>\n<p>\ud83d\udee0\ufe0f Material de fabricaci\u00f3n: Acero cromo vanadio (Cr-V)<\/p>\n<p>\ud83d\udd29 Incluye 10 copas hexagonales cuadrante de 1\/2&#8243;<\/p>\n<p>\u2699\ufe0f Ratchet de fuerza con desacople r\u00e1pido cuadrante de 1\/2&#8243;<\/p>\n<p>\ud83d\udccf Extensor de 5&#8243; cuadrante de 1\/2&#8243;<\/p>\n<p>\ud83e\uddf0 Incluye estuche de transporte<\/p>\n<p>\ud83d\udcaa Dise\u00f1o macizo, duradero e innovador<\/p>\n<p>\ud83d\udd01 Interruptor de avance y retroceso<\/p>\n<p>\u270b Agarre c\u00f3modo de dos tonos<\/p>\n<p>\ud83d\udd18 Bot\u00f3n de liberaci\u00f3n r\u00e1pida<\/p>\n<p>\ud83d\udd12 Eje extensible con sistema de bloqueo<\/p>\n<p><strong>TAMA\u00d1OS DE COPAS:<\/strong><br \/>\n8 mm, 10 mm, 11 mm, 12 mm, 13 mm, 14 mm, 15 mm, 17 mm, 21 mm y 24 mm<\/p>\n<p><strong>ESPECIFICACIONES:<\/strong><\/p>\n<p>\ud83d\udcd0 Longitud del ratchet: 155 mm<\/p>\n<p>\u2699\ufe0f Cuadrante: 1\/2&#8243;<\/p>\n<p><strong>USO RECOMENDADO:<\/strong><br \/>\nIdeal para talleres \ud83d\udd29, mec\u00e1nica automotriz \ud83d\ude97, metalmec\u00e1nica, carpinter\u00eda \ud83e\udeb5, construcci\u00f3n \ud83c\udfd7\ufe0f, bricolaje y aficionados.<\/p>\n","protected":false},"excerpt":{"rendered":"<p>\ud83d\udd27 RATCHET DE 12 PCS Juego de copas con ratchet de fuerza 12 piezas, fabricado en acero cromo vanadio (Cr-V), ideal para trabajos exigentes y de uso profesional. CARACTER\u00cdSTICAS: \ud83d\udee0\ufe0f Material de fabricaci\u00f3n: Acero cromo vanadio (Cr-V) \ud83d\udd29 Incluye 10 copas hexagonales cuadrante de 1\/2&#8243; \u2699\ufe0f Ratchet de fuerza con desacople r\u00e1pido cuadrante de 1\/2&#8243; [&hellip;]<\/p>\n","protected":false},"featured_media":8373,"comment_status":"open","ping_status":"closed","template":"","meta":{"_surecart_dashboard_logo_width":"180px","_surecart_dashboard_show_logo":true,"_surecart_dashboard_navigation_orders":true,"_surecart_dashboard_navigation_invoices":true,"_surecart_dashboard_navigation_subscriptions":true,"_surecart_dashboard_navigation_downloads":true,"_surecart_dashboard_navigation_billing":true,"_surecart_dashboard_navigation_account":true,"_uag_custom_page_level_css":"","site-sidebar-layout":"default","site-content-layout":"","ast-site-content-layout":"default","site-content-style":"default","site-sidebar-style":"default","ast-global-header-display":"","ast-banner-title-visibility":"","ast-main-header-display":"","ast-hfb-above-header-display":"","ast-hfb-below-header-display":"","ast-hfb-mobile-header-display":"","site-post-title":"","ast-breadcrumbs-content":"","ast-featured-img":"","footer-sml-layout":"","ast-disable-related-posts":"","theme-transparent-header-meta":"default","adv-header-id-meta":"","stick-header-meta":"","header-above-stick-meta":"","header-main-stick-meta":"","header-below-stick-meta":"","astra-migrate-meta-layouts":"set","ast-page-background-enabled":"default","ast-page-background-meta":{"desktop":{"background-color":"var(--ast-global-color-4)","background-image":"","background-repeat":"repeat","background-position":"center center","background-size":"auto","background-attachment":"scroll","background-type":"","background-media":"","overlay-type":"","overlay-color":"","overlay-opacity":"","overlay-gradient":""},"tablet":{"background-color":"","background-image":"","background-repeat":"repeat","background-position":"center center","background-size":"auto","background-attachment":"scroll","background-type":"","background-media":"","overlay-type":"","overlay-color":"","overlay-opacity":"","overlay-gradient":""},"mobile":{"background-color":"","background-image":"","background-repeat":"repeat","background-position":"center center","background-size":"auto","background-attachment":"scroll","background-type":"","background-media":"","overlay-type":"","overlay-color":"","overlay-opacity":"","overlay-gradient":""}},"ast-content-background-meta":{"desktop":{"background-color":"var(--ast-global-color-5)","background-image":"","background-repeat":"repeat","background-position":"center center","background-size":"auto","background-attachment":"scroll","background-type":"","background-media":"","overlay-type":"","overlay-color":"","overlay-opacity":"","overlay-gradient":""},"tablet":{"background-color":"var(--ast-global-color-5)","background-image":"","background-repeat":"repeat","background-position":"center center","background-size":"auto","background-attachment":"scroll","background-type":"","background-media":"","overlay-type":"","overlay-color":"","overlay-opacity":"","overlay-gradient":""},"mobile":{"background-color":"var(--ast-global-color-5)","background-image":"","background-repeat":"repeat","background-position":"center center","background-size":"auto","background-attachment":"scroll","background-type":"","background-media":"","overlay-type":"","overlay-color":"","overlay-opacity":"","overlay-gradient":""}}},"product_brand":[],"product_cat":[183],"product_tag":[],"class_list":{"0":"post-8367","1":"product","2":"type-product","3":"status-publish","4":"has-post-thumbnail","6":"product_cat-herramientas","7":"desktop-align-left","8":"tablet-align-left","9":"mobile-align-left","11":"first","12":"instock","13":"shipping-taxable","14":"purchasable","15":"product-type-simple"},"aioseo_notices":[],"uagb_featured_image_src":{"full":["https:\/\/tiendasdorado.online\/wp-content\/uploads\/2025\/12\/1742926992Captura-de-pantalla-2025-03-23-180741.jpg",755,751,false],"thumbnail":["https:\/\/tiendasdorado.online\/wp-content\/uploads\/2025\/12\/1742926992Captura-de-pantalla-2025-03-23-180741-150x150.jpg",150,150,true],"medium":["https:\/\/tiendasdorado.online\/wp-content\/uploads\/2025\/12\/1742926992Captura-de-pantalla-2025-03-23-180741-300x298.jpg",300,298,true],"medium_large":["https:\/\/tiendasdorado.online\/wp-content\/uploads\/2025\/12\/1742926992Captura-de-pantalla-2025-03-23-180741.jpg",755,751,false],"large":["https:\/\/tiendasdorado.online\/wp-content\/uploads\/2025\/12\/1742926992Captura-de-pantalla-2025-03-23-180741.jpg",755,751,false],"1536x1536":["https:\/\/tiendasdorado.online\/wp-content\/uploads\/2025\/12\/1742926992Captura-de-pantalla-2025-03-23-180741.jpg",755,751,false],"2048x2048":["https:\/\/tiendasdorado.online\/wp-content\/uploads\/2025\/12\/1742926992Captura-de-pantalla-2025-03-23-180741.jpg",755,751,false],"woocommerce_thumbnail":["https:\/\/tiendasdorado.online\/wp-content\/uploads\/2025\/12\/1742926992Captura-de-pantalla-2025-03-23-180741-300x300.jpg",300,300,true],"woocommerce_single":["https:\/\/tiendasdorado.online\/wp-content\/uploads\/2025\/12\/1742926992Captura-de-pantalla-2025-03-23-180741-600x597.jpg",600,597,true],"woocommerce_gallery_thumbnail":["https:\/\/tiendasdorado.online\/wp-content\/uploads\/2025\/12\/1742926992Captura-de-pantalla-2025-03-23-180741-100x100.jpg",100,100,true]},"uagb_author_info":{"display_name":"Crsitian Paguai","author_link":"https:\/\/tiendasdorado.online\/product-category\/catalogo\/author\/"},"uagb_comment_info":0,"uagb_excerpt":"\ud83d\udd27 RATCHET DE 12 PCS Juego de copas con ratchet de fuerza 12 piezas, fabricado en acero cromo vanadio (Cr-V), ideal para trabajos exigentes y de uso profesional. CARACTER\u00cdSTICAS: \ud83d\udee0\ufe0f Material de fabricaci\u00f3n: Acero cromo vanadio (Cr-V) \ud83d\udd29 Incluye 10 copas hexagonales cuadrante de 1\/2&#8243; \u2699\ufe0f Ratchet de fuerza con desacople r\u00e1pido cuadrante de 1\/2&#8243;&hellip;","_links":{"self":[{"href":"https:\/\/tiendasdorado.online\/product-category\/catalogo\/wp-json\/wp\/v2\/product\/8367","targetHints":{"allow":["GET"]}}],"collection":[{"href":"https:\/\/tiendasdorado.online\/product-category\/catalogo\/wp-json\/wp\/v2\/product"}],"about":[{"href":"https:\/\/tiendasdorado.online\/product-category\/catalogo\/wp-json\/wp\/v2\/types\/product"}],"replies":[{"embeddable":true,"href":"https:\/\/tiendasdorado.online\/product-category\/catalogo\/wp-json\/wp\/v2\/comments?post=8367"}],"wp:featuredmedia":[{"embeddable":true,"href":"https:\/\/tiendasdorado.online\/product-category\/catalogo\/wp-json\/wp\/v2\/media\/8373"}],"wp:attachment":[{"href":"https:\/\/tiendasdorado.online\/product-category\/catalogo\/wp-json\/wp\/v2\/media?parent=8367"}],"wp:term":[{"taxonomy":"product_brand","embeddable":true,"href":"https:\/\/tiendasdorado.online\/product-category\/catalogo\/wp-json\/wp\/v2\/product_brand?post=8367"},{"taxonomy":"product_cat","embeddable":true,"href":"https:\/\/tiendasdorado.online\/product-category\/catalogo\/wp-json\/wp\/v2\/product_cat?post=8367"},{"taxonomy":"product_tag","embeddable":true,"href":"https:\/\/tiendasdorado.online\/product-category\/catalogo\/wp-json\/wp\/v2\/product_tag?post=8367"}],"curies":[{"name":"wp","href":"https:\/\/api.w.org\/{rel}","templated":true}]}}