{"id":8346,"date":"2025-12-31T21:17:44","date_gmt":"2025-12-31T21:17:44","guid":{"rendered":"https:\/\/tiendasdorado.online\/product-category\/catalogo\/product\/futbolin-madera-juego-de-mesa\/"},"modified":"2025-12-31T21:25:15","modified_gmt":"2025-12-31T21:25:15","slug":"futbolin-madera-juego-de-mesa","status":"publish","type":"product","link":"https:\/\/tiendasdorado.online\/product-category\/catalogo\/product\/futbolin-madera-juego-de-mesa\/","title":{"rendered":"FUTBOLIN DE MADERA JUEGO DE MESA"},"content":{"rendered":"<div class=\"flex max-w-full flex-col grow\">\n<div class=\"min-h-8 text-message relative flex w-full flex-col items-end gap-2 text-start break-words whitespace-normal [.text-message+&amp;]:mt-1\" dir=\"auto\" data-message-author-role=\"assistant\" data-message-id=\"280e35c4-e759-4938-8335-0e5073b01276\" data-message-model-slug=\"gpt-5-2\">\n<div class=\"flex w-full flex-col gap-1 empty:hidden first:pt-[1px]\">\n<div class=\"markdown prose dark:prose-invert w-full break-words dark markdown-new-styling\">\n<p data-start=\"111\" data-end=\"131\"><strong>\u26bd FUTBOL\u00cdN DE MADERA<\/strong><\/p>\n<p data-start=\"133\" data-end=\"370\">Incre\u00edble futbol\u00edn de madera \ud83e\udeb5 de excelente calidad, con un tama\u00f1o muy c\u00f3modo y pr\u00e1ctico. Cuenta con grandes acabados y un genial dise\u00f1o de piezas, ideal para jugar y compartir momentos muy divertidos con familia o amigos \ud83d\udc68\u200d\ud83d\udc69\u200d\ud83d\udc67\u200d\ud83d\udc66\ud83c\udf89.<\/p>\n<p data-start=\"372\" data-end=\"479\">Perfecto para practicar y divertirse en casa \ud83c\udfe0, en el cuarto, la sala o incluso en tu lugar de trabajo \ud83c\udfe2.<\/p>\n<p data-start=\"372\" data-end=\"479\">\n<p data-start=\"481\" data-end=\"526\"><strong>\ud83d\udccf Tama\u00f1o aproximado:<\/strong><br \/>\n50 cm x 25.5 cm x 14 cm<\/p>\n<p data-start=\"481\" data-end=\"526\">\n<p data-start=\"528\" data-end=\"541\"><strong>\ud83c\udff7\ufe0f Marca:<\/strong><br \/>\nXJ<\/p>\n<p data-start=\"528\" data-end=\"541\">\n<p data-start=\"543\" data-end=\"554\"><strong>\ud83d\udce6 Incluye:<\/strong><\/p>\n<ul data-start=\"555\" data-end=\"704\">\n<li data-start=\"555\" data-end=\"577\">\n<p data-start=\"557\" data-end=\"577\">1 mesa de futbol\u00edn<\/p>\n<\/li>\n<li data-start=\"578\" data-end=\"594\">\n<p data-start=\"580\" data-end=\"594\">2 marcadores<\/p>\n<\/li>\n<li data-start=\"595\" data-end=\"635\">\n<p data-start=\"597\" data-end=\"635\">6 varillas para posicionar jugadores<\/p>\n<\/li>\n<li data-start=\"636\" data-end=\"667\">\n<p data-start=\"638\" data-end=\"667\">9 jugadores por cada equipo<\/p>\n<\/li>\n<li data-start=\"668\" data-end=\"692\">\n<p data-start=\"670\" data-end=\"692\">4 soportes de madera<\/p>\n<\/li>\n<li data-start=\"693\" data-end=\"704\">\n<p data-start=\"695\" data-end=\"704\">1 bal\u00f3n \u26bd<\/p>\n<\/li>\n<\/ul>\n<p data-start=\"706\" data-end=\"765\" data-is-last-node=\"\" data-is-only-node=\"\"><strong>Ideal para regalar \ud83c\udf81 y disfrutar horas de entretenimiento.<\/strong><\/p>\n<\/div>\n<\/div>\n<\/div>\n<\/div>\n<div class=\"z-0 flex min-h-[46px] justify-start\"><\/div>\n<div class=\"border-token-border-light my-2 flex gap-10 border-t pt-4\">\n<div class=\"flex items-center justify-center overflow-hidden h-12 w-12 rounded-lg\"><\/div>\n<\/div>\n","protected":false},"excerpt":{"rendered":"<p>Juegos de mesa<\/p>\n","protected":false},"featured_media":8348,"comment_status":"open","ping_status":"closed","template":"","meta":{"_surecart_dashboard_logo_width":"180px","_surecart_dashboard_show_logo":true,"_surecart_dashboard_navigation_orders":true,"_surecart_dashboard_navigation_invoices":true,"_surecart_dashboard_navigation_subscriptions":true,"_surecart_dashboard_navigation_downloads":true,"_surecart_dashboard_navigation_billing":true,"_surecart_dashboard_navigation_account":true,"_uag_custom_page_level_css":"","site-sidebar-layout":"default","site-content-layout":"","ast-site-content-layout":"default","site-content-style":"default","site-sidebar-style":"default","ast-global-header-display":"","ast-banner-title-visibility":"","ast-main-header-display":"","ast-hfb-above-header-display":"","ast-hfb-below-header-display":"","ast-hfb-mobile-header-display":"","site-post-title":"","ast-breadcrumbs-content":"","ast-featured-img":"","footer-sml-layout":"","ast-disable-related-posts":"","theme-transparent-header-meta":"default","adv-header-id-meta":"","stick-header-meta":"","header-above-stick-meta":"","header-main-stick-meta":"","header-below-stick-meta":"","astra-migrate-meta-layouts":"set","ast-page-background-enabled":"default","ast-page-background-meta":{"desktop":{"background-color":"var(--ast-global-color-4)","background-image":"","background-repeat":"repeat","background-position":"center center","background-size":"auto","background-attachment":"scroll","background-type":"","background-media":"","overlay-type":"","overlay-color":"","overlay-opacity":"","overlay-gradient":""},"tablet":{"background-color":"","background-image":"","background-repeat":"repeat","background-position":"center center","background-size":"auto","background-attachment":"scroll","background-type":"","background-media":"","overlay-type":"","overlay-color":"","overlay-opacity":"","overlay-gradient":""},"mobile":{"background-color":"","background-image":"","background-repeat":"repeat","background-position":"center center","background-size":"auto","background-attachment":"scroll","background-type":"","background-media":"","overlay-type":"","overlay-color":"","overlay-opacity":"","overlay-gradient":""}},"ast-content-background-meta":{"desktop":{"background-color":"var(--ast-global-color-5)","background-image":"","background-repeat":"repeat","background-position":"center center","background-size":"auto","background-attachment":"scroll","background-type":"","background-media":"","overlay-type":"","overlay-color":"","overlay-opacity":"","overlay-gradient":""},"tablet":{"background-color":"var(--ast-global-color-5)","background-image":"","background-repeat":"repeat","background-position":"center center","background-size":"auto","background-attachment":"scroll","background-type":"","background-media":"","overlay-type":"","overlay-color":"","overlay-opacity":"","overlay-gradient":""},"mobile":{"background-color":"var(--ast-global-color-5)","background-image":"","background-repeat":"repeat","background-position":"center center","background-size":"auto","background-attachment":"scroll","background-type":"","background-media":"","overlay-type":"","overlay-color":"","overlay-opacity":"","overlay-gradient":""}}},"product_brand":[],"product_cat":[60],"product_tag":[],"class_list":{"0":"post-8346","1":"product","2":"type-product","3":"status-publish","4":"has-post-thumbnail","6":"product_cat-jugueteria","7":"desktop-align-left","8":"tablet-align-left","9":"mobile-align-left","11":"first","12":"instock","13":"shipping-taxable","14":"purchasable","15":"product-type-simple"},"aioseo_notices":[],"uagb_featured_image_src":{"full":["https:\/\/tiendasdorado.online\/wp-content\/uploads\/2025\/12\/w800h800fitpad.webp",800,800,false],"thumbnail":["https:\/\/tiendasdorado.online\/wp-content\/uploads\/2025\/12\/w800h800fitpad-150x150.webp",150,150,true],"medium":["https:\/\/tiendasdorado.online\/wp-content\/uploads\/2025\/12\/w800h800fitpad-300x300.webp",300,300,true],"medium_large":["https:\/\/tiendasdorado.online\/wp-content\/uploads\/2025\/12\/w800h800fitpad-768x768.webp",768,768,true],"large":["https:\/\/tiendasdorado.online\/wp-content\/uploads\/2025\/12\/w800h800fitpad.webp",800,800,false],"1536x1536":["https:\/\/tiendasdorado.online\/wp-content\/uploads\/2025\/12\/w800h800fitpad.webp",800,800,false],"2048x2048":["https:\/\/tiendasdorado.online\/wp-content\/uploads\/2025\/12\/w800h800fitpad.webp",800,800,false],"woocommerce_thumbnail":["https:\/\/tiendasdorado.online\/wp-content\/uploads\/2025\/12\/w800h800fitpad-300x300.webp",300,300,true],"woocommerce_single":["https:\/\/tiendasdorado.online\/wp-content\/uploads\/2025\/12\/w800h800fitpad-600x600.webp",600,600,true],"woocommerce_gallery_thumbnail":["https:\/\/tiendasdorado.online\/wp-content\/uploads\/2025\/12\/w800h800fitpad-100x100.webp",100,100,true]},"uagb_author_info":{"display_name":"Crsitian Paguai","author_link":"https:\/\/tiendasdorado.online\/product-category\/catalogo\/author\/"},"uagb_comment_info":0,"uagb_excerpt":"Juegos de mesa","_links":{"self":[{"href":"https:\/\/tiendasdorado.online\/product-category\/catalogo\/wp-json\/wp\/v2\/product\/8346","targetHints":{"allow":["GET"]}}],"collection":[{"href":"https:\/\/tiendasdorado.online\/product-category\/catalogo\/wp-json\/wp\/v2\/product"}],"about":[{"href":"https:\/\/tiendasdorado.online\/product-category\/catalogo\/wp-json\/wp\/v2\/types\/product"}],"replies":[{"embeddable":true,"href":"https:\/\/tiendasdorado.online\/product-category\/catalogo\/wp-json\/wp\/v2\/comments?post=8346"}],"wp:featuredmedia":[{"embeddable":true,"href":"https:\/\/tiendasdorado.online\/product-category\/catalogo\/wp-json\/wp\/v2\/media\/8348"}],"wp:attachment":[{"href":"https:\/\/tiendasdorado.online\/product-category\/catalogo\/wp-json\/wp\/v2\/media?parent=8346"}],"wp:term":[{"taxonomy":"product_brand","embeddable":true,"href":"https:\/\/tiendasdorado.online\/product-category\/catalogo\/wp-json\/wp\/v2\/product_brand?post=8346"},{"taxonomy":"product_cat","embeddable":true,"href":"https:\/\/tiendasdorado.online\/product-category\/catalogo\/wp-json\/wp\/v2\/product_cat?post=8346"},{"taxonomy":"product_tag","embeddable":true,"href":"https:\/\/tiendasdorado.online\/product-category\/catalogo\/wp-json\/wp\/v2\/product_tag?post=8346"}],"curies":[{"name":"wp","href":"https:\/\/api.w.org\/{rel}","templated":true}]}}