{"id":8179,"date":"2025-12-30T02:18:54","date_gmt":"2025-12-30T02:18:54","guid":{"rendered":"https:\/\/tiendasdorado.online\/product-category\/catalogo\/product\/kit-pesas-mancuernas-20-kg-set-convertib\/"},"modified":"2026-01-05T19:28:59","modified_gmt":"2026-01-05T19:28:59","slug":"kit-pesas-mancuernas-20-kg-set-convertib","status":"publish","type":"product","link":"https:\/\/tiendasdorado.online\/product-category\/catalogo\/product\/kit-pesas-mancuernas-20-kg-set-convertib\/","title":{"rendered":"Kit Pesas Mancuernas 20 Kg Set Convertible"},"content":{"rendered":"<h5 data-start=\"173\" data-end=\"235\">\ud83d\udcaa Set de Mancuernas Convertibles 20 KG \u2013 Barra &amp; Pesa Rusa<\/h5>\n<p data-start=\"237\" data-end=\"495\">Optimiza tus entrenamientos con este <strong data-start=\"274\" data-end=\"310\">set de mancuernas multifuncional<\/strong>, dise\u00f1ado para ofrecer <strong data-start=\"334\" data-end=\"375\">versatilidad, resistencia y comodidad<\/strong>. Ideal para ejercicios de fuerza, tonificaci\u00f3n y acondicionamiento f\u00edsico, ajustando el peso seg\u00fan tu nivel y objetivo.<\/p>\n<h5 data-start=\"497\" data-end=\"524\">\ud83d\udd25 Entrenamiento 3 en 1<\/h5>\n<p data-start=\"525\" data-end=\"540\">Util\u00edzalo como:<\/p>\n<ul data-start=\"541\" data-end=\"612\">\n<li data-start=\"541\" data-end=\"561\">\n<p data-start=\"543\" data-end=\"561\">\ud83c\udfcb\ufe0f <strong data-start=\"547\" data-end=\"561\">Mancuernas<\/strong><\/p>\n<\/li>\n<li data-start=\"562\" data-end=\"580\">\n<p data-start=\"564\" data-end=\"580\">\ud83c\udfcb\ufe0f\u200d\u2642\ufe0f <strong data-start=\"571\" data-end=\"580\">Barra<\/strong><\/p>\n<\/li>\n<li data-start=\"581\" data-end=\"612\">\n<p data-start=\"583\" data-end=\"612\">\ud83d\udd14 <strong data-start=\"586\" data-end=\"612\">Pesa rusa (kettlebell)<\/strong><\/p>\n<\/li>\n<\/ul>\n<p data-start=\"614\" data-end=\"674\">Todo en un solo set para entrenar todo el cuerpo desde casa.<\/p>\n<hr data-start=\"676\" data-end=\"679\" \/>\n<h5 data-start=\"681\" data-end=\"714\">\u2b50 Caracter\u00edsticas Principales<\/h5>\n<ul data-start=\"715\" data-end=\"1136\">\n<li data-start=\"715\" data-end=\"805\">\n<p data-start=\"717\" data-end=\"805\"><strong data-start=\"717\" data-end=\"738\">Pesos ajustables:<\/strong> Combina los discos seg\u00fan el ejercicio y tu nivel de entrenamiento.<\/p>\n<\/li>\n<li data-start=\"806\" data-end=\"914\">\n<p data-start=\"808\" data-end=\"914\"><strong data-start=\"808\" data-end=\"832\">Material resistente:<\/strong> Discos de <strong data-start=\"843\" data-end=\"881\">cemento recubierto en PVC pl\u00e1stico<\/strong>, resistentes a ca\u00eddas y humedad.<\/p>\n<\/li>\n<li data-start=\"915\" data-end=\"1010\">\n<p data-start=\"917\" data-end=\"1010\"><strong data-start=\"917\" data-end=\"935\">Agarre seguro:<\/strong> Mangos <strong data-start=\"943\" data-end=\"976\">ergon\u00f3micos y antideslizantes<\/strong> para mayor comodidad y seguridad.<\/p>\n<\/li>\n<li data-start=\"1011\" data-end=\"1092\">\n<p data-start=\"1013\" data-end=\"1092\"><strong data-start=\"1013\" data-end=\"1032\">Dise\u00f1o moderno:<\/strong> Color <strong data-start=\"1039\" data-end=\"1069\">negro con detalles en rojo<\/strong>, elegante y deportivo.<\/p>\n<\/li>\n<li data-start=\"1093\" data-end=\"1136\">\n<p data-start=\"1095\" data-end=\"1136\"><strong data-start=\"1095\" data-end=\"1136\">Ideal para principiantes y avanzados.<\/strong><\/p>\n<\/li>\n<\/ul>\n<hr data-start=\"1138\" data-end=\"1141\" \/>\n<h5 data-start=\"1143\" data-end=\"1175\">\ud83d\udccf Especificaciones T\u00e9cnicas<\/h5>\n<ul data-start=\"1176\" data-end=\"1231\">\n<li data-start=\"1176\" data-end=\"1201\">\n<p data-start=\"1178\" data-end=\"1201\"><strong data-start=\"1178\" data-end=\"1193\">Peso total:<\/strong> 20 kg<\/p>\n<\/li>\n<li data-start=\"1202\" data-end=\"1231\">\n<p data-start=\"1204\" data-end=\"1231\"><strong data-start=\"1204\" data-end=\"1214\">Color:<\/strong> Negro con rojo<\/p>\n<\/li>\n<\/ul>\n<hr data-start=\"1233\" data-end=\"1236\" \/>\n<h6 data-start=\"1238\" data-end=\"1262\">\ud83d\udce6 Contenido del Set<\/h6>\n<ul data-start=\"1263\" data-end=\"1450\">\n<li data-start=\"1263\" data-end=\"1285\">\n<p data-start=\"1265\" data-end=\"1285\">4 discos de <strong data-start=\"1277\" data-end=\"1285\">2 kg<\/strong><\/p>\n<\/li>\n<li data-start=\"1286\" data-end=\"1310\">\n<p data-start=\"1288\" data-end=\"1310\">4 discos de <strong data-start=\"1300\" data-end=\"1310\">1.5 kg<\/strong><\/p>\n<\/li>\n<li data-start=\"1311\" data-end=\"1336\">\n<p data-start=\"1313\" data-end=\"1336\">4 discos de <strong data-start=\"1325\" data-end=\"1336\">1.25 kg<\/strong><\/p>\n<\/li>\n<li data-start=\"1337\" data-end=\"1361\">\n<p data-start=\"1339\" data-end=\"1361\">5 tuercas de seguridad<\/p>\n<\/li>\n<li data-start=\"1362\" data-end=\"1388\">\n<p data-start=\"1364\" data-end=\"1388\">2 barras para mancuernas<\/p>\n<\/li>\n<li data-start=\"1389\" data-end=\"1411\">\n<p data-start=\"1391\" data-end=\"1411\">1 barra de <strong data-start=\"1402\" data-end=\"1411\">40 cm<\/strong><\/p>\n<\/li>\n<li data-start=\"1412\" data-end=\"1450\">\n<p data-start=\"1414\" data-end=\"1450\">2 mangos para convertir en pesa rusa<\/p>\n<\/li>\n<\/ul>\n<hr data-start=\"1452\" data-end=\"1455\" \/>\n<p data-start=\"1457\" data-end=\"1550\">\ud83d\udca5 <strong data-start=\"1460\" data-end=\"1494\">Perfecto para entrenar en casa<\/strong>, ahorrar espacio y llevar tu rutina al siguiente nivel.<\/p>\n","protected":false},"excerpt":{"rendered":"<p>Herramientas<\/p>\n","protected":false},"featured_media":8178,"comment_status":"open","ping_status":"closed","template":"","meta":{"_surecart_dashboard_logo_width":"180px","_surecart_dashboard_show_logo":true,"_surecart_dashboard_navigation_orders":true,"_surecart_dashboard_navigation_invoices":true,"_surecart_dashboard_navigation_subscriptions":true,"_surecart_dashboard_navigation_downloads":true,"_surecart_dashboard_navigation_billing":true,"_surecart_dashboard_navigation_account":true,"_uag_custom_page_level_css":"","site-sidebar-layout":"default","site-content-layout":"","ast-site-content-layout":"default","site-content-style":"default","site-sidebar-style":"default","ast-global-header-display":"","ast-banner-title-visibility":"","ast-main-header-display":"","ast-hfb-above-header-display":"","ast-hfb-below-header-display":"","ast-hfb-mobile-header-display":"","site-post-title":"","ast-breadcrumbs-content":"","ast-featured-img":"","footer-sml-layout":"","ast-disable-related-posts":"","theme-transparent-header-meta":"default","adv-header-id-meta":"","stick-header-meta":"","header-above-stick-meta":"","header-main-stick-meta":"","header-below-stick-meta":"","astra-migrate-meta-layouts":"set","ast-page-background-enabled":"default","ast-page-background-meta":{"desktop":{"background-color":"var(--ast-global-color-4)","background-image":"","background-repeat":"repeat","background-position":"center center","background-size":"auto","background-attachment":"scroll","background-type":"","background-media":"","overlay-type":"","overlay-color":"","overlay-opacity":"","overlay-gradient":""},"tablet":{"background-color":"","background-image":"","background-repeat":"repeat","background-position":"center center","background-size":"auto","background-attachment":"scroll","background-type":"","background-media":"","overlay-type":"","overlay-color":"","overlay-opacity":"","overlay-gradient":""},"mobile":{"background-color":"","background-image":"","background-repeat":"repeat","background-position":"center center","background-size":"auto","background-attachment":"scroll","background-type":"","background-media":"","overlay-type":"","overlay-color":"","overlay-opacity":"","overlay-gradient":""}},"ast-content-background-meta":{"desktop":{"background-color":"var(--ast-global-color-5)","background-image":"","background-repeat":"repeat","background-position":"center center","background-size":"auto","background-attachment":"scroll","background-type":"","background-media":"","overlay-type":"","overlay-color":"","overlay-opacity":"","overlay-gradient":""},"tablet":{"background-color":"var(--ast-global-color-5)","background-image":"","background-repeat":"repeat","background-position":"center center","background-size":"auto","background-attachment":"scroll","background-type":"","background-media":"","overlay-type":"","overlay-color":"","overlay-opacity":"","overlay-gradient":""},"mobile":{"background-color":"var(--ast-global-color-5)","background-image":"","background-repeat":"repeat","background-position":"center center","background-size":"auto","background-attachment":"scroll","background-type":"","background-media":"","overlay-type":"","overlay-color":"","overlay-opacity":"","overlay-gradient":""}}},"product_brand":[],"product_cat":[180,183],"product_tag":[],"class_list":{"0":"post-8179","1":"product","2":"type-product","3":"status-publish","4":"has-post-thumbnail","6":"product_cat-catalogo","7":"product_cat-herramientas","8":"desktop-align-left","9":"tablet-align-left","10":"mobile-align-left","12":"first","13":"instock","14":"shipping-taxable","15":"purchasable","16":"product-type-simple"},"aioseo_notices":[],"uagb_featured_image_src":{"full":["https:\/\/tiendasdorado.online\/wp-content\/uploads\/2025\/12\/productImage-1764079287824.png",393,480,false],"thumbnail":["https:\/\/tiendasdorado.online\/wp-content\/uploads\/2025\/12\/productImage-1764079287824-150x150.png",150,150,true],"medium":["https:\/\/tiendasdorado.online\/wp-content\/uploads\/2025\/12\/productImage-1764079287824-246x300.png",246,300,true],"medium_large":["https:\/\/tiendasdorado.online\/wp-content\/uploads\/2025\/12\/productImage-1764079287824.png",393,480,false],"large":["https:\/\/tiendasdorado.online\/wp-content\/uploads\/2025\/12\/productImage-1764079287824.png",393,480,false],"1536x1536":["https:\/\/tiendasdorado.online\/wp-content\/uploads\/2025\/12\/productImage-1764079287824.png",393,480,false],"2048x2048":["https:\/\/tiendasdorado.online\/wp-content\/uploads\/2025\/12\/productImage-1764079287824.png",393,480,false],"woocommerce_thumbnail":["https:\/\/tiendasdorado.online\/wp-content\/uploads\/2025\/12\/productImage-1764079287824-300x300.png",300,300,true],"woocommerce_single":["https:\/\/tiendasdorado.online\/wp-content\/uploads\/2025\/12\/productImage-1764079287824.png",393,480,false],"woocommerce_gallery_thumbnail":["https:\/\/tiendasdorado.online\/wp-content\/uploads\/2025\/12\/productImage-1764079287824-100x100.png",100,100,true]},"uagb_author_info":{"display_name":"Crsitian Paguai","author_link":"https:\/\/tiendasdorado.online\/product-category\/catalogo\/author\/"},"uagb_comment_info":0,"uagb_excerpt":"Herramientas","_links":{"self":[{"href":"https:\/\/tiendasdorado.online\/product-category\/catalogo\/wp-json\/wp\/v2\/product\/8179","targetHints":{"allow":["GET"]}}],"collection":[{"href":"https:\/\/tiendasdorado.online\/product-category\/catalogo\/wp-json\/wp\/v2\/product"}],"about":[{"href":"https:\/\/tiendasdorado.online\/product-category\/catalogo\/wp-json\/wp\/v2\/types\/product"}],"replies":[{"embeddable":true,"href":"https:\/\/tiendasdorado.online\/product-category\/catalogo\/wp-json\/wp\/v2\/comments?post=8179"}],"wp:featuredmedia":[{"embeddable":true,"href":"https:\/\/tiendasdorado.online\/product-category\/catalogo\/wp-json\/wp\/v2\/media\/8178"}],"wp:attachment":[{"href":"https:\/\/tiendasdorado.online\/product-category\/catalogo\/wp-json\/wp\/v2\/media?parent=8179"}],"wp:term":[{"taxonomy":"product_brand","embeddable":true,"href":"https:\/\/tiendasdorado.online\/product-category\/catalogo\/wp-json\/wp\/v2\/product_brand?post=8179"},{"taxonomy":"product_cat","embeddable":true,"href":"https:\/\/tiendasdorado.online\/product-category\/catalogo\/wp-json\/wp\/v2\/product_cat?post=8179"},{"taxonomy":"product_tag","embeddable":true,"href":"https:\/\/tiendasdorado.online\/product-category\/catalogo\/wp-json\/wp\/v2\/product_tag?post=8179"}],"curies":[{"name":"wp","href":"https:\/\/api.w.org\/{rel}","templated":true}]}}