{"id":7914,"date":"2025-12-20T21:41:19","date_gmt":"2025-12-20T21:41:19","guid":{"rendered":"https:\/\/tiendasdorado.online\/product\/bascula-con-bluetooth-inteligente\/"},"modified":"2026-01-15T21:26:14","modified_gmt":"2026-01-16T02:26:14","slug":"bascula-con-bluetooth-inteligente","status":"publish","type":"product","link":"https:\/\/tiendasdorado.online\/product-category\/catalogo\/product\/bascula-con-bluetooth-inteligente\/","title":{"rendered":"Bascula con bluetooth inteligente"},"content":{"rendered":"<h6 data-start=\"105\" data-end=\"172\">\ud83e\uddcd\u200d\u2642\ufe0f B\u00e1scula Inteligente con Analizador Corporal por Bluetooth<\/h6>\n<p data-start=\"174\" data-end=\"492\">Esta <strong data-start=\"179\" data-end=\"202\">b\u00e1scula inteligente<\/strong> es totalmente compatible con <strong data-start=\"232\" data-end=\"253\">m\u00f3viles y tablets<\/strong>, permiti\u00e9ndote llevar un <strong data-start=\"279\" data-end=\"313\">control detallado y organizado<\/strong> de tu evoluci\u00f3n corporal directamente desde tu dispositivo. A trav\u00e9s de su <strong data-start=\"389\" data-end=\"405\">app gratuita<\/strong>, podr\u00e1s visualizar <strong data-start=\"425\" data-end=\"461\">gr\u00e1ficos, consejos y el progreso<\/strong> de forma sencilla e intuitiva.<\/p>\n<p data-start=\"494\" data-end=\"665\">Su dise\u00f1o moderno y elegante se combina con <strong data-start=\"538\" data-end=\"561\">tecnolog\u00eda avanzada<\/strong> para ofrecerte informaci\u00f3n precisa sobre la composici\u00f3n corporal, todo con una conexi\u00f3n r\u00e1pida y f\u00e1cil.<\/p>\n<hr data-start=\"667\" data-end=\"670\" \/>\n<p>\ud83d\udcca Datos que puede medir:<\/p>\n<ul data-start=\"702\" data-end=\"822\">\n<li data-start=\"702\" data-end=\"710\">\n<p data-start=\"704\" data-end=\"710\">Peso<\/p>\n<\/li>\n<li data-start=\"711\" data-end=\"743\">\n<p data-start=\"713\" data-end=\"743\">Porcentaje de grasa corporal<\/p>\n<\/li>\n<li data-start=\"744\" data-end=\"775\">\n<p data-start=\"746\" data-end=\"775\">Porcentaje de agua corporal<\/p>\n<\/li>\n<li data-start=\"776\" data-end=\"803\">\n<p data-start=\"778\" data-end=\"803\">Porcentaje de masa \u00f3sea<\/p>\n<\/li>\n<li data-start=\"804\" data-end=\"822\">\n<p data-start=\"806\" data-end=\"822\">kcal estimadas<\/p>\n<\/li>\n<\/ul>\n<p data-start=\"824\" data-end=\"1168\">Gracias a su sistema de medici\u00f3n <strong data-start=\"857\" data-end=\"902\">BIA (An\u00e1lisis de Impedancia Bioel\u00e9ctrica)<\/strong>, la b\u00e1scula ofrece resultados de <strong data-start=\"936\" data-end=\"954\">alta precisi\u00f3n<\/strong>. Esta tecnolog\u00eda analiza c\u00f3mo la electricidad recorre el cuerpo: la grasa ofrece resistencia, mientras que el m\u00fasculo y el agua son buenos conductores, permitiendo calcular la composici\u00f3n corporal de forma fiable.<\/p>\n<hr data-start=\"1170\" data-end=\"1173\" \/>\n<h6 data-start=\"1175\" data-end=\"1214\">\ud83d\udc68\u200d\ud83d\udc69\u200d\ud83d\udc67 Ideal para toda la familia<\/h6>\n<p data-start=\"1215\" data-end=\"1381\">La b\u00e1scula permite guardar el seguimiento de <strong data-start=\"1260\" data-end=\"1291\">hasta 10 usuarios distintos<\/strong>, para que cada miembro de la familia pueda consultar su propia evoluci\u00f3n sin confusiones.<\/p>\n<hr data-start=\"1383\" data-end=\"1386\" \/>\n<h5 data-start=\"1388\" data-end=\"1421\">\ud83d\udee0\ufe0f Caracter\u00edsticas t\u00e9cnicas:<\/h5>\n<ul data-start=\"1422\" data-end=\"1807\">\n<li data-start=\"1422\" data-end=\"1452\">\n<p data-start=\"1424\" data-end=\"1452\">Capacidad m\u00ednima: <strong data-start=\"1442\" data-end=\"1450\">5 kg<\/strong><\/p>\n<\/li>\n<li data-start=\"1453\" data-end=\"1485\">\n<p data-start=\"1455\" data-end=\"1485\">Capacidad m\u00e1xima: <strong data-start=\"1473\" data-end=\"1483\">180 kg<\/strong><\/p>\n<\/li>\n<li data-start=\"1486\" data-end=\"1511\">\n<p data-start=\"1488\" data-end=\"1511\">Unidades: <strong data-start=\"1498\" data-end=\"1509\">kg \/ lb<\/strong><\/p>\n<\/li>\n<li data-start=\"1512\" data-end=\"1533\">\n<p data-start=\"1514\" data-end=\"1533\">Bluetooth <strong data-start=\"1524\" data-end=\"1531\">2.1<\/strong><\/p>\n<\/li>\n<li data-start=\"1534\" data-end=\"1590\">\n<p data-start=\"1536\" data-end=\"1590\">Pantalla <strong data-start=\"1545\" data-end=\"1567\">LCD retroiluminada<\/strong> de 4,3\u201d (fondo azul)<\/p>\n<\/li>\n<li data-start=\"1591\" data-end=\"1653\">\n<p data-start=\"1593\" data-end=\"1653\">Materiales: pl\u00e1stico <strong data-start=\"1614\" data-end=\"1621\">ABS<\/strong> + vidrio templado de <strong data-start=\"1643\" data-end=\"1651\">6 mm<\/strong><\/p>\n<\/li>\n<li data-start=\"1654\" data-end=\"1687\">\n<p data-start=\"1656\" data-end=\"1687\">Peso del producto: <strong data-start=\"1675\" data-end=\"1685\">2,3 kg<\/strong><\/p>\n<\/li>\n<li data-start=\"1688\" data-end=\"1717\">\n<p data-start=\"1690\" data-end=\"1717\">Indicador de bater\u00eda baja<\/p>\n<\/li>\n<li data-start=\"1718\" data-end=\"1740\">\n<p data-start=\"1720\" data-end=\"1740\">Apagado autom\u00e1tico<\/p>\n<\/li>\n<li data-start=\"1741\" data-end=\"1766\">\n<p data-start=\"1743\" data-end=\"1766\">Alerta por sobrecarga<\/p>\n<\/li>\n<li data-start=\"1767\" data-end=\"1807\">\n<p data-start=\"1769\" data-end=\"1807\">Temperatura de trabajo: <strong data-start=\"1793\" data-end=\"1807\">10 a 40 \u00b0C<\/strong><\/p>\n<\/li>\n<\/ul>\n<hr data-start=\"1809\" data-end=\"1812\" \/>\n<h5 data-start=\"1814\" data-end=\"1840\">\ud83d\udcf1 Aplicaci\u00f3n gratuita<\/h5>\n<p data-start=\"1841\" data-end=\"1856\">Compatible con:<\/p>\n<ul data-start=\"1857\" data-end=\"1911\">\n<li data-start=\"1857\" data-end=\"1885\">\n<p data-start=\"1859\" data-end=\"1885\"><strong data-start=\"1859\" data-end=\"1885\">Android 4.3 o superior<\/strong><\/p>\n<\/li>\n<li data-start=\"1886\" data-end=\"1911\">\n<p data-start=\"1888\" data-end=\"1911\"><strong data-start=\"1888\" data-end=\"1911\">iPhone 7 o superior<\/strong><\/p>\n<\/li>\n<\/ul>\n<p data-start=\"1913\" data-end=\"2051\">Disponible gratis en <strong data-start=\"1934\" data-end=\"1955\">Google Play Store<\/strong> y <strong data-start=\"1958\" data-end=\"1977\">Apple App Store<\/strong>, permite llevar un seguimiento claro y ordenado de hasta <strong data-start=\"2035\" data-end=\"2050\">10 usuarios<\/strong>.<\/p>\n<hr data-start=\"2053\" data-end=\"2056\" \/>\n<h5 data-start=\"2058\" data-end=\"2077\">\ud83d\udd0b Alimentaci\u00f3n<\/h5>\n<p data-start=\"2078\" data-end=\"2122\">Funciona con <strong data-start=\"2091\" data-end=\"2106\">3 pilas AAA<\/strong> (no incluidas).<\/p>\n<p data-start=\"2308\" data-end=\"2320\" data-is-last-node=\"\" data-is-only-node=\"\">\n","protected":false},"excerpt":{"rendered":"<p>Tecnologia<\/p>\n","protected":false},"featured_media":7916,"comment_status":"open","ping_status":"closed","template":"","meta":{"_surecart_dashboard_logo_width":"180px","_surecart_dashboard_show_logo":true,"_surecart_dashboard_navigation_orders":true,"_surecart_dashboard_navigation_invoices":true,"_surecart_dashboard_navigation_subscriptions":true,"_surecart_dashboard_navigation_downloads":true,"_surecart_dashboard_navigation_billing":true,"_surecart_dashboard_navigation_account":true,"_uag_custom_page_level_css":"","site-sidebar-layout":"default","site-content-layout":"","ast-site-content-layout":"default","site-content-style":"default","site-sidebar-style":"default","ast-global-header-display":"","ast-banner-title-visibility":"","ast-main-header-display":"","ast-hfb-above-header-display":"","ast-hfb-below-header-display":"","ast-hfb-mobile-header-display":"","site-post-title":"","ast-breadcrumbs-content":"","ast-featured-img":"","footer-sml-layout":"","ast-disable-related-posts":"","theme-transparent-header-meta":"default","adv-header-id-meta":"","stick-header-meta":"","header-above-stick-meta":"","header-main-stick-meta":"","header-below-stick-meta":"","astra-migrate-meta-layouts":"set","ast-page-background-enabled":"default","ast-page-background-meta":{"desktop":{"background-color":"var(--ast-global-color-4)","background-image":"","background-repeat":"repeat","background-position":"center center","background-size":"auto","background-attachment":"scroll","background-type":"","background-media":"","overlay-type":"","overlay-color":"","overlay-opacity":"","overlay-gradient":""},"tablet":{"background-color":"","background-image":"","background-repeat":"repeat","background-position":"center center","background-size":"auto","background-attachment":"scroll","background-type":"","background-media":"","overlay-type":"","overlay-color":"","overlay-opacity":"","overlay-gradient":""},"mobile":{"background-color":"","background-image":"","background-repeat":"repeat","background-position":"center center","background-size":"auto","background-attachment":"scroll","background-type":"","background-media":"","overlay-type":"","overlay-color":"","overlay-opacity":"","overlay-gradient":""}},"ast-content-background-meta":{"desktop":{"background-color":"var(--ast-global-color-5)","background-image":"","background-repeat":"repeat","background-position":"center center","background-size":"auto","background-attachment":"scroll","background-type":"","background-media":"","overlay-type":"","overlay-color":"","overlay-opacity":"","overlay-gradient":""},"tablet":{"background-color":"var(--ast-global-color-5)","background-image":"","background-repeat":"repeat","background-position":"center center","background-size":"auto","background-attachment":"scroll","background-type":"","background-media":"","overlay-type":"","overlay-color":"","overlay-opacity":"","overlay-gradient":""},"mobile":{"background-color":"var(--ast-global-color-5)","background-image":"","background-repeat":"repeat","background-position":"center center","background-size":"auto","background-attachment":"scroll","background-type":"","background-media":"","overlay-type":"","overlay-color":"","overlay-opacity":"","overlay-gradient":""}}},"product_brand":[],"product_cat":[56],"product_tag":[],"class_list":{"0":"post-7914","1":"product","2":"type-product","3":"status-publish","4":"has-post-thumbnail","6":"product_cat-tecnologia","7":"desktop-align-left","8":"tablet-align-left","9":"mobile-align-left","11":"first","12":"instock","13":"shipping-taxable","14":"purchasable","15":"product-type-simple"},"aioseo_notices":[],"uagb_featured_image_src":{"full":["https:\/\/tiendasdorado.online\/wp-content\/uploads\/2025\/12\/1753463765WhatsApp-Image-2025-06-25-at-1.01.20-PM-2.jpeg",800,800,false],"thumbnail":["https:\/\/tiendasdorado.online\/wp-content\/uploads\/2025\/12\/1753463765WhatsApp-Image-2025-06-25-at-1.01.20-PM-2-150x150.jpeg",150,150,true],"medium":["https:\/\/tiendasdorado.online\/wp-content\/uploads\/2025\/12\/1753463765WhatsApp-Image-2025-06-25-at-1.01.20-PM-2-300x300.jpeg",300,300,true],"medium_large":["https:\/\/tiendasdorado.online\/wp-content\/uploads\/2025\/12\/1753463765WhatsApp-Image-2025-06-25-at-1.01.20-PM-2-768x768.jpeg",768,768,true],"large":["https:\/\/tiendasdorado.online\/wp-content\/uploads\/2025\/12\/1753463765WhatsApp-Image-2025-06-25-at-1.01.20-PM-2.jpeg",800,800,false],"1536x1536":["https:\/\/tiendasdorado.online\/wp-content\/uploads\/2025\/12\/1753463765WhatsApp-Image-2025-06-25-at-1.01.20-PM-2.jpeg",800,800,false],"2048x2048":["https:\/\/tiendasdorado.online\/wp-content\/uploads\/2025\/12\/1753463765WhatsApp-Image-2025-06-25-at-1.01.20-PM-2.jpeg",800,800,false],"woocommerce_thumbnail":["https:\/\/tiendasdorado.online\/wp-content\/uploads\/2025\/12\/1753463765WhatsApp-Image-2025-06-25-at-1.01.20-PM-2-300x300.jpeg",300,300,true],"woocommerce_single":["https:\/\/tiendasdorado.online\/wp-content\/uploads\/2025\/12\/1753463765WhatsApp-Image-2025-06-25-at-1.01.20-PM-2-600x600.jpeg",600,600,true],"woocommerce_gallery_thumbnail":["https:\/\/tiendasdorado.online\/wp-content\/uploads\/2025\/12\/1753463765WhatsApp-Image-2025-06-25-at-1.01.20-PM-2-100x100.jpeg",100,100,true]},"uagb_author_info":{"display_name":"Crsitian Paguai","author_link":"https:\/\/tiendasdorado.online\/product-category\/catalogo\/author\/"},"uagb_comment_info":0,"uagb_excerpt":"Tecnologia","_links":{"self":[{"href":"https:\/\/tiendasdorado.online\/product-category\/catalogo\/wp-json\/wp\/v2\/product\/7914","targetHints":{"allow":["GET"]}}],"collection":[{"href":"https:\/\/tiendasdorado.online\/product-category\/catalogo\/wp-json\/wp\/v2\/product"}],"about":[{"href":"https:\/\/tiendasdorado.online\/product-category\/catalogo\/wp-json\/wp\/v2\/types\/product"}],"replies":[{"embeddable":true,"href":"https:\/\/tiendasdorado.online\/product-category\/catalogo\/wp-json\/wp\/v2\/comments?post=7914"}],"wp:featuredmedia":[{"embeddable":true,"href":"https:\/\/tiendasdorado.online\/product-category\/catalogo\/wp-json\/wp\/v2\/media\/7916"}],"wp:attachment":[{"href":"https:\/\/tiendasdorado.online\/product-category\/catalogo\/wp-json\/wp\/v2\/media?parent=7914"}],"wp:term":[{"taxonomy":"product_brand","embeddable":true,"href":"https:\/\/tiendasdorado.online\/product-category\/catalogo\/wp-json\/wp\/v2\/product_brand?post=7914"},{"taxonomy":"product_cat","embeddable":true,"href":"https:\/\/tiendasdorado.online\/product-category\/catalogo\/wp-json\/wp\/v2\/product_cat?post=7914"},{"taxonomy":"product_tag","embeddable":true,"href":"https:\/\/tiendasdorado.online\/product-category\/catalogo\/wp-json\/wp\/v2\/product_tag?post=7914"}],"curies":[{"name":"wp","href":"https:\/\/api.w.org\/{rel}","templated":true}]}}