{"id":7889,"date":"2025-12-20T05:05:37","date_gmt":"2025-12-20T05:05:37","guid":{"rendered":"https:\/\/tiendasdorado.online\/product\/almohada-ortopedica-cervical-ergonomica\/"},"modified":"2026-02-06T23:22:46","modified_gmt":"2026-02-07T04:22:46","slug":"almohada-ortopedica-cervical-ergonomica","status":"publish","type":"product","link":"https:\/\/tiendasdorado.online\/product-category\/catalogo\/product\/almohada-ortopedica-cervical-ergonomica\/","title":{"rendered":"Almohada Ortop\u00e9dica Cervical Ergon\u00f3mica"},"content":{"rendered":"<h5>\ud83c\udf19 Almohada Ortop\u00e9dica Cervical Ergon\u00f3mica \ud83d\udecf\ufe0f\ud83d\udc86\u200d\u2640\ufe0f<\/h5>\n<p>\ud83d\udce6\u00a0<strong>Empaque al vac\u00edo<\/strong>: Por temas de volumen, la almohada se env\u00eda comprimida. Una vez abras la bolsa, recuperar\u00e1 su tama\u00f1o normal.<br \/>\n\u26a0\ufe0f\u00a0<strong>Nota importante<\/strong>: No enviar por Coordinadora ni TCC, ya que por el tama\u00f1o del paquete lo devuelven.<\/p>\n<h5>\u2705 Beneficios principales:<\/h5>\n<p>\u2728\u00a0<strong>Alivio inmediato del dolor cervical y de hombros<\/strong>.<\/p>\n<p>\u2728\u00a0<strong>Soporte ergon\u00f3mico<\/strong>\u00a0que mantiene la columna alineada mientras duermes.<\/p>\n<p>\u2728\u00a0<strong>Mejora la postura<\/strong>\u00a0y ayuda a prevenir molestias.<\/p>\n<p>\u2728\u00a0<strong>Transpirable y fresca<\/strong>\u00a0gracias a su tejido de algod\u00f3n suave.<\/p>\n<p>\u2728\u00a0<strong>Funda desmontable y lavable<\/strong>\u00a0para mantener higiene en todo momento.<\/p>\n<p>\u2728\u00a0<strong>Dise\u00f1o ergon\u00f3mico<\/strong>\u00a0adaptable para quienes duermen de lado o boca arriba.<\/p>\n<p>\u2728\u00a0<strong>Hipoalerg\u00e9nica y anti\u00e1caros<\/strong>, ideal para pieles sensibles.<\/p>\n<h5>\ud83d\udccc Especificaciones:<\/h5>\n<p>Material: Algod\u00f3n tejido transpirable<\/p>\n<p>Tama\u00f1o: 68 x 40 x 7 cm<\/p>\n<p>Funda desmontable y lavable<\/p>\n<p>Hipoalerg\u00e9nica y resistente a \u00e1caros<\/p>\n","protected":false},"excerpt":{"rendered":"<p>\ud83c\udf19 Almohada Ortop\u00e9dica Cervical Ergon\u00f3mica \ud83d\udecf\ufe0f\ud83d\udc86\u200d\u2640\ufe0f \ud83d\udce6\u00a0Empaque al vac\u00edo: Por temas de volumen, la almohada se env\u00eda comprimida. Una vez abras la bolsa, recuperar\u00e1 su tama\u00f1o normal. \u26a0\ufe0f\u00a0Nota importante: No enviar por Coordinadora ni TCC, ya que por el tama\u00f1o del paquete lo devuelven. \u2705 Beneficios principales: \u2728\u00a0Alivio inmediato del dolor cervical y de hombros. [&hellip;]<\/p>\n","protected":false},"featured_media":7895,"comment_status":"open","ping_status":"closed","template":"","meta":{"_surecart_dashboard_logo_width":"180px","_surecart_dashboard_show_logo":true,"_surecart_dashboard_navigation_orders":true,"_surecart_dashboard_navigation_invoices":true,"_surecart_dashboard_navigation_subscriptions":true,"_surecart_dashboard_navigation_downloads":true,"_surecart_dashboard_navigation_billing":true,"_surecart_dashboard_navigation_account":true,"_uag_custom_page_level_css":"","site-sidebar-layout":"default","site-content-layout":"","ast-site-content-layout":"default","site-content-style":"default","site-sidebar-style":"default","ast-global-header-display":"","ast-banner-title-visibility":"","ast-main-header-display":"","ast-hfb-above-header-display":"","ast-hfb-below-header-display":"","ast-hfb-mobile-header-display":"","site-post-title":"","ast-breadcrumbs-content":"","ast-featured-img":"","footer-sml-layout":"","ast-disable-related-posts":"","theme-transparent-header-meta":"default","adv-header-id-meta":"","stick-header-meta":"","header-above-stick-meta":"","header-main-stick-meta":"","header-below-stick-meta":"","astra-migrate-meta-layouts":"set","ast-page-background-enabled":"default","ast-page-background-meta":{"desktop":{"background-color":"var(--ast-global-color-4)","background-image":"","background-repeat":"repeat","background-position":"center center","background-size":"auto","background-attachment":"scroll","background-type":"","background-media":"","overlay-type":"","overlay-color":"","overlay-opacity":"","overlay-gradient":""},"tablet":{"background-color":"","background-image":"","background-repeat":"repeat","background-position":"center center","background-size":"auto","background-attachment":"scroll","background-type":"","background-media":"","overlay-type":"","overlay-color":"","overlay-opacity":"","overlay-gradient":""},"mobile":{"background-color":"","background-image":"","background-repeat":"repeat","background-position":"center center","background-size":"auto","background-attachment":"scroll","background-type":"","background-media":"","overlay-type":"","overlay-color":"","overlay-opacity":"","overlay-gradient":""}},"ast-content-background-meta":{"desktop":{"background-color":"var(--ast-global-color-5)","background-image":"","background-repeat":"repeat","background-position":"center center","background-size":"auto","background-attachment":"scroll","background-type":"","background-media":"","overlay-type":"","overlay-color":"","overlay-opacity":"","overlay-gradient":""},"tablet":{"background-color":"var(--ast-global-color-5)","background-image":"","background-repeat":"repeat","background-position":"center center","background-size":"auto","background-attachment":"scroll","background-type":"","background-media":"","overlay-type":"","overlay-color":"","overlay-opacity":"","overlay-gradient":""},"mobile":{"background-color":"var(--ast-global-color-5)","background-image":"","background-repeat":"repeat","background-position":"center center","background-size":"auto","background-attachment":"scroll","background-type":"","background-media":"","overlay-type":"","overlay-color":"","overlay-opacity":"","overlay-gradient":""}}},"product_brand":[],"product_cat":[15],"product_tag":[],"class_list":{"0":"post-7889","1":"product","2":"type-product","3":"status-publish","4":"has-post-thumbnail","6":"product_cat-uncategorized","7":"desktop-align-left","8":"tablet-align-left","9":"mobile-align-left","11":"first","12":"instock","13":"shipping-taxable","14":"purchasable","15":"product-type-simple"},"aioseo_notices":[],"uagb_featured_image_src":{"full":["https:\/\/tiendasdorado.online\/wp-content\/uploads\/2025\/12\/1758325881imgi_10_1729089926ALMOHADA-ORTOPEDICA223.webp",800,800,false],"thumbnail":["https:\/\/tiendasdorado.online\/wp-content\/uploads\/2025\/12\/1758325881imgi_10_1729089926ALMOHADA-ORTOPEDICA223-150x150.webp",150,150,true],"medium":["https:\/\/tiendasdorado.online\/wp-content\/uploads\/2025\/12\/1758325881imgi_10_1729089926ALMOHADA-ORTOPEDICA223-300x300.webp",300,300,true],"medium_large":["https:\/\/tiendasdorado.online\/wp-content\/uploads\/2025\/12\/1758325881imgi_10_1729089926ALMOHADA-ORTOPEDICA223-768x768.webp",768,768,true],"large":["https:\/\/tiendasdorado.online\/wp-content\/uploads\/2025\/12\/1758325881imgi_10_1729089926ALMOHADA-ORTOPEDICA223.webp",800,800,false],"1536x1536":["https:\/\/tiendasdorado.online\/wp-content\/uploads\/2025\/12\/1758325881imgi_10_1729089926ALMOHADA-ORTOPEDICA223.webp",800,800,false],"2048x2048":["https:\/\/tiendasdorado.online\/wp-content\/uploads\/2025\/12\/1758325881imgi_10_1729089926ALMOHADA-ORTOPEDICA223.webp",800,800,false],"woocommerce_thumbnail":["https:\/\/tiendasdorado.online\/wp-content\/uploads\/2025\/12\/1758325881imgi_10_1729089926ALMOHADA-ORTOPEDICA223-300x300.webp",300,300,true],"woocommerce_single":["https:\/\/tiendasdorado.online\/wp-content\/uploads\/2025\/12\/1758325881imgi_10_1729089926ALMOHADA-ORTOPEDICA223-600x600.webp",600,600,true],"woocommerce_gallery_thumbnail":["https:\/\/tiendasdorado.online\/wp-content\/uploads\/2025\/12\/1758325881imgi_10_1729089926ALMOHADA-ORTOPEDICA223-100x100.webp",100,100,true]},"uagb_author_info":{"display_name":"Crsitian Paguai","author_link":"https:\/\/tiendasdorado.online\/product-category\/catalogo\/author\/"},"uagb_comment_info":1,"uagb_excerpt":"\ud83c\udf19 Almohada Ortop\u00e9dica Cervical Ergon\u00f3mica \ud83d\udecf\ufe0f\ud83d\udc86\u200d\u2640\ufe0f \ud83d\udce6\u00a0Empaque al vac\u00edo: Por temas de volumen, la almohada se env\u00eda comprimida. Una vez abras la bolsa, recuperar\u00e1 su tama\u00f1o normal. \u26a0\ufe0f\u00a0Nota importante: No enviar por Coordinadora ni TCC, ya que por el tama\u00f1o del paquete lo devuelven. \u2705 Beneficios principales: \u2728\u00a0Alivio inmediato del dolor cervical y de hombros.&hellip;","_links":{"self":[{"href":"https:\/\/tiendasdorado.online\/product-category\/catalogo\/wp-json\/wp\/v2\/product\/7889","targetHints":{"allow":["GET"]}}],"collection":[{"href":"https:\/\/tiendasdorado.online\/product-category\/catalogo\/wp-json\/wp\/v2\/product"}],"about":[{"href":"https:\/\/tiendasdorado.online\/product-category\/catalogo\/wp-json\/wp\/v2\/types\/product"}],"replies":[{"embeddable":true,"href":"https:\/\/tiendasdorado.online\/product-category\/catalogo\/wp-json\/wp\/v2\/comments?post=7889"}],"wp:featuredmedia":[{"embeddable":true,"href":"https:\/\/tiendasdorado.online\/product-category\/catalogo\/wp-json\/wp\/v2\/media\/7895"}],"wp:attachment":[{"href":"https:\/\/tiendasdorado.online\/product-category\/catalogo\/wp-json\/wp\/v2\/media?parent=7889"}],"wp:term":[{"taxonomy":"product_brand","embeddable":true,"href":"https:\/\/tiendasdorado.online\/product-category\/catalogo\/wp-json\/wp\/v2\/product_brand?post=7889"},{"taxonomy":"product_cat","embeddable":true,"href":"https:\/\/tiendasdorado.online\/product-category\/catalogo\/wp-json\/wp\/v2\/product_cat?post=7889"},{"taxonomy":"product_tag","embeddable":true,"href":"https:\/\/tiendasdorado.online\/product-category\/catalogo\/wp-json\/wp\/v2\/product_tag?post=7889"}],"curies":[{"name":"wp","href":"https:\/\/api.w.org\/{rel}","templated":true}]}}