{"id":7874,"date":"2025-12-20T04:53:53","date_gmt":"2025-12-20T04:53:53","guid":{"rendered":"https:\/\/tiendasdorado.online\/product\/flotador-dona-inflable-piscina-lcj-174\/"},"modified":"2026-01-08T03:30:59","modified_gmt":"2026-01-08T03:30:59","slug":"flotador-dona-inflable-piscina-lcj-174","status":"publish","type":"product","link":"https:\/\/tiendasdorado.online\/product-category\/catalogo\/product\/flotador-dona-inflable-piscina-lcj-174\/","title":{"rendered":"Flotador Dona Inflable Piscina"},"content":{"rendered":"<p data-start=\"114\" data-end=\"307\"><strong>Sorprende a amigos y familiares con el regalo perfecto para el verano<\/strong> \u2600\ufe0f. Esta dona inflable a\u00f1ade un toque de alegr\u00eda a cualquier ocasi\u00f3n y es ideal para regalos festivos o eventos especiales.<\/p>\n<p data-start=\"309\" data-end=\"430\">Material: PVC.<br data-start=\"323\" data-end=\"326\" \/>Tama\u00f1o producto: 75 cm x 75 cm (inflado).<br data-start=\"367\" data-end=\"370\" \/>Tama\u00f1o aprox. empaque: 6 x 14 x 14 cm.<br data-start=\"408\" data-end=\"411\" \/>Peso aprox.: 194 g.<\/p>\n<p data-start=\"432\" data-end=\"539\">IMPORTANTE \u26a0\ufe0f: Utilizar inflador manual o el\u00e9ctrico, ya que de manera oral resulta pr\u00e1cticamente imposible.<\/p>\n<p data-start=\"541\" data-end=\"844\">Adem\u00e1s de ser perfecto para la piscina, este flotador tambi\u00e9n es ideal para su uso en playas o lagos. Con dimensiones perfectas, este flotador es lo suficientemente grande como para ser c\u00f3modo, pero lo suficientemente compacto como para ser f\u00e1cilmente transportado. Ideal para adultos y ni\u00f1os por igual.<\/p>\n<p data-start=\"846\" data-end=\"1106\">Fabricado con materiales de alta calidad, nuestro flotador garantiza resistencia y durabilidad. Disfruta de numerosas horas de diversi\u00f3n sin preocuparte por pinchazos ni desgaste. Sum\u00e9rgete en un mundo de diversi\u00f3n y relajaci\u00f3n con nuestro inflable de piscina.<\/p>\n<p data-start=\"1108\" data-end=\"1164\">Contenido del paquete:<br data-start=\"1130\" data-end=\"1133\" \/>1 flotador dona.<br data-start=\"1149\" data-end=\"1152\" \/>100 % nuevo.<\/p>\n","protected":false},"excerpt":{"rendered":"<p>Sorprende a amigos y familiares con el regalo perfecto para el verano \u2600\ufe0f. Esta dona inflable a\u00f1ade un toque de alegr\u00eda a cualquier ocasi\u00f3n y es ideal para regalos festivos o eventos especiales. Material: PVC.Tama\u00f1o producto: 75 cm x 75 cm (inflado).Tama\u00f1o aprox. empaque: 6 x 14 x 14 cm.Peso aprox.: 194 g. IMPORTANTE \u26a0\ufe0f: [&hellip;]<\/p>\n","protected":false},"featured_media":7883,"comment_status":"open","ping_status":"closed","template":"","meta":{"_surecart_dashboard_logo_width":"180px","_surecart_dashboard_show_logo":true,"_surecart_dashboard_navigation_orders":true,"_surecart_dashboard_navigation_invoices":true,"_surecart_dashboard_navigation_subscriptions":true,"_surecart_dashboard_navigation_downloads":true,"_surecart_dashboard_navigation_billing":true,"_surecart_dashboard_navigation_account":true,"_uag_custom_page_level_css":"","site-sidebar-layout":"default","site-content-layout":"","ast-site-content-layout":"default","site-content-style":"default","site-sidebar-style":"default","ast-global-header-display":"","ast-banner-title-visibility":"","ast-main-header-display":"","ast-hfb-above-header-display":"","ast-hfb-below-header-display":"","ast-hfb-mobile-header-display":"","site-post-title":"","ast-breadcrumbs-content":"","ast-featured-img":"","footer-sml-layout":"","ast-disable-related-posts":"","theme-transparent-header-meta":"default","adv-header-id-meta":"","stick-header-meta":"","header-above-stick-meta":"","header-main-stick-meta":"","header-below-stick-meta":"","astra-migrate-meta-layouts":"set","ast-page-background-enabled":"default","ast-page-background-meta":{"desktop":{"background-color":"var(--ast-global-color-4)","background-image":"","background-repeat":"repeat","background-position":"center center","background-size":"auto","background-attachment":"scroll","background-type":"","background-media":"","overlay-type":"","overlay-color":"","overlay-opacity":"","overlay-gradient":""},"tablet":{"background-color":"","background-image":"","background-repeat":"repeat","background-position":"center center","background-size":"auto","background-attachment":"scroll","background-type":"","background-media":"","overlay-type":"","overlay-color":"","overlay-opacity":"","overlay-gradient":""},"mobile":{"background-color":"","background-image":"","background-repeat":"repeat","background-position":"center center","background-size":"auto","background-attachment":"scroll","background-type":"","background-media":"","overlay-type":"","overlay-color":"","overlay-opacity":"","overlay-gradient":""}},"ast-content-background-meta":{"desktop":{"background-color":"var(--ast-global-color-5)","background-image":"","background-repeat":"repeat","background-position":"center center","background-size":"auto","background-attachment":"scroll","background-type":"","background-media":"","overlay-type":"","overlay-color":"","overlay-opacity":"","overlay-gradient":""},"tablet":{"background-color":"var(--ast-global-color-5)","background-image":"","background-repeat":"repeat","background-position":"center center","background-size":"auto","background-attachment":"scroll","background-type":"","background-media":"","overlay-type":"","overlay-color":"","overlay-opacity":"","overlay-gradient":""},"mobile":{"background-color":"var(--ast-global-color-5)","background-image":"","background-repeat":"repeat","background-position":"center center","background-size":"auto","background-attachment":"scroll","background-type":"","background-media":"","overlay-type":"","overlay-color":"","overlay-opacity":"","overlay-gradient":""}}},"product_brand":[],"product_cat":[60],"product_tag":[],"class_list":{"0":"post-7874","1":"product","2":"type-product","3":"status-publish","4":"has-post-thumbnail","6":"product_cat-jugueteria","7":"desktop-align-left","8":"tablet-align-left","9":"mobile-align-left","11":"first","12":"instock","13":"shipping-taxable","14":"purchasable","15":"product-type-simple"},"aioseo_notices":[],"uagb_featured_image_src":{"full":["https:\/\/tiendasdorado.online\/wp-content\/uploads\/2025\/12\/17374134261.1-FlotadorDonaInflableSalvavidasPiscinaPoolLJC-174.jpg",1200,1200,false],"thumbnail":["https:\/\/tiendasdorado.online\/wp-content\/uploads\/2025\/12\/17374134261.1-FlotadorDonaInflableSalvavidasPiscinaPoolLJC-174-150x150.jpg",150,150,true],"medium":["https:\/\/tiendasdorado.online\/wp-content\/uploads\/2025\/12\/17374134261.1-FlotadorDonaInflableSalvavidasPiscinaPoolLJC-174-300x300.jpg",300,300,true],"medium_large":["https:\/\/tiendasdorado.online\/wp-content\/uploads\/2025\/12\/17374134261.1-FlotadorDonaInflableSalvavidasPiscinaPoolLJC-174-768x768.jpg",768,768,true],"large":["https:\/\/tiendasdorado.online\/wp-content\/uploads\/2025\/12\/17374134261.1-FlotadorDonaInflableSalvavidasPiscinaPoolLJC-174-1024x1024.jpg",1024,1024,true],"1536x1536":["https:\/\/tiendasdorado.online\/wp-content\/uploads\/2025\/12\/17374134261.1-FlotadorDonaInflableSalvavidasPiscinaPoolLJC-174.jpg",1200,1200,false],"2048x2048":["https:\/\/tiendasdorado.online\/wp-content\/uploads\/2025\/12\/17374134261.1-FlotadorDonaInflableSalvavidasPiscinaPoolLJC-174.jpg",1200,1200,false],"woocommerce_thumbnail":["https:\/\/tiendasdorado.online\/wp-content\/uploads\/2025\/12\/17374134261.1-FlotadorDonaInflableSalvavidasPiscinaPoolLJC-174-300x300.jpg",300,300,true],"woocommerce_single":["https:\/\/tiendasdorado.online\/wp-content\/uploads\/2025\/12\/17374134261.1-FlotadorDonaInflableSalvavidasPiscinaPoolLJC-174-600x600.jpg",600,600,true],"woocommerce_gallery_thumbnail":["https:\/\/tiendasdorado.online\/wp-content\/uploads\/2025\/12\/17374134261.1-FlotadorDonaInflableSalvavidasPiscinaPoolLJC-174-100x100.jpg",100,100,true]},"uagb_author_info":{"display_name":"Crsitian Paguai","author_link":"https:\/\/tiendasdorado.online\/product-category\/catalogo\/author\/"},"uagb_comment_info":0,"uagb_excerpt":"Sorprende a amigos y familiares con el regalo perfecto para el verano \u2600\ufe0f. Esta dona inflable a\u00f1ade un toque de alegr\u00eda a cualquier ocasi\u00f3n y es ideal para regalos festivos o eventos especiales. Material: PVC.Tama\u00f1o producto: 75 cm x 75 cm (inflado).Tama\u00f1o aprox. empaque: 6 x 14 x 14 cm.Peso aprox.: 194 g. IMPORTANTE \u26a0\ufe0f:&hellip;","_links":{"self":[{"href":"https:\/\/tiendasdorado.online\/product-category\/catalogo\/wp-json\/wp\/v2\/product\/7874","targetHints":{"allow":["GET"]}}],"collection":[{"href":"https:\/\/tiendasdorado.online\/product-category\/catalogo\/wp-json\/wp\/v2\/product"}],"about":[{"href":"https:\/\/tiendasdorado.online\/product-category\/catalogo\/wp-json\/wp\/v2\/types\/product"}],"replies":[{"embeddable":true,"href":"https:\/\/tiendasdorado.online\/product-category\/catalogo\/wp-json\/wp\/v2\/comments?post=7874"}],"wp:featuredmedia":[{"embeddable":true,"href":"https:\/\/tiendasdorado.online\/product-category\/catalogo\/wp-json\/wp\/v2\/media\/7883"}],"wp:attachment":[{"href":"https:\/\/tiendasdorado.online\/product-category\/catalogo\/wp-json\/wp\/v2\/media?parent=7874"}],"wp:term":[{"taxonomy":"product_brand","embeddable":true,"href":"https:\/\/tiendasdorado.online\/product-category\/catalogo\/wp-json\/wp\/v2\/product_brand?post=7874"},{"taxonomy":"product_cat","embeddable":true,"href":"https:\/\/tiendasdorado.online\/product-category\/catalogo\/wp-json\/wp\/v2\/product_cat?post=7874"},{"taxonomy":"product_tag","embeddable":true,"href":"https:\/\/tiendasdorado.online\/product-category\/catalogo\/wp-json\/wp\/v2\/product_tag?post=7874"}],"curies":[{"name":"wp","href":"https:\/\/api.w.org\/{rel}","templated":true}]}}