{"id":7861,"date":"2025-12-19T02:43:59","date_gmt":"2025-12-19T02:43:59","guid":{"rendered":"https:\/\/tiendasdorado.online\/product\/robot-wall-e-a-control-remoto-juguete\/"},"modified":"2025-12-19T02:47:24","modified_gmt":"2025-12-19T02:47:24","slug":"robot-wall-e-a-control-remoto-juguete","status":"publish","type":"product","link":"https:\/\/tiendasdorado.online\/product-category\/catalogo\/product\/robot-wall-e-a-control-remoto-juguete\/","title":{"rendered":"ROBOT WALL-E A CONTROL REMOTO  JUGUETE"},"content":{"rendered":"<p>WALL-E cobra vida como un robot de juguete controlado a distancia con control remoto. Esta figura RC representa aut\u00e9nticamente el dise\u00f1o del personaje del robot compactador de basura. El control remoto es f\u00e1cil de maniobrar para ni\u00f1os de 4 a\u00f1os en adelante y les permite enviar WALLE hacia adelante y cambiar de direcci\u00f3n a trav\u00e9s de giros.<\/p>\n<p>Los robots son, sin duda, los mejores juguetes educativos que puedes regalarle a los peque\u00f1os de la casa. Son una excelente opci\u00f3n para adentrar a los ni\u00f1os dentro del mundo tecnol\u00f3gico. Con este personaje de Disney despertar\u00e1s su curiosidad y promover\u00e1s su razonamiento y creatividad en todo momento.<\/p>\n<p>\u2022 Recomendado a partir de los 4 a\u00f1os.<br \/>\n\u2022 Alimentando el juego imaginativo, esta unidad WALLE con control remoto puede avanzar y retroceder con un giro.<br \/>\n\u2022 Es un gran juguete para ni\u00f1os y fan\u00e1ticos de 4 a\u00f1os en adelante, a quienes les encantar\u00e1 participar y jugar con este robot mejor amigo.<br \/>\n\u2022 Requiere: (3) pilas AAA 1,5 V para figura Wall-E (no incluidas)<br \/>\n\u2022 (2) x pilas AAA 1,5 V para control remoto (no incluidas)<\/p>\n","protected":false},"excerpt":{"rendered":"<p>Bebes, juegos y juguetes<\/p>\n","protected":false},"featured_media":7860,"comment_status":"open","ping_status":"closed","template":"","meta":{"_surecart_dashboard_logo_width":"180px","_surecart_dashboard_show_logo":true,"_surecart_dashboard_navigation_orders":true,"_surecart_dashboard_navigation_invoices":true,"_surecart_dashboard_navigation_subscriptions":true,"_surecart_dashboard_navigation_downloads":true,"_surecart_dashboard_navigation_billing":true,"_surecart_dashboard_navigation_account":true,"_uag_custom_page_level_css":"","site-sidebar-layout":"default","site-content-layout":"","ast-site-content-layout":"default","site-content-style":"default","site-sidebar-style":"default","ast-global-header-display":"","ast-banner-title-visibility":"","ast-main-header-display":"","ast-hfb-above-header-display":"","ast-hfb-below-header-display":"","ast-hfb-mobile-header-display":"","site-post-title":"","ast-breadcrumbs-content":"","ast-featured-img":"","footer-sml-layout":"","ast-disable-related-posts":"","theme-transparent-header-meta":"default","adv-header-id-meta":"","stick-header-meta":"","header-above-stick-meta":"","header-main-stick-meta":"","header-below-stick-meta":"","astra-migrate-meta-layouts":"set","ast-page-background-enabled":"default","ast-page-background-meta":{"desktop":{"background-color":"var(--ast-global-color-4)","background-image":"","background-repeat":"repeat","background-position":"center center","background-size":"auto","background-attachment":"scroll","background-type":"","background-media":"","overlay-type":"","overlay-color":"","overlay-opacity":"","overlay-gradient":""},"tablet":{"background-color":"","background-image":"","background-repeat":"repeat","background-position":"center center","background-size":"auto","background-attachment":"scroll","background-type":"","background-media":"","overlay-type":"","overlay-color":"","overlay-opacity":"","overlay-gradient":""},"mobile":{"background-color":"","background-image":"","background-repeat":"repeat","background-position":"center center","background-size":"auto","background-attachment":"scroll","background-type":"","background-media":"","overlay-type":"","overlay-color":"","overlay-opacity":"","overlay-gradient":""}},"ast-content-background-meta":{"desktop":{"background-color":"var(--ast-global-color-5)","background-image":"","background-repeat":"repeat","background-position":"center center","background-size":"auto","background-attachment":"scroll","background-type":"","background-media":"","overlay-type":"","overlay-color":"","overlay-opacity":"","overlay-gradient":""},"tablet":{"background-color":"var(--ast-global-color-5)","background-image":"","background-repeat":"repeat","background-position":"center center","background-size":"auto","background-attachment":"scroll","background-type":"","background-media":"","overlay-type":"","overlay-color":"","overlay-opacity":"","overlay-gradient":""},"mobile":{"background-color":"var(--ast-global-color-5)","background-image":"","background-repeat":"repeat","background-position":"center center","background-size":"auto","background-attachment":"scroll","background-type":"","background-media":"","overlay-type":"","overlay-color":"","overlay-opacity":"","overlay-gradient":""}}},"product_brand":[],"product_cat":[60],"product_tag":[],"class_list":{"0":"post-7861","1":"product","2":"type-product","3":"status-publish","4":"has-post-thumbnail","6":"product_cat-jugueteria","7":"desktop-align-left","8":"tablet-align-left","9":"mobile-align-left","11":"first","12":"instock","13":"shipping-taxable","14":"purchasable","15":"product-type-simple"},"aioseo_notices":[],"uagb_featured_image_src":{"full":["https:\/\/tiendasdorado.online\/wp-content\/uploads\/2025\/12\/productImage-1764180177575.jpeg",960,1280,false],"thumbnail":["https:\/\/tiendasdorado.online\/wp-content\/uploads\/2025\/12\/productImage-1764180177575-150x150.jpeg",150,150,true],"medium":["https:\/\/tiendasdorado.online\/wp-content\/uploads\/2025\/12\/productImage-1764180177575-225x300.jpeg",225,300,true],"medium_large":["https:\/\/tiendasdorado.online\/wp-content\/uploads\/2025\/12\/productImage-1764180177575-768x1024.jpeg",768,1024,true],"large":["https:\/\/tiendasdorado.online\/wp-content\/uploads\/2025\/12\/productImage-1764180177575-768x1024.jpeg",768,1024,true],"1536x1536":["https:\/\/tiendasdorado.online\/wp-content\/uploads\/2025\/12\/productImage-1764180177575.jpeg",960,1280,false],"2048x2048":["https:\/\/tiendasdorado.online\/wp-content\/uploads\/2025\/12\/productImage-1764180177575.jpeg",960,1280,false],"woocommerce_thumbnail":["https:\/\/tiendasdorado.online\/wp-content\/uploads\/2025\/12\/productImage-1764180177575-300x300.jpeg",300,300,true],"woocommerce_single":["https:\/\/tiendasdorado.online\/wp-content\/uploads\/2025\/12\/productImage-1764180177575-600x800.jpeg",600,800,true],"woocommerce_gallery_thumbnail":["https:\/\/tiendasdorado.online\/wp-content\/uploads\/2025\/12\/productImage-1764180177575-100x100.jpeg",100,100,true]},"uagb_author_info":{"display_name":"Crsitian Paguai","author_link":"https:\/\/tiendasdorado.online\/product-category\/catalogo\/author\/"},"uagb_comment_info":0,"uagb_excerpt":"Bebes, juegos y juguetes","_links":{"self":[{"href":"https:\/\/tiendasdorado.online\/product-category\/catalogo\/wp-json\/wp\/v2\/product\/7861","targetHints":{"allow":["GET"]}}],"collection":[{"href":"https:\/\/tiendasdorado.online\/product-category\/catalogo\/wp-json\/wp\/v2\/product"}],"about":[{"href":"https:\/\/tiendasdorado.online\/product-category\/catalogo\/wp-json\/wp\/v2\/types\/product"}],"replies":[{"embeddable":true,"href":"https:\/\/tiendasdorado.online\/product-category\/catalogo\/wp-json\/wp\/v2\/comments?post=7861"}],"wp:featuredmedia":[{"embeddable":true,"href":"https:\/\/tiendasdorado.online\/product-category\/catalogo\/wp-json\/wp\/v2\/media\/7860"}],"wp:attachment":[{"href":"https:\/\/tiendasdorado.online\/product-category\/catalogo\/wp-json\/wp\/v2\/media?parent=7861"}],"wp:term":[{"taxonomy":"product_brand","embeddable":true,"href":"https:\/\/tiendasdorado.online\/product-category\/catalogo\/wp-json\/wp\/v2\/product_brand?post=7861"},{"taxonomy":"product_cat","embeddable":true,"href":"https:\/\/tiendasdorado.online\/product-category\/catalogo\/wp-json\/wp\/v2\/product_cat?post=7861"},{"taxonomy":"product_tag","embeddable":true,"href":"https:\/\/tiendasdorado.online\/product-category\/catalogo\/wp-json\/wp\/v2\/product_tag?post=7861"}],"curies":[{"name":"wp","href":"https:\/\/api.w.org\/{rel}","templated":true}]}}