{"id":7847,"date":"2025-12-13T21:21:48","date_gmt":"2025-12-13T21:21:48","guid":{"rendered":"https:\/\/tiendasdorado.online\/product\/tv-stick\/"},"modified":"2026-01-13T21:36:32","modified_gmt":"2026-01-14T02:36:32","slug":"tv-stick","status":"publish","type":"product","link":"https:\/\/tiendasdorado.online\/product-category\/catalogo\/product\/tv-stick\/","title":{"rendered":"Android TV Stick \u2013 Convierte tu TV en Smart TV en Colombia"},"content":{"rendered":"<p data-start=\"252\" data-end=\"363\">\ud83d\udcfa <strong data-start=\"255\" data-end=\"305\">Convierte tu TV en Smart TV con el TV Stick R3<\/strong><br data-start=\"305\" data-end=\"308\" \/><strong data-start=\"308\" data-end=\"363\">Android 14 \u00b7 Resoluci\u00f3n 4K \u00b7 16GB de almacenamiento<\/strong><\/p>\n<p data-start=\"365\" data-end=\"577\">\u00bfTu televisor no es Smart o se qued\u00f3 lento? Con el <strong data-start=\"416\" data-end=\"431\">TV Stick R3<\/strong> puedes convertir cualquier TV con entrada HDMI en un <strong data-start=\"485\" data-end=\"514\">Smart TV moderno y r\u00e1pido<\/strong> en solo minutos. Ideal para el hogar, la oficina o el negocio.<\/p>\n<p data-start=\"579\" data-end=\"947\">\u26a1 <strong data-start=\"581\" data-end=\"619\">Buen rendimiento para el d\u00eda a d\u00eda<\/strong><br data-start=\"619\" data-end=\"622\" \/>Con <strong data-start=\"626\" data-end=\"666\">2GB de RAM y 16GB de memoria interna<\/strong>, disfruta de tus plataformas favoritas sin trabarse. Descarga aplicaciones, reproduce contenido en streaming y usa apps desde la tienda abierta de Android sin problemas.<br data-start=\"836\" data-end=\"839\" \/>Su procesador <strong data-start=\"853\" data-end=\"881\">AllWinner H313 Quad-Core<\/strong> y la <strong data-start=\"887\" data-end=\"903\">GPU Mali-450<\/strong> ofrecen un funcionamiento estable y fluido.<\/p>\n<p data-start=\"949\" data-end=\"1188\">\ud83c\udfac <strong data-start=\"952\" data-end=\"983\">Excelente calidad de imagen<\/strong><br data-start=\"983\" data-end=\"986\" \/>Compatible con <strong data-start=\"1001\" data-end=\"1021\">4K, Full HD y HD<\/strong>, brinda im\u00e1genes n\u00edtidas y colores vivos. La tecnolog\u00eda <strong data-start=\"1078\" data-end=\"1087\">H.265<\/strong> permite ver contenido en alta calidad consumiendo menos internet, ideal para conexiones en Colombia.<\/p>\n<p data-start=\"1190\" data-end=\"1443\">\ud83e\udd16 <strong data-start=\"1193\" data-end=\"1219\">Android 14 actualizado<\/strong><br data-start=\"1219\" data-end=\"1222\" \/>Sistema Android 14 para mayor compatibilidad y mejor rendimiento. Accede a miles de aplicaciones, disfruta de <strong data-start=\"1332\" data-end=\"1344\">Magis TV<\/strong>, duplicaci\u00f3n de pantalla y \u00fasalo para entretenimiento, clases virtuales, presentaciones o trabajo.<\/p>\n<p data-start=\"1445\" data-end=\"1629\">\ud83d\udce1 <strong data-start=\"1448\" data-end=\"1486\">Conectividad pr\u00e1ctica y compatible<\/strong><br data-start=\"1486\" data-end=\"1489\" \/>Incluye <strong data-start=\"1497\" data-end=\"1512\">WiFi 2.4GHz<\/strong>, puerto <strong data-start=\"1521\" data-end=\"1529\">HDMI<\/strong>, <strong data-start=\"1531\" data-end=\"1538\">USB<\/strong> y lector de memoria. Funciona con televisores, monitores y proyectores sin complicaciones.<\/p>\n<p data-start=\"1631\" data-end=\"1779\">\u2728 <strong data-start=\"1633\" data-end=\"1701\">Haz tu TV m\u00e1s inteligente, r\u00e1pido y completo con el TV Stick R3.<\/strong><br data-start=\"1701\" data-end=\"1704\" \/>Una soluci\u00f3n econ\u00f3mica y pr\u00e1ctica para modernizar tu televisor en Colombia.<\/p>\n<p data-start=\"1781\" data-end=\"1830\">\ud83d\udce6 <strong data-start=\"1784\" data-end=\"1797\">Garant\u00eda:<\/strong> 30 d\u00edas<br data-start=\"1805\" data-end=\"1808\" \/><em data-start=\"1808\" data-end=\"1830\">Sujeto a condiciones<\/em><\/p>\n","protected":false},"excerpt":{"rendered":"<p>Tecnolog\u00eda<\/p>\n","protected":false},"featured_media":7846,"comment_status":"open","ping_status":"closed","template":"","meta":{"_surecart_dashboard_logo_width":"180px","_surecart_dashboard_show_logo":true,"_surecart_dashboard_navigation_orders":true,"_surecart_dashboard_navigation_invoices":true,"_surecart_dashboard_navigation_subscriptions":true,"_surecart_dashboard_navigation_downloads":true,"_surecart_dashboard_navigation_billing":true,"_surecart_dashboard_navigation_account":true,"_uag_custom_page_level_css":"","site-sidebar-layout":"default","site-content-layout":"","ast-site-content-layout":"default","site-content-style":"default","site-sidebar-style":"default","ast-global-header-display":"","ast-banner-title-visibility":"","ast-main-header-display":"","ast-hfb-above-header-display":"","ast-hfb-below-header-display":"","ast-hfb-mobile-header-display":"","site-post-title":"","ast-breadcrumbs-content":"","ast-featured-img":"","footer-sml-layout":"","ast-disable-related-posts":"","theme-transparent-header-meta":"default","adv-header-id-meta":"","stick-header-meta":"","header-above-stick-meta":"","header-main-stick-meta":"","header-below-stick-meta":"","astra-migrate-meta-layouts":"set","ast-page-background-enabled":"default","ast-page-background-meta":{"desktop":{"background-color":"var(--ast-global-color-4)","background-image":"","background-repeat":"repeat","background-position":"center center","background-size":"auto","background-attachment":"scroll","background-type":"","background-media":"","overlay-type":"","overlay-color":"","overlay-opacity":"","overlay-gradient":""},"tablet":{"background-color":"","background-image":"","background-repeat":"repeat","background-position":"center center","background-size":"auto","background-attachment":"scroll","background-type":"","background-media":"","overlay-type":"","overlay-color":"","overlay-opacity":"","overlay-gradient":""},"mobile":{"background-color":"","background-image":"","background-repeat":"repeat","background-position":"center center","background-size":"auto","background-attachment":"scroll","background-type":"","background-media":"","overlay-type":"","overlay-color":"","overlay-opacity":"","overlay-gradient":""}},"ast-content-background-meta":{"desktop":{"background-color":"var(--ast-global-color-5)","background-image":"","background-repeat":"repeat","background-position":"center center","background-size":"auto","background-attachment":"scroll","background-type":"","background-media":"","overlay-type":"","overlay-color":"","overlay-opacity":"","overlay-gradient":""},"tablet":{"background-color":"var(--ast-global-color-5)","background-image":"","background-repeat":"repeat","background-position":"center center","background-size":"auto","background-attachment":"scroll","background-type":"","background-media":"","overlay-type":"","overlay-color":"","overlay-opacity":"","overlay-gradient":""},"mobile":{"background-color":"var(--ast-global-color-5)","background-image":"","background-repeat":"repeat","background-position":"center center","background-size":"auto","background-attachment":"scroll","background-type":"","background-media":"","overlay-type":"","overlay-color":"","overlay-opacity":"","overlay-gradient":""}}},"product_brand":[],"product_cat":[56],"product_tag":[],"class_list":{"0":"post-7847","1":"product","2":"type-product","3":"status-publish","4":"has-post-thumbnail","6":"product_cat-tecnologia","7":"desktop-align-left","8":"tablet-align-left","9":"mobile-align-left","11":"first","12":"instock","13":"shipping-taxable","14":"purchasable","15":"product-type-simple"},"aioseo_notices":[],"uagb_featured_image_src":{"full":["https:\/\/tiendasdorado.online\/wp-content\/uploads\/2025\/12\/productImage-1763669910258.jpeg",1206,1203,false],"thumbnail":["https:\/\/tiendasdorado.online\/wp-content\/uploads\/2025\/12\/productImage-1763669910258-150x150.jpeg",150,150,true],"medium":["https:\/\/tiendasdorado.online\/wp-content\/uploads\/2025\/12\/productImage-1763669910258-300x300.jpeg",300,300,true],"medium_large":["https:\/\/tiendasdorado.online\/wp-content\/uploads\/2025\/12\/productImage-1763669910258-768x766.jpeg",768,766,true],"large":["https:\/\/tiendasdorado.online\/wp-content\/uploads\/2025\/12\/productImage-1763669910258-1024x1021.jpeg",1024,1021,true],"1536x1536":["https:\/\/tiendasdorado.online\/wp-content\/uploads\/2025\/12\/productImage-1763669910258.jpeg",1206,1203,false],"2048x2048":["https:\/\/tiendasdorado.online\/wp-content\/uploads\/2025\/12\/productImage-1763669910258.jpeg",1206,1203,false],"woocommerce_thumbnail":["https:\/\/tiendasdorado.online\/wp-content\/uploads\/2025\/12\/productImage-1763669910258-300x300.jpeg",300,300,true],"woocommerce_single":["https:\/\/tiendasdorado.online\/wp-content\/uploads\/2025\/12\/productImage-1763669910258-600x599.jpeg",600,599,true],"woocommerce_gallery_thumbnail":["https:\/\/tiendasdorado.online\/wp-content\/uploads\/2025\/12\/productImage-1763669910258-100x100.jpeg",100,100,true]},"uagb_author_info":{"display_name":"Crsitian Paguai","author_link":"https:\/\/tiendasdorado.online\/product-category\/catalogo\/author\/"},"uagb_comment_info":0,"uagb_excerpt":"Tecnolog\u00eda","_links":{"self":[{"href":"https:\/\/tiendasdorado.online\/product-category\/catalogo\/wp-json\/wp\/v2\/product\/7847","targetHints":{"allow":["GET"]}}],"collection":[{"href":"https:\/\/tiendasdorado.online\/product-category\/catalogo\/wp-json\/wp\/v2\/product"}],"about":[{"href":"https:\/\/tiendasdorado.online\/product-category\/catalogo\/wp-json\/wp\/v2\/types\/product"}],"replies":[{"embeddable":true,"href":"https:\/\/tiendasdorado.online\/product-category\/catalogo\/wp-json\/wp\/v2\/comments?post=7847"}],"wp:featuredmedia":[{"embeddable":true,"href":"https:\/\/tiendasdorado.online\/product-category\/catalogo\/wp-json\/wp\/v2\/media\/7846"}],"wp:attachment":[{"href":"https:\/\/tiendasdorado.online\/product-category\/catalogo\/wp-json\/wp\/v2\/media?parent=7847"}],"wp:term":[{"taxonomy":"product_brand","embeddable":true,"href":"https:\/\/tiendasdorado.online\/product-category\/catalogo\/wp-json\/wp\/v2\/product_brand?post=7847"},{"taxonomy":"product_cat","embeddable":true,"href":"https:\/\/tiendasdorado.online\/product-category\/catalogo\/wp-json\/wp\/v2\/product_cat?post=7847"},{"taxonomy":"product_tag","embeddable":true,"href":"https:\/\/tiendasdorado.online\/product-category\/catalogo\/wp-json\/wp\/v2\/product_tag?post=7847"}],"curies":[{"name":"wp","href":"https:\/\/api.w.org\/{rel}","templated":true}]}}