{"id":7825,"date":"2025-11-24T00:38:26","date_gmt":"2025-11-24T00:38:26","guid":{"rendered":"https:\/\/tiendasdorado.online\/product\/parlante-charge-3\/"},"modified":"2026-01-04T22:28:58","modified_gmt":"2026-01-04T22:28:58","slug":"parlante-charge-3","status":"publish","type":"product","link":"https:\/\/tiendasdorado.online\/product-category\/catalogo\/product\/parlante-charge-3\/","title":{"rendered":"PARLANTE CHARGE 3"},"content":{"rendered":"<h3 data-start=\"76\" data-end=\"108\"><strong data-start=\"80\" data-end=\"108\">Descripci\u00f3n del Producto<\/strong><\/h3>\n<p data-start=\"110\" data-end=\"430\">Potente sistema de altavoces que ofrece una excelente calidad de sonido. Cuenta con conectividad Bluetooth compatible con cualquier dispositivo m\u00f3vil, con un alcance m\u00e1ximo de <strong data-start=\"286\" data-end=\"299\">10 metros<\/strong>. Incorpora una <strong data-start=\"315\" data-end=\"362\">bater\u00eda recargable de ion-litio de 4000 mAh<\/strong>, capaz de proporcionar hasta <strong data-start=\"392\" data-end=\"429\">20 horas de reproducci\u00f3n continua<\/strong>.<\/p>\n<p data-start=\"432\" data-end=\"597\">Su dise\u00f1o c\u00f3nico y port\u00e1til lo hace f\u00e1cil de transportar. Incluye <strong data-start=\"498\" data-end=\"521\">micr\u00f3fono integrado<\/strong> para recibir llamadas y diversos modos de reproducci\u00f3n. Adem\u00e1s, dispone de:<\/p>\n<ul data-start=\"599\" data-end=\"810\">\n<li data-start=\"599\" data-end=\"643\">\n<p data-start=\"601\" data-end=\"643\">Entrada auxiliar universal de <strong data-start=\"631\" data-end=\"641\">3.5 mm<\/strong><\/p>\n<\/li>\n<li data-start=\"644\" data-end=\"718\">\n<p data-start=\"646\" data-end=\"718\">Entrada para tarjeta <strong data-start=\"667\" data-end=\"678\">SD (TF)<\/strong> para reproducir m\u00fasica en formato MP3<\/p>\n<\/li>\n<li data-start=\"719\" data-end=\"765\">\n<p data-start=\"721\" data-end=\"765\">Puerto <strong data-start=\"728\" data-end=\"735\">USB<\/strong> para reproducci\u00f3n de m\u00fasica<\/p>\n<\/li>\n<li data-start=\"766\" data-end=\"810\">\n<p data-start=\"768\" data-end=\"810\">Resistencia a <strong data-start=\"782\" data-end=\"810\">salpicaduras de l\u00edquidos<\/strong><\/p>\n<\/li>\n<li data-start=\"766\" data-end=\"810\">\n<h2>Pol\u00edtica de Garant\u00eda<\/h2>\n<p class=\"pre-line\">Aplica para orden incompleta 10 d\u00edas, mal funcionamiento 10 d\u00edas, producto roto 10 d\u00edas, orden diferente 10 d\u00edas<\/p>\n<\/li>\n<\/ul>\n","protected":false},"excerpt":{"rendered":"<p>Tecnolog\u00eda y electrodomesticos<\/p>\n","protected":false},"featured_media":7824,"comment_status":"open","ping_status":"closed","template":"","meta":{"_surecart_dashboard_logo_width":"180px","_surecart_dashboard_show_logo":true,"_surecart_dashboard_navigation_orders":true,"_surecart_dashboard_navigation_invoices":true,"_surecart_dashboard_navigation_subscriptions":true,"_surecart_dashboard_navigation_downloads":true,"_surecart_dashboard_navigation_billing":true,"_surecart_dashboard_navigation_account":true,"_uag_custom_page_level_css":"","site-sidebar-layout":"default","site-content-layout":"","ast-site-content-layout":"default","site-content-style":"default","site-sidebar-style":"default","ast-global-header-display":"","ast-banner-title-visibility":"","ast-main-header-display":"","ast-hfb-above-header-display":"","ast-hfb-below-header-display":"","ast-hfb-mobile-header-display":"","site-post-title":"","ast-breadcrumbs-content":"","ast-featured-img":"","footer-sml-layout":"","ast-disable-related-posts":"","theme-transparent-header-meta":"default","adv-header-id-meta":"","stick-header-meta":"","header-above-stick-meta":"","header-main-stick-meta":"","header-below-stick-meta":"","astra-migrate-meta-layouts":"set","ast-page-background-enabled":"default","ast-page-background-meta":{"desktop":{"background-color":"var(--ast-global-color-4)","background-image":"","background-repeat":"repeat","background-position":"center center","background-size":"auto","background-attachment":"scroll","background-type":"","background-media":"","overlay-type":"","overlay-color":"","overlay-opacity":"","overlay-gradient":""},"tablet":{"background-color":"","background-image":"","background-repeat":"repeat","background-position":"center center","background-size":"auto","background-attachment":"scroll","background-type":"","background-media":"","overlay-type":"","overlay-color":"","overlay-opacity":"","overlay-gradient":""},"mobile":{"background-color":"","background-image":"","background-repeat":"repeat","background-position":"center center","background-size":"auto","background-attachment":"scroll","background-type":"","background-media":"","overlay-type":"","overlay-color":"","overlay-opacity":"","overlay-gradient":""}},"ast-content-background-meta":{"desktop":{"background-color":"var(--ast-global-color-5)","background-image":"","background-repeat":"repeat","background-position":"center center","background-size":"auto","background-attachment":"scroll","background-type":"","background-media":"","overlay-type":"","overlay-color":"","overlay-opacity":"","overlay-gradient":""},"tablet":{"background-color":"var(--ast-global-color-5)","background-image":"","background-repeat":"repeat","background-position":"center center","background-size":"auto","background-attachment":"scroll","background-type":"","background-media":"","overlay-type":"","overlay-color":"","overlay-opacity":"","overlay-gradient":""},"mobile":{"background-color":"var(--ast-global-color-5)","background-image":"","background-repeat":"repeat","background-position":"center center","background-size":"auto","background-attachment":"scroll","background-type":"","background-media":"","overlay-type":"","overlay-color":"","overlay-opacity":"","overlay-gradient":""}}},"product_brand":[],"product_cat":[56],"product_tag":[],"class_list":{"0":"post-7825","1":"product","2":"type-product","3":"status-publish","4":"has-post-thumbnail","6":"product_cat-tecnologia","7":"desktop-align-left","8":"tablet-align-left","9":"mobile-align-left","11":"first","12":"instock","13":"shipping-taxable","14":"purchasable","15":"product-type-simple"},"aioseo_notices":[],"uagb_featured_image_src":{"full":["https:\/\/tiendasdorado.online\/wp-content\/uploads\/2025\/11\/productImage-1717791186747.webp",500,497,false],"thumbnail":["https:\/\/tiendasdorado.online\/wp-content\/uploads\/2025\/11\/productImage-1717791186747-150x150.webp",150,150,true],"medium":["https:\/\/tiendasdorado.online\/wp-content\/uploads\/2025\/11\/productImage-1717791186747-300x298.webp",300,298,true],"medium_large":["https:\/\/tiendasdorado.online\/wp-content\/uploads\/2025\/11\/productImage-1717791186747.webp",500,497,false],"large":["https:\/\/tiendasdorado.online\/wp-content\/uploads\/2025\/11\/productImage-1717791186747.webp",500,497,false],"1536x1536":["https:\/\/tiendasdorado.online\/wp-content\/uploads\/2025\/11\/productImage-1717791186747.webp",500,497,false],"2048x2048":["https:\/\/tiendasdorado.online\/wp-content\/uploads\/2025\/11\/productImage-1717791186747.webp",500,497,false],"woocommerce_thumbnail":["https:\/\/tiendasdorado.online\/wp-content\/uploads\/2025\/11\/productImage-1717791186747-300x300.webp",300,300,true],"woocommerce_single":["https:\/\/tiendasdorado.online\/wp-content\/uploads\/2025\/11\/productImage-1717791186747.webp",500,497,false],"woocommerce_gallery_thumbnail":["https:\/\/tiendasdorado.online\/wp-content\/uploads\/2025\/11\/productImage-1717791186747-100x100.webp",100,100,true]},"uagb_author_info":{"display_name":"Crsitian Paguai","author_link":"https:\/\/tiendasdorado.online\/product-category\/catalogo\/author\/"},"uagb_comment_info":0,"uagb_excerpt":"Tecnolog\u00eda y electrodomesticos","_links":{"self":[{"href":"https:\/\/tiendasdorado.online\/product-category\/catalogo\/wp-json\/wp\/v2\/product\/7825","targetHints":{"allow":["GET"]}}],"collection":[{"href":"https:\/\/tiendasdorado.online\/product-category\/catalogo\/wp-json\/wp\/v2\/product"}],"about":[{"href":"https:\/\/tiendasdorado.online\/product-category\/catalogo\/wp-json\/wp\/v2\/types\/product"}],"replies":[{"embeddable":true,"href":"https:\/\/tiendasdorado.online\/product-category\/catalogo\/wp-json\/wp\/v2\/comments?post=7825"}],"wp:featuredmedia":[{"embeddable":true,"href":"https:\/\/tiendasdorado.online\/product-category\/catalogo\/wp-json\/wp\/v2\/media\/7824"}],"wp:attachment":[{"href":"https:\/\/tiendasdorado.online\/product-category\/catalogo\/wp-json\/wp\/v2\/media?parent=7825"}],"wp:term":[{"taxonomy":"product_brand","embeddable":true,"href":"https:\/\/tiendasdorado.online\/product-category\/catalogo\/wp-json\/wp\/v2\/product_brand?post=7825"},{"taxonomy":"product_cat","embeddable":true,"href":"https:\/\/tiendasdorado.online\/product-category\/catalogo\/wp-json\/wp\/v2\/product_cat?post=7825"},{"taxonomy":"product_tag","embeddable":true,"href":"https:\/\/tiendasdorado.online\/product-category\/catalogo\/wp-json\/wp\/v2\/product_tag?post=7825"}],"curies":[{"name":"wp","href":"https:\/\/api.w.org\/{rel}","templated":true}]}}