{"id":7819,"date":"2025-11-24T00:29:23","date_gmt":"2025-11-24T00:29:23","guid":{"rendered":"https:\/\/tiendasdorado.online\/product\/set-de-microfono-tripode\/"},"modified":"2026-01-04T22:31:14","modified_gmt":"2026-01-04T22:31:14","slug":"set-de-microfono-tripode","status":"publish","type":"product","link":"https:\/\/tiendasdorado.online\/product-category\/catalogo\/product\/set-de-microfono-tripode\/","title":{"rendered":"SET DE MICROFONO TRIPODE"},"content":{"rendered":"<h2>Sobre el Producto<\/h2>\n<p class=\"pre-line description-expanded\">Un bonito kit de vlog con mini led de condensador de luz de video, micr\u00f3fono, clip de tel\u00e9fono extensible y mini tr\u00edpode,<\/p>\n<p class=\"pre-line description-expanded\">la luz es brillante con 3 niveles de brillo ajustable perfecto para la transmisi\u00f3n en vivo de v\u00eddeo vlog selfie y m\u00e1s. ven y c\u00f3mpralo ahora<\/p>\n<p class=\"pre-line description-expanded\">seguro que te brindar\u00e1 una gran experiencia de uso. * Mini luz led de video * con 36 luces led de alta luminosidad incorporadas<\/p>\n<p class=\"pre-line description-expanded\">temperatura de color 5600k. 3 niveles de brillo ajustables, esta luz puede proporcionar una fuente de luz brillante y uniforme para ti; alimentado por 2 pilas aa (no incluidas) sin necesidad de carga frecuente.<\/p>\n<h2>Pol\u00edtica de Garant\u00eda<\/h2>\n<p class=\"pre-line\">Aplica para orden incompleta 10 d\u00edas, mal funcionamiento 10 d\u00edas, producto roto 10 d\u00edas, orden diferente 10 d\u00edas<\/p>\n","protected":false},"excerpt":{"rendered":"<p>Tecnolog\u00eda y electrodomesticos<\/p>\n","protected":false},"featured_media":7818,"comment_status":"open","ping_status":"closed","template":"","meta":{"_surecart_dashboard_logo_width":"180px","_surecart_dashboard_show_logo":true,"_surecart_dashboard_navigation_orders":true,"_surecart_dashboard_navigation_invoices":true,"_surecart_dashboard_navigation_subscriptions":true,"_surecart_dashboard_navigation_downloads":true,"_surecart_dashboard_navigation_billing":true,"_surecart_dashboard_navigation_account":true,"_uag_custom_page_level_css":"","site-sidebar-layout":"default","site-content-layout":"","ast-site-content-layout":"default","site-content-style":"default","site-sidebar-style":"default","ast-global-header-display":"","ast-banner-title-visibility":"","ast-main-header-display":"","ast-hfb-above-header-display":"","ast-hfb-below-header-display":"","ast-hfb-mobile-header-display":"","site-post-title":"","ast-breadcrumbs-content":"","ast-featured-img":"","footer-sml-layout":"","ast-disable-related-posts":"","theme-transparent-header-meta":"default","adv-header-id-meta":"","stick-header-meta":"","header-above-stick-meta":"","header-main-stick-meta":"","header-below-stick-meta":"","astra-migrate-meta-layouts":"set","ast-page-background-enabled":"default","ast-page-background-meta":{"desktop":{"background-color":"var(--ast-global-color-4)","background-image":"","background-repeat":"repeat","background-position":"center center","background-size":"auto","background-attachment":"scroll","background-type":"","background-media":"","overlay-type":"","overlay-color":"","overlay-opacity":"","overlay-gradient":""},"tablet":{"background-color":"","background-image":"","background-repeat":"repeat","background-position":"center center","background-size":"auto","background-attachment":"scroll","background-type":"","background-media":"","overlay-type":"","overlay-color":"","overlay-opacity":"","overlay-gradient":""},"mobile":{"background-color":"","background-image":"","background-repeat":"repeat","background-position":"center center","background-size":"auto","background-attachment":"scroll","background-type":"","background-media":"","overlay-type":"","overlay-color":"","overlay-opacity":"","overlay-gradient":""}},"ast-content-background-meta":{"desktop":{"background-color":"var(--ast-global-color-5)","background-image":"","background-repeat":"repeat","background-position":"center center","background-size":"auto","background-attachment":"scroll","background-type":"","background-media":"","overlay-type":"","overlay-color":"","overlay-opacity":"","overlay-gradient":""},"tablet":{"background-color":"var(--ast-global-color-5)","background-image":"","background-repeat":"repeat","background-position":"center center","background-size":"auto","background-attachment":"scroll","background-type":"","background-media":"","overlay-type":"","overlay-color":"","overlay-opacity":"","overlay-gradient":""},"mobile":{"background-color":"var(--ast-global-color-5)","background-image":"","background-repeat":"repeat","background-position":"center center","background-size":"auto","background-attachment":"scroll","background-type":"","background-media":"","overlay-type":"","overlay-color":"","overlay-opacity":"","overlay-gradient":""}}},"product_brand":[],"product_cat":[56],"product_tag":[],"class_list":{"0":"post-7819","1":"product","2":"type-product","3":"status-publish","4":"has-post-thumbnail","6":"product_cat-tecnologia","7":"desktop-align-left","8":"tablet-align-left","9":"mobile-align-left","11":"first","12":"instock","13":"shipping-taxable","14":"purchasable","15":"product-type-simple"},"aioseo_notices":[],"uagb_featured_image_src":{"full":["https:\/\/tiendasdorado.online\/wp-content\/uploads\/2025\/11\/productImage-1717792690208.jpeg",340,340,false],"thumbnail":["https:\/\/tiendasdorado.online\/wp-content\/uploads\/2025\/11\/productImage-1717792690208-150x150.jpeg",150,150,true],"medium":["https:\/\/tiendasdorado.online\/wp-content\/uploads\/2025\/11\/productImage-1717792690208-300x300.jpeg",300,300,true],"medium_large":["https:\/\/tiendasdorado.online\/wp-content\/uploads\/2025\/11\/productImage-1717792690208.jpeg",340,340,false],"large":["https:\/\/tiendasdorado.online\/wp-content\/uploads\/2025\/11\/productImage-1717792690208.jpeg",340,340,false],"1536x1536":["https:\/\/tiendasdorado.online\/wp-content\/uploads\/2025\/11\/productImage-1717792690208.jpeg",340,340,false],"2048x2048":["https:\/\/tiendasdorado.online\/wp-content\/uploads\/2025\/11\/productImage-1717792690208.jpeg",340,340,false],"woocommerce_thumbnail":["https:\/\/tiendasdorado.online\/wp-content\/uploads\/2025\/11\/productImage-1717792690208-300x300.jpeg",300,300,true],"woocommerce_single":["https:\/\/tiendasdorado.online\/wp-content\/uploads\/2025\/11\/productImage-1717792690208.jpeg",340,340,false],"woocommerce_gallery_thumbnail":["https:\/\/tiendasdorado.online\/wp-content\/uploads\/2025\/11\/productImage-1717792690208-100x100.jpeg",100,100,true]},"uagb_author_info":{"display_name":"Crsitian Paguai","author_link":"https:\/\/tiendasdorado.online\/product-category\/catalogo\/author\/"},"uagb_comment_info":0,"uagb_excerpt":"Tecnolog\u00eda y electrodomesticos","_links":{"self":[{"href":"https:\/\/tiendasdorado.online\/product-category\/catalogo\/wp-json\/wp\/v2\/product\/7819","targetHints":{"allow":["GET"]}}],"collection":[{"href":"https:\/\/tiendasdorado.online\/product-category\/catalogo\/wp-json\/wp\/v2\/product"}],"about":[{"href":"https:\/\/tiendasdorado.online\/product-category\/catalogo\/wp-json\/wp\/v2\/types\/product"}],"replies":[{"embeddable":true,"href":"https:\/\/tiendasdorado.online\/product-category\/catalogo\/wp-json\/wp\/v2\/comments?post=7819"}],"wp:featuredmedia":[{"embeddable":true,"href":"https:\/\/tiendasdorado.online\/product-category\/catalogo\/wp-json\/wp\/v2\/media\/7818"}],"wp:attachment":[{"href":"https:\/\/tiendasdorado.online\/product-category\/catalogo\/wp-json\/wp\/v2\/media?parent=7819"}],"wp:term":[{"taxonomy":"product_brand","embeddable":true,"href":"https:\/\/tiendasdorado.online\/product-category\/catalogo\/wp-json\/wp\/v2\/product_brand?post=7819"},{"taxonomy":"product_cat","embeddable":true,"href":"https:\/\/tiendasdorado.online\/product-category\/catalogo\/wp-json\/wp\/v2\/product_cat?post=7819"},{"taxonomy":"product_tag","embeddable":true,"href":"https:\/\/tiendasdorado.online\/product-category\/catalogo\/wp-json\/wp\/v2\/product_tag?post=7819"}],"curies":[{"name":"wp","href":"https:\/\/api.w.org\/{rel}","templated":true}]}}