{"id":7814,"date":"2025-11-16T01:28:38","date_gmt":"2025-11-16T01:28:38","guid":{"rendered":"https:\/\/tiendasdorado.online\/product\/maquina-afeitadora-electrica-vgr-v-331\/"},"modified":"2026-01-04T22:33:09","modified_gmt":"2026-01-04T22:33:09","slug":"maquina-afeitadora-electrica-vgr-v-331","status":"publish","type":"product","link":"https:\/\/tiendasdorado.online\/product-category\/catalogo\/product\/maquina-afeitadora-electrica-vgr-v-331\/","title":{"rendered":"Maquina Afeitadora El\u00e9ctrica Vgr V 331"},"content":{"rendered":"<p>VGR V-331 m\u00e1quina de afeitar el\u00e9ctrica recargable con USB, maquinilla de afeitar reciprocante, recortadora de barba, cuchilla doble lavable, cabezal de afeitadora de aceite para hombres<\/p>\n<p>El dise\u00f1o de red el\u00e1stica dic\u00edclica Kni-fe y la caracter\u00edstica impermeable IPX7 brindan a los usuarios una mejor experiencia de afeitado.<\/p>\n<p>Nombre: maquinilla de afeitar rotativa de 2 cabezas<\/p>\n<p>Tama\u00f1o: 7 x 5 x 2,8 cm<\/p>\n<p>Material: ABS + acero inoxidable<\/p>\n<p>Fuente de alimentaci\u00f3n: carga USB<\/p>\n<p>Tiempo de carga: 4 H<\/p>\n<p>Tiempo de uso: 120 minutos.<\/p>\n<p>Voltaje: 100-240 V<\/p>\n<p>Poder: 5W<\/p>\n<p>M\u00e9todo de limpieza: gel de ba\u00f1o IPX7<\/p>\n<p>Hoja: cuchilla giratoria 2<\/p>\n","protected":false},"excerpt":{"rendered":"<p>Tecnolog\u00eda<\/p>\n","protected":false},"featured_media":7813,"comment_status":"open","ping_status":"closed","template":"","meta":{"_surecart_dashboard_logo_width":"180px","_surecart_dashboard_show_logo":true,"_surecart_dashboard_navigation_orders":true,"_surecart_dashboard_navigation_invoices":true,"_surecart_dashboard_navigation_subscriptions":true,"_surecart_dashboard_navigation_downloads":true,"_surecart_dashboard_navigation_billing":true,"_surecart_dashboard_navigation_account":true,"_uag_custom_page_level_css":"","site-sidebar-layout":"default","site-content-layout":"","ast-site-content-layout":"default","site-content-style":"default","site-sidebar-style":"default","ast-global-header-display":"","ast-banner-title-visibility":"","ast-main-header-display":"","ast-hfb-above-header-display":"","ast-hfb-below-header-display":"","ast-hfb-mobile-header-display":"","site-post-title":"","ast-breadcrumbs-content":"","ast-featured-img":"","footer-sml-layout":"","ast-disable-related-posts":"","theme-transparent-header-meta":"default","adv-header-id-meta":"","stick-header-meta":"","header-above-stick-meta":"","header-main-stick-meta":"","header-below-stick-meta":"","astra-migrate-meta-layouts":"set","ast-page-background-enabled":"default","ast-page-background-meta":{"desktop":{"background-color":"var(--ast-global-color-4)","background-image":"","background-repeat":"repeat","background-position":"center center","background-size":"auto","background-attachment":"scroll","background-type":"","background-media":"","overlay-type":"","overlay-color":"","overlay-opacity":"","overlay-gradient":""},"tablet":{"background-color":"","background-image":"","background-repeat":"repeat","background-position":"center center","background-size":"auto","background-attachment":"scroll","background-type":"","background-media":"","overlay-type":"","overlay-color":"","overlay-opacity":"","overlay-gradient":""},"mobile":{"background-color":"","background-image":"","background-repeat":"repeat","background-position":"center center","background-size":"auto","background-attachment":"scroll","background-type":"","background-media":"","overlay-type":"","overlay-color":"","overlay-opacity":"","overlay-gradient":""}},"ast-content-background-meta":{"desktop":{"background-color":"var(--ast-global-color-5)","background-image":"","background-repeat":"repeat","background-position":"center center","background-size":"auto","background-attachment":"scroll","background-type":"","background-media":"","overlay-type":"","overlay-color":"","overlay-opacity":"","overlay-gradient":""},"tablet":{"background-color":"var(--ast-global-color-5)","background-image":"","background-repeat":"repeat","background-position":"center center","background-size":"auto","background-attachment":"scroll","background-type":"","background-media":"","overlay-type":"","overlay-color":"","overlay-opacity":"","overlay-gradient":""},"mobile":{"background-color":"var(--ast-global-color-5)","background-image":"","background-repeat":"repeat","background-position":"center center","background-size":"auto","background-attachment":"scroll","background-type":"","background-media":"","overlay-type":"","overlay-color":"","overlay-opacity":"","overlay-gradient":""}}},"product_brand":[],"product_cat":[56],"product_tag":[],"class_list":{"0":"post-7814","1":"product","2":"type-product","3":"status-publish","4":"has-post-thumbnail","6":"product_cat-tecnologia","7":"desktop-align-left","8":"tablet-align-left","9":"mobile-align-left","11":"first","12":"instock","13":"shipping-taxable","14":"purchasable","15":"product-type-simple"},"aioseo_notices":[],"uagb_featured_image_src":{"full":["https:\/\/tiendasdorado.online\/wp-content\/uploads\/2025\/11\/productImage-1717792620161.jpeg",800,800,false],"thumbnail":["https:\/\/tiendasdorado.online\/wp-content\/uploads\/2025\/11\/productImage-1717792620161-150x150.jpeg",150,150,true],"medium":["https:\/\/tiendasdorado.online\/wp-content\/uploads\/2025\/11\/productImage-1717792620161-300x300.jpeg",300,300,true],"medium_large":["https:\/\/tiendasdorado.online\/wp-content\/uploads\/2025\/11\/productImage-1717792620161-768x768.jpeg",768,768,true],"large":["https:\/\/tiendasdorado.online\/wp-content\/uploads\/2025\/11\/productImage-1717792620161.jpeg",800,800,false],"1536x1536":["https:\/\/tiendasdorado.online\/wp-content\/uploads\/2025\/11\/productImage-1717792620161.jpeg",800,800,false],"2048x2048":["https:\/\/tiendasdorado.online\/wp-content\/uploads\/2025\/11\/productImage-1717792620161.jpeg",800,800,false],"woocommerce_thumbnail":["https:\/\/tiendasdorado.online\/wp-content\/uploads\/2025\/11\/productImage-1717792620161-300x300.jpeg",300,300,true],"woocommerce_single":["https:\/\/tiendasdorado.online\/wp-content\/uploads\/2025\/11\/productImage-1717792620161-600x600.jpeg",600,600,true],"woocommerce_gallery_thumbnail":["https:\/\/tiendasdorado.online\/wp-content\/uploads\/2025\/11\/productImage-1717792620161-100x100.jpeg",100,100,true]},"uagb_author_info":{"display_name":"Crsitian Paguai","author_link":"https:\/\/tiendasdorado.online\/product-category\/catalogo\/author\/"},"uagb_comment_info":0,"uagb_excerpt":"Tecnolog\u00eda","_links":{"self":[{"href":"https:\/\/tiendasdorado.online\/product-category\/catalogo\/wp-json\/wp\/v2\/product\/7814","targetHints":{"allow":["GET"]}}],"collection":[{"href":"https:\/\/tiendasdorado.online\/product-category\/catalogo\/wp-json\/wp\/v2\/product"}],"about":[{"href":"https:\/\/tiendasdorado.online\/product-category\/catalogo\/wp-json\/wp\/v2\/types\/product"}],"replies":[{"embeddable":true,"href":"https:\/\/tiendasdorado.online\/product-category\/catalogo\/wp-json\/wp\/v2\/comments?post=7814"}],"wp:featuredmedia":[{"embeddable":true,"href":"https:\/\/tiendasdorado.online\/product-category\/catalogo\/wp-json\/wp\/v2\/media\/7813"}],"wp:attachment":[{"href":"https:\/\/tiendasdorado.online\/product-category\/catalogo\/wp-json\/wp\/v2\/media?parent=7814"}],"wp:term":[{"taxonomy":"product_brand","embeddable":true,"href":"https:\/\/tiendasdorado.online\/product-category\/catalogo\/wp-json\/wp\/v2\/product_brand?post=7814"},{"taxonomy":"product_cat","embeddable":true,"href":"https:\/\/tiendasdorado.online\/product-category\/catalogo\/wp-json\/wp\/v2\/product_cat?post=7814"},{"taxonomy":"product_tag","embeddable":true,"href":"https:\/\/tiendasdorado.online\/product-category\/catalogo\/wp-json\/wp\/v2\/product_tag?post=7814"}],"curies":[{"name":"wp","href":"https:\/\/api.w.org\/{rel}","templated":true}]}}