{"id":7808,"date":"2025-11-16T00:01:29","date_gmt":"2025-11-16T00:01:29","guid":{"rendered":"https:\/\/tiendasdorado.online\/product\/peluche-gato-lucifer\/"},"modified":"2026-01-04T22:35:39","modified_gmt":"2026-01-04T22:35:39","slug":"peluche-gato-lucifer","status":"publish","type":"product","link":"https:\/\/tiendasdorado.online\/product-category\/catalogo\/product\/peluche-gato-lucifer\/","title":{"rendered":"Peluche Gato Lucifer"},"content":{"rendered":"<p>Peluche suave y c\u00f3moda con relleno de Napa Antialergico , peluche para un abrazo suave. Gato esponjoso y tierno. Regalo especial de peluche especialmente dise\u00f1ado para un regalo ideal para tu ser querido. Peluche perfecto para baby showers, cumplea\u00f1os, d\u00eda de San Valent\u00edn y mucho m\u00e1s.<\/p>\n<p>*GARANT\u00cdA*<\/p>\n<p>*\u00a1NO HAY GARANT\u00cdA SOBRE GARANT\u00cdA!*<\/p>\n<p>*NOTA:* Para hacer efectiva la devoluci\u00f3n, el producto debe entregarse debidamente protegido cuidando el estado del empaque original, incluir todos los documentos y\/o manuales (si aplica) y las partes completas. Adem\u00e1s, el estado de la gu\u00eda debe encontrarse en *ENTREGADO*, para as\u00ed mismo proceder.<\/p>\n<p>*Piezas faltantes o productos rotos, da\u00f1ados y con abollonaduras:* Para realizar un proceso de garant\u00eda, cuentas con m\u00e1ximo 5 d\u00edas para reportarla a partir de la recepci\u00f3n del producto, en la cual debes especificar y argumentar la novedad con evidencias.<\/p>\n<p>*Ley de retracto: *Aplica con 5 d\u00edas m\u00e1ximos para reportarlo. Para proceder con la devoluci\u00f3n, hay que tener en cuenta que debe estar en las condiciones que se recibi\u00f3, con su empaque original, con las etiquetas, sellos de seguridad, y contar con todas sus partes y\/o accesorios. Sin rayones ni manchas. Se recibir\u00e1 \u00fanicamente en \u00f3ptimas condiciones. Se anular\u00e1 autom\u00e1ticamente el derecho a retracto si el producto fue usado. Para este caso, el cliente es responsable del valor de los fletes de env\u00edo, ya que solo cubrimos el pago del producto.<\/p>\n<p>*Fallas de fabrica:* Para realizar el reporte, cuentas con 30 d\u00edas de garant\u00eda por funcionamiento y\/o da\u00f1os del producto que no est\u00e9n relacionados al correcto funcionamiento del mismo.<\/p>\n","protected":false},"excerpt":{"rendered":"<p>Bebes, juegos y juguetes<\/p>\n","protected":false},"featured_media":7812,"comment_status":"open","ping_status":"closed","template":"","meta":{"_surecart_dashboard_logo_width":"180px","_surecart_dashboard_show_logo":true,"_surecart_dashboard_navigation_orders":true,"_surecart_dashboard_navigation_invoices":true,"_surecart_dashboard_navigation_subscriptions":true,"_surecart_dashboard_navigation_downloads":true,"_surecart_dashboard_navigation_billing":true,"_surecart_dashboard_navigation_account":true,"_uag_custom_page_level_css":"","site-sidebar-layout":"default","site-content-layout":"","ast-site-content-layout":"default","site-content-style":"default","site-sidebar-style":"default","ast-global-header-display":"","ast-banner-title-visibility":"","ast-main-header-display":"","ast-hfb-above-header-display":"","ast-hfb-below-header-display":"","ast-hfb-mobile-header-display":"","site-post-title":"","ast-breadcrumbs-content":"","ast-featured-img":"","footer-sml-layout":"","ast-disable-related-posts":"","theme-transparent-header-meta":"default","adv-header-id-meta":"","stick-header-meta":"","header-above-stick-meta":"","header-main-stick-meta":"","header-below-stick-meta":"","astra-migrate-meta-layouts":"set","ast-page-background-enabled":"default","ast-page-background-meta":{"desktop":{"background-color":"var(--ast-global-color-4)","background-image":"","background-repeat":"repeat","background-position":"center center","background-size":"auto","background-attachment":"scroll","background-type":"","background-media":"","overlay-type":"","overlay-color":"","overlay-opacity":"","overlay-gradient":""},"tablet":{"background-color":"","background-image":"","background-repeat":"repeat","background-position":"center center","background-size":"auto","background-attachment":"scroll","background-type":"","background-media":"","overlay-type":"","overlay-color":"","overlay-opacity":"","overlay-gradient":""},"mobile":{"background-color":"","background-image":"","background-repeat":"repeat","background-position":"center center","background-size":"auto","background-attachment":"scroll","background-type":"","background-media":"","overlay-type":"","overlay-color":"","overlay-opacity":"","overlay-gradient":""}},"ast-content-background-meta":{"desktop":{"background-color":"var(--ast-global-color-5)","background-image":"","background-repeat":"repeat","background-position":"center center","background-size":"auto","background-attachment":"scroll","background-type":"","background-media":"","overlay-type":"","overlay-color":"","overlay-opacity":"","overlay-gradient":""},"tablet":{"background-color":"var(--ast-global-color-5)","background-image":"","background-repeat":"repeat","background-position":"center center","background-size":"auto","background-attachment":"scroll","background-type":"","background-media":"","overlay-type":"","overlay-color":"","overlay-opacity":"","overlay-gradient":""},"mobile":{"background-color":"var(--ast-global-color-5)","background-image":"","background-repeat":"repeat","background-position":"center center","background-size":"auto","background-attachment":"scroll","background-type":"","background-media":"","overlay-type":"","overlay-color":"","overlay-opacity":"","overlay-gradient":""}}},"product_brand":[],"product_cat":[60],"product_tag":[],"class_list":{"0":"post-7808","1":"product","2":"type-product","3":"status-publish","4":"has-post-thumbnail","6":"product_cat-jugueteria","7":"desktop-align-left","8":"tablet-align-left","9":"mobile-align-left","11":"first","12":"instock","13":"shipping-taxable","14":"purchasable","15":"product-type-simple"},"aioseo_notices":[],"uagb_featured_image_src":{"full":["https:\/\/tiendasdorado.online\/wp-content\/uploads\/2025\/11\/D_Q_NP_940828-MLA95703306244_102025-O.webp",500,500,false],"thumbnail":["https:\/\/tiendasdorado.online\/wp-content\/uploads\/2025\/11\/D_Q_NP_940828-MLA95703306244_102025-O-150x150.webp",150,150,true],"medium":["https:\/\/tiendasdorado.online\/wp-content\/uploads\/2025\/11\/D_Q_NP_940828-MLA95703306244_102025-O-300x300.webp",300,300,true],"medium_large":["https:\/\/tiendasdorado.online\/wp-content\/uploads\/2025\/11\/D_Q_NP_940828-MLA95703306244_102025-O.webp",500,500,false],"large":["https:\/\/tiendasdorado.online\/wp-content\/uploads\/2025\/11\/D_Q_NP_940828-MLA95703306244_102025-O.webp",500,500,false],"1536x1536":["https:\/\/tiendasdorado.online\/wp-content\/uploads\/2025\/11\/D_Q_NP_940828-MLA95703306244_102025-O.webp",500,500,false],"2048x2048":["https:\/\/tiendasdorado.online\/wp-content\/uploads\/2025\/11\/D_Q_NP_940828-MLA95703306244_102025-O.webp",500,500,false],"woocommerce_thumbnail":["https:\/\/tiendasdorado.online\/wp-content\/uploads\/2025\/11\/D_Q_NP_940828-MLA95703306244_102025-O-300x300.webp",300,300,true],"woocommerce_single":["https:\/\/tiendasdorado.online\/wp-content\/uploads\/2025\/11\/D_Q_NP_940828-MLA95703306244_102025-O.webp",500,500,false],"woocommerce_gallery_thumbnail":["https:\/\/tiendasdorado.online\/wp-content\/uploads\/2025\/11\/D_Q_NP_940828-MLA95703306244_102025-O-100x100.webp",100,100,true]},"uagb_author_info":{"display_name":"Crsitian Paguai","author_link":"https:\/\/tiendasdorado.online\/product-category\/catalogo\/author\/"},"uagb_comment_info":0,"uagb_excerpt":"Bebes, juegos y juguetes","_links":{"self":[{"href":"https:\/\/tiendasdorado.online\/product-category\/catalogo\/wp-json\/wp\/v2\/product\/7808","targetHints":{"allow":["GET"]}}],"collection":[{"href":"https:\/\/tiendasdorado.online\/product-category\/catalogo\/wp-json\/wp\/v2\/product"}],"about":[{"href":"https:\/\/tiendasdorado.online\/product-category\/catalogo\/wp-json\/wp\/v2\/types\/product"}],"replies":[{"embeddable":true,"href":"https:\/\/tiendasdorado.online\/product-category\/catalogo\/wp-json\/wp\/v2\/comments?post=7808"}],"wp:featuredmedia":[{"embeddable":true,"href":"https:\/\/tiendasdorado.online\/product-category\/catalogo\/wp-json\/wp\/v2\/media\/7812"}],"wp:attachment":[{"href":"https:\/\/tiendasdorado.online\/product-category\/catalogo\/wp-json\/wp\/v2\/media?parent=7808"}],"wp:term":[{"taxonomy":"product_brand","embeddable":true,"href":"https:\/\/tiendasdorado.online\/product-category\/catalogo\/wp-json\/wp\/v2\/product_brand?post=7808"},{"taxonomy":"product_cat","embeddable":true,"href":"https:\/\/tiendasdorado.online\/product-category\/catalogo\/wp-json\/wp\/v2\/product_cat?post=7808"},{"taxonomy":"product_tag","embeddable":true,"href":"https:\/\/tiendasdorado.online\/product-category\/catalogo\/wp-json\/wp\/v2\/product_tag?post=7808"}],"curies":[{"name":"wp","href":"https:\/\/api.w.org\/{rel}","templated":true}]}}