{"id":7723,"date":"2025-08-10T23:02:08","date_gmt":"2025-08-10T23:02:08","guid":{"rendered":"https:\/\/tiendasdorado.online\/product\/pulsera-feng-shui-pixiu-buena-fortuna\/"},"modified":"2025-08-10T23:08:09","modified_gmt":"2025-08-10T23:08:09","slug":"pulsera-feng-shui-pixiu-buena-fortuna","status":"publish","type":"product","link":"https:\/\/tiendasdorado.online\/product-category\/catalogo\/product\/pulsera-feng-shui-pixiu-buena-fortuna\/","title":{"rendered":"Pulsera Feng Shui Pixiu &#8211; Buena Fortuna"},"content":{"rendered":"<p data-start=\"153\" data-end=\"217\"><strong data-start=\"153\" data-end=\"163\">Pi Xiu<\/strong>, es una criatura legendaria de la mitolog\u00eda china. \ud83d\udc09<\/p>\n<p data-start=\"219\" data-end=\"307\">Los chinos lo consideran un poderoso talism\u00e1n que <strong data-start=\"269\" data-end=\"306\">&#8220;atrae riquezas a quien lo porte\u201d<\/strong>.<\/p>\n<p data-start=\"309\" data-end=\"482\">Seg\u00fan las creencias, Pi Xiu es un drag\u00f3n chino que atrae la buena fortuna, buena suerte, energ\u00eda positiva, \u00e9xito, salud \u2014f\u00edsica, emocional, mental, espiritual\u2014 y riquezas. \u2728<\/p>\n<p data-start=\"484\" data-end=\"647\">La pulsera trae un <strong data-start=\"503\" data-end=\"523\">mantra s\u00e1nscrito<\/strong> en sus cuentas que honra a <strong data-start=\"551\" data-end=\"561\">Ganesh<\/strong> \u2014 Ganesh encarna la sabidur\u00eda, nuevos comienzos y es el eliminador de obst\u00e1culos. \ud83d\udd49\ufe0f<\/p>\n<p data-start=\"649\" data-end=\"963\">\u2705 Cuenta la mitolog\u00eda china que Pixiu fue una criatura que viol\u00f3 la ley celestial, defecando en el suelo.<br data-start=\"754\" data-end=\"757\" \/>Eso enfureci\u00f3 al Emperador de Jade, quien decidi\u00f3 castigarlo. Por eso, lo conden\u00f3 a tener una dieta \u00fanicamente de oro y el ano cerrado.<br data-start=\"892\" data-end=\"895\" \/>Desde entonces, Pixiu solo puede comer oro pero no puede expulsarlo.<\/p>\n<p data-start=\"965\" data-end=\"1217\">Es por eso que se considera que la figura de Pixiu en el hogar o siempre contigo <strong data-start=\"1046\" data-end=\"1086\">atrae la fortuna y ayuda a retenerla<\/strong>.<br data-start=\"1087\" data-end=\"1090\" \/>Evita que se produzcan grandes p\u00e9rdidas econ\u00f3micas en el hogar y es s\u00edmbolo de <strong data-start=\"1169\" data-end=\"1213\">adquisici\u00f3n y conservaci\u00f3n de la riqueza<\/strong>. \ud83d\udcb0<\/p>\n<p data-start=\"1219\" data-end=\"1340\">\u2705 Para potenciar sus efectos puedes pasar esta pulsera por el humo de un <strong data-start=\"1292\" data-end=\"1333\">stick de incienso de fortuna o dinero<\/strong>. \ud83e\uddd8\u200d\u2642\ufe0f<\/p>\n<hr data-start=\"1342\" data-end=\"1345\" \/>\n<p data-start=\"1347\" data-end=\"1587\"><strong data-start=\"1347\" data-end=\"1360\">Material:<\/strong><br data-start=\"1360\" data-end=\"1363\" \/>Piedra talla en letras chinas tama\u00f1o 8mm, dije Pi Xiu en Oro Golfi (goldFilled), cuerda de cuero.<br data-start=\"1460\" data-end=\"1463\" \/><strong data-start=\"1463\" data-end=\"1481\">Pi Xiu Tama\u00f1o:<\/strong> 1.5 cm<br data-start=\"1488\" data-end=\"1491\" \/><strong data-start=\"1491\" data-end=\"1505\">Ajustable:<\/strong> Esta pulsera es ajustable por lo que quedar\u00e1 ideal en cualquier tipo de mu\u00f1eca. \u231a<\/p>\n<hr data-start=\"1589\" data-end=\"1592\" \/>\n<p data-start=\"1594\" data-end=\"1769\"><strong data-start=\"1594\" data-end=\"1607\">Garant\u00eda:<\/strong><br data-start=\"1607\" data-end=\"1610\" \/>Garant\u00eda en caso de da\u00f1os en el viaje de entrega o en caso de que llegue producto errado.<br data-start=\"1699\" data-end=\"1702\" \/>\u274c No incluye garant\u00eda por p\u00e9rdida de la pulsera o rallado del dije.<\/p>\n","protected":false},"excerpt":{"rendered":"<p>Pi Xiu, es una criatura legendaria de la mitolog\u00eda china. \ud83d\udc09 Los chinos lo consideran un poderoso talism\u00e1n que &#8220;atrae riquezas a quien lo porte\u201d. Seg\u00fan las creencias, Pi Xiu es un drag\u00f3n chino que atrae la buena fortuna, buena suerte, energ\u00eda positiva, \u00e9xito, salud \u2014f\u00edsica, emocional, mental, espiritual\u2014 y riquezas. \u2728 La pulsera trae [&hellip;]<\/p>\n","protected":false},"featured_media":7729,"comment_status":"open","ping_status":"closed","template":"","meta":{"_surecart_dashboard_logo_width":"180px","_surecart_dashboard_show_logo":true,"_surecart_dashboard_navigation_orders":true,"_surecart_dashboard_navigation_invoices":true,"_surecart_dashboard_navigation_subscriptions":true,"_surecart_dashboard_navigation_downloads":true,"_surecart_dashboard_navigation_billing":true,"_surecart_dashboard_navigation_account":true,"_uag_custom_page_level_css":"","site-sidebar-layout":"default","site-content-layout":"","ast-site-content-layout":"default","site-content-style":"default","site-sidebar-style":"default","ast-global-header-display":"","ast-banner-title-visibility":"","ast-main-header-display":"","ast-hfb-above-header-display":"","ast-hfb-below-header-display":"","ast-hfb-mobile-header-display":"","site-post-title":"","ast-breadcrumbs-content":"","ast-featured-img":"","footer-sml-layout":"","ast-disable-related-posts":"","theme-transparent-header-meta":"default","adv-header-id-meta":"","stick-header-meta":"","header-above-stick-meta":"","header-main-stick-meta":"","header-below-stick-meta":"","astra-migrate-meta-layouts":"set","ast-page-background-enabled":"default","ast-page-background-meta":{"desktop":{"background-color":"var(--ast-global-color-4)","background-image":"","background-repeat":"repeat","background-position":"center center","background-size":"auto","background-attachment":"scroll","background-type":"","background-media":"","overlay-type":"","overlay-color":"","overlay-opacity":"","overlay-gradient":""},"tablet":{"background-color":"","background-image":"","background-repeat":"repeat","background-position":"center center","background-size":"auto","background-attachment":"scroll","background-type":"","background-media":"","overlay-type":"","overlay-color":"","overlay-opacity":"","overlay-gradient":""},"mobile":{"background-color":"","background-image":"","background-repeat":"repeat","background-position":"center center","background-size":"auto","background-attachment":"scroll","background-type":"","background-media":"","overlay-type":"","overlay-color":"","overlay-opacity":"","overlay-gradient":""}},"ast-content-background-meta":{"desktop":{"background-color":"var(--ast-global-color-5)","background-image":"","background-repeat":"repeat","background-position":"center center","background-size":"auto","background-attachment":"scroll","background-type":"","background-media":"","overlay-type":"","overlay-color":"","overlay-opacity":"","overlay-gradient":""},"tablet":{"background-color":"var(--ast-global-color-5)","background-image":"","background-repeat":"repeat","background-position":"center center","background-size":"auto","background-attachment":"scroll","background-type":"","background-media":"","overlay-type":"","overlay-color":"","overlay-opacity":"","overlay-gradient":""},"mobile":{"background-color":"var(--ast-global-color-5)","background-image":"","background-repeat":"repeat","background-position":"center center","background-size":"auto","background-attachment":"scroll","background-type":"","background-media":"","overlay-type":"","overlay-color":"","overlay-opacity":"","overlay-gradient":""}}},"product_brand":[],"product_cat":[43],"product_tag":[],"class_list":{"0":"post-7723","1":"product","2":"type-product","3":"status-publish","4":"has-post-thumbnail","6":"product_cat-relojes","7":"desktop-align-left","8":"tablet-align-left","9":"mobile-align-left","11":"first","12":"instock","13":"shipping-taxable","14":"purchasable","15":"product-type-simple"},"aioseo_notices":[],"uagb_featured_image_src":{"full":["https:\/\/tiendasdorado.online\/wp-content\/uploads\/2025\/08\/170239269417023926943.jpg",1080,1080,false],"thumbnail":["https:\/\/tiendasdorado.online\/wp-content\/uploads\/2025\/08\/170239269417023926943-150x150.jpg",150,150,true],"medium":["https:\/\/tiendasdorado.online\/wp-content\/uploads\/2025\/08\/170239269417023926943-300x300.jpg",300,300,true],"medium_large":["https:\/\/tiendasdorado.online\/wp-content\/uploads\/2025\/08\/170239269417023926943-768x768.jpg",768,768,true],"large":["https:\/\/tiendasdorado.online\/wp-content\/uploads\/2025\/08\/170239269417023926943-1024x1024.jpg",1024,1024,true],"1536x1536":["https:\/\/tiendasdorado.online\/wp-content\/uploads\/2025\/08\/170239269417023926943.jpg",1080,1080,false],"2048x2048":["https:\/\/tiendasdorado.online\/wp-content\/uploads\/2025\/08\/170239269417023926943.jpg",1080,1080,false],"woocommerce_thumbnail":["https:\/\/tiendasdorado.online\/wp-content\/uploads\/2025\/08\/170239269417023926943-300x300.jpg",300,300,true],"woocommerce_single":["https:\/\/tiendasdorado.online\/wp-content\/uploads\/2025\/08\/170239269417023926943-600x600.jpg",600,600,true],"woocommerce_gallery_thumbnail":["https:\/\/tiendasdorado.online\/wp-content\/uploads\/2025\/08\/170239269417023926943-100x100.jpg",100,100,true]},"uagb_author_info":{"display_name":"Crsitian Paguai","author_link":"https:\/\/tiendasdorado.online\/product-category\/catalogo\/author\/"},"uagb_comment_info":0,"uagb_excerpt":"Pi Xiu, es una criatura legendaria de la mitolog\u00eda china. \ud83d\udc09 Los chinos lo consideran un poderoso talism\u00e1n que &#8220;atrae riquezas a quien lo porte\u201d. Seg\u00fan las creencias, Pi Xiu es un drag\u00f3n chino que atrae la buena fortuna, buena suerte, energ\u00eda positiva, \u00e9xito, salud \u2014f\u00edsica, emocional, mental, espiritual\u2014 y riquezas. \u2728 La pulsera trae&hellip;","_links":{"self":[{"href":"https:\/\/tiendasdorado.online\/product-category\/catalogo\/wp-json\/wp\/v2\/product\/7723","targetHints":{"allow":["GET"]}}],"collection":[{"href":"https:\/\/tiendasdorado.online\/product-category\/catalogo\/wp-json\/wp\/v2\/product"}],"about":[{"href":"https:\/\/tiendasdorado.online\/product-category\/catalogo\/wp-json\/wp\/v2\/types\/product"}],"replies":[{"embeddable":true,"href":"https:\/\/tiendasdorado.online\/product-category\/catalogo\/wp-json\/wp\/v2\/comments?post=7723"}],"wp:featuredmedia":[{"embeddable":true,"href":"https:\/\/tiendasdorado.online\/product-category\/catalogo\/wp-json\/wp\/v2\/media\/7729"}],"wp:attachment":[{"href":"https:\/\/tiendasdorado.online\/product-category\/catalogo\/wp-json\/wp\/v2\/media?parent=7723"}],"wp:term":[{"taxonomy":"product_brand","embeddable":true,"href":"https:\/\/tiendasdorado.online\/product-category\/catalogo\/wp-json\/wp\/v2\/product_brand?post=7723"},{"taxonomy":"product_cat","embeddable":true,"href":"https:\/\/tiendasdorado.online\/product-category\/catalogo\/wp-json\/wp\/v2\/product_cat?post=7723"},{"taxonomy":"product_tag","embeddable":true,"href":"https:\/\/tiendasdorado.online\/product-category\/catalogo\/wp-json\/wp\/v2\/product_tag?post=7723"}],"curies":[{"name":"wp","href":"https:\/\/api.w.org\/{rel}","templated":true}]}}