{"id":7632,"date":"2025-07-30T02:53:58","date_gmt":"2025-07-30T02:53:58","guid":{"rendered":"https:\/\/tiendasdorado.online\/product\/audifonos-in-ear-inalambricos-f9-5-negro\/"},"modified":"2025-07-30T02:55:34","modified_gmt":"2025-07-30T02:55:34","slug":"audifonos-in-ear-inalambricos-f9-5-negro","status":"publish","type":"product","link":"https:\/\/tiendasdorado.online\/product-category\/catalogo\/product\/audifonos-in-ear-inalambricos-f9-5-negro\/","title":{"rendered":"Aud\u00edfonos in-ear inal\u00e1mbricos F9-5 negro"},"content":{"rendered":"<p>En la calle, en el colectivo o en la oficina, ten siempre a mano tus aud\u00edfonos F9-5 y \u00a1esc\u00e1pate de la rutina por un rato! Vas a poder disfrutar de la m\u00fasica que m\u00e1s te gusta y de tus podcasts favoritos cuando quieras y donde quieras.<\/p>\n<p>El formato perfecto para ti Al ser in-ear, mejoran la calidad del audio y son de tama\u00f1o peque\u00f1o para poder insertarse en tu oreja. Son ideales para acompa\u00f1arte a la hora de hacer ejercicio mientras te sumerges en el mejor sonido envolvente.<\/p>\n<p>Wireless al 100% A diferencia de otras conectividades, este dispositivo est\u00e1 fabricado con tecnolog\u00eda TWS (True Wireless Stereo). La misma permite una conexi\u00f3n inal\u00e1mbrica total y funciona sin un solo cable entre pares. Con ella podr\u00e1s disfrutar del entorno sonoro sin necesidad de estar pendiente de conexiones f\u00edsicas.<\/p>\n<p>Lo que tienes que saber de este producto<\/p>\n<p>Cuenta con tecnolog\u00eda True Wireless.<\/p>\n<p>Alcance inal\u00e1mbrico de 10 m.<\/p>\n<p>La bater\u00eda dura 5 h.<\/p>\n<p>Modo manos libres incluido.<\/p>\n<p>Con cancelaci\u00f3n de ruido.<\/p>\n<p>Con estuche de carga.<\/p>\n<p>Con micr\u00f3fono incorporado.<\/p>\n<p>Resistentes al agua.<\/p>\n<p>Su clasificaci\u00f3n IP es IPX5.<\/p>\n<p>Uso apto para deporte.<\/p>\n<p>Sonido superior y sin l\u00edmites.<\/p>\n<p>C\u00f3modos y pr\u00e1cticos.<\/p>\n<p>La duraci\u00f3n de la bater\u00eda depende del uso que se le d\u00e9 al producto.<\/p>\n<p>Tama\u00f1o del altavoz: 8mm.<\/p>\n<p>Lo que tienes que saber de este producto<\/p>\n<p>Cuenta con tecnolog\u00eda True Wireless.<\/p>\n<p>Alcance inal\u00e1mbrico de 10 m.<\/p>\n<p>La bater\u00eda dura 5 h.<\/p>\n<p>Modo manos libres incluido.<\/p>\n<p>Con cancelaci\u00f3n de ruido.<\/p>\n<p>Con estuche de carga.<\/p>\n<p>Con micr\u00f3fono incorporado.<\/p>\n<p>Resistentes al agua.<\/p>\n<p>Su clasificaci\u00f3n IP es IPX5.<\/p>\n<p>Uso apto para deporte.<\/p>\n<p>Sonido superior y sin l\u00edmites.<\/p>\n<p>C\u00f3modos y pr\u00e1cticos.<\/p>\n<p>La duraci\u00f3n de la bater\u00eda depende del uso que se le d\u00e9 al producto.<\/p>\n<p>Tama\u00f1o del altavoz: 8mm.<\/p>\n","protected":false},"excerpt":{"rendered":"<p>Tecnolog\u00eda y electrodomesticos<\/p>\n","protected":false},"featured_media":7631,"comment_status":"open","ping_status":"closed","template":"","meta":{"_surecart_dashboard_logo_width":"180px","_surecart_dashboard_show_logo":true,"_surecart_dashboard_navigation_orders":true,"_surecart_dashboard_navigation_invoices":true,"_surecart_dashboard_navigation_subscriptions":true,"_surecart_dashboard_navigation_downloads":true,"_surecart_dashboard_navigation_billing":true,"_surecart_dashboard_navigation_account":true,"_uag_custom_page_level_css":"","site-sidebar-layout":"default","site-content-layout":"","ast-site-content-layout":"default","site-content-style":"default","site-sidebar-style":"default","ast-global-header-display":"","ast-banner-title-visibility":"","ast-main-header-display":"","ast-hfb-above-header-display":"","ast-hfb-below-header-display":"","ast-hfb-mobile-header-display":"","site-post-title":"","ast-breadcrumbs-content":"","ast-featured-img":"","footer-sml-layout":"","ast-disable-related-posts":"","theme-transparent-header-meta":"default","adv-header-id-meta":"","stick-header-meta":"","header-above-stick-meta":"","header-main-stick-meta":"","header-below-stick-meta":"","astra-migrate-meta-layouts":"set","ast-page-background-enabled":"default","ast-page-background-meta":{"desktop":{"background-color":"var(--ast-global-color-4)","background-image":"","background-repeat":"repeat","background-position":"center center","background-size":"auto","background-attachment":"scroll","background-type":"","background-media":"","overlay-type":"","overlay-color":"","overlay-opacity":"","overlay-gradient":""},"tablet":{"background-color":"","background-image":"","background-repeat":"repeat","background-position":"center center","background-size":"auto","background-attachment":"scroll","background-type":"","background-media":"","overlay-type":"","overlay-color":"","overlay-opacity":"","overlay-gradient":""},"mobile":{"background-color":"","background-image":"","background-repeat":"repeat","background-position":"center center","background-size":"auto","background-attachment":"scroll","background-type":"","background-media":"","overlay-type":"","overlay-color":"","overlay-opacity":"","overlay-gradient":""}},"ast-content-background-meta":{"desktop":{"background-color":"var(--ast-global-color-5)","background-image":"","background-repeat":"repeat","background-position":"center center","background-size":"auto","background-attachment":"scroll","background-type":"","background-media":"","overlay-type":"","overlay-color":"","overlay-opacity":"","overlay-gradient":""},"tablet":{"background-color":"var(--ast-global-color-5)","background-image":"","background-repeat":"repeat","background-position":"center center","background-size":"auto","background-attachment":"scroll","background-type":"","background-media":"","overlay-type":"","overlay-color":"","overlay-opacity":"","overlay-gradient":""},"mobile":{"background-color":"var(--ast-global-color-5)","background-image":"","background-repeat":"repeat","background-position":"center center","background-size":"auto","background-attachment":"scroll","background-type":"","background-media":"","overlay-type":"","overlay-color":"","overlay-opacity":"","overlay-gradient":""}}},"product_brand":[],"product_cat":[56],"product_tag":[],"class_list":{"0":"post-7632","1":"product","2":"type-product","3":"status-publish","4":"has-post-thumbnail","6":"product_cat-tecnologia","7":"desktop-align-left","8":"tablet-align-left","9":"mobile-align-left","11":"first","12":"instock","13":"shipping-taxable","14":"purchasable","15":"product-type-simple"},"aioseo_notices":[],"uagb_featured_image_src":{"full":["https:\/\/tiendasdorado.online\/wp-content\/uploads\/2025\/07\/productImage-1727462920126.png",1080,1080,false],"thumbnail":["https:\/\/tiendasdorado.online\/wp-content\/uploads\/2025\/07\/productImage-1727462920126-150x150.png",150,150,true],"medium":["https:\/\/tiendasdorado.online\/wp-content\/uploads\/2025\/07\/productImage-1727462920126-300x300.png",300,300,true],"medium_large":["https:\/\/tiendasdorado.online\/wp-content\/uploads\/2025\/07\/productImage-1727462920126-768x768.png",768,768,true],"large":["https:\/\/tiendasdorado.online\/wp-content\/uploads\/2025\/07\/productImage-1727462920126-1024x1024.png",1024,1024,true],"1536x1536":["https:\/\/tiendasdorado.online\/wp-content\/uploads\/2025\/07\/productImage-1727462920126.png",1080,1080,false],"2048x2048":["https:\/\/tiendasdorado.online\/wp-content\/uploads\/2025\/07\/productImage-1727462920126.png",1080,1080,false],"woocommerce_thumbnail":["https:\/\/tiendasdorado.online\/wp-content\/uploads\/2025\/07\/productImage-1727462920126-300x300.png",300,300,true],"woocommerce_single":["https:\/\/tiendasdorado.online\/wp-content\/uploads\/2025\/07\/productImage-1727462920126-600x600.png",600,600,true],"woocommerce_gallery_thumbnail":["https:\/\/tiendasdorado.online\/wp-content\/uploads\/2025\/07\/productImage-1727462920126-100x100.png",100,100,true]},"uagb_author_info":{"display_name":"Crsitian Paguai","author_link":"https:\/\/tiendasdorado.online\/product-category\/catalogo\/author\/"},"uagb_comment_info":0,"uagb_excerpt":"Tecnolog\u00eda y electrodomesticos","_links":{"self":[{"href":"https:\/\/tiendasdorado.online\/product-category\/catalogo\/wp-json\/wp\/v2\/product\/7632","targetHints":{"allow":["GET"]}}],"collection":[{"href":"https:\/\/tiendasdorado.online\/product-category\/catalogo\/wp-json\/wp\/v2\/product"}],"about":[{"href":"https:\/\/tiendasdorado.online\/product-category\/catalogo\/wp-json\/wp\/v2\/types\/product"}],"replies":[{"embeddable":true,"href":"https:\/\/tiendasdorado.online\/product-category\/catalogo\/wp-json\/wp\/v2\/comments?post=7632"}],"wp:featuredmedia":[{"embeddable":true,"href":"https:\/\/tiendasdorado.online\/product-category\/catalogo\/wp-json\/wp\/v2\/media\/7631"}],"wp:attachment":[{"href":"https:\/\/tiendasdorado.online\/product-category\/catalogo\/wp-json\/wp\/v2\/media?parent=7632"}],"wp:term":[{"taxonomy":"product_brand","embeddable":true,"href":"https:\/\/tiendasdorado.online\/product-category\/catalogo\/wp-json\/wp\/v2\/product_brand?post=7632"},{"taxonomy":"product_cat","embeddable":true,"href":"https:\/\/tiendasdorado.online\/product-category\/catalogo\/wp-json\/wp\/v2\/product_cat?post=7632"},{"taxonomy":"product_tag","embeddable":true,"href":"https:\/\/tiendasdorado.online\/product-category\/catalogo\/wp-json\/wp\/v2\/product_tag?post=7632"}],"curies":[{"name":"wp","href":"https:\/\/api.w.org\/{rel}","templated":true}]}}