{"id":7114,"date":"2025-06-30T23:49:29","date_gmt":"2025-06-30T23:49:29","guid":{"rendered":"https:\/\/tiendasdorado.online\/product\/reloj-g-force-automatic-new-model-style\/"},"modified":"2026-01-02T00:09:45","modified_gmt":"2026-01-02T00:09:45","slug":"reloj-g-force-automatic-new-model-style","status":"publish","type":"product","link":"https:\/\/tiendasdorado.online\/product-category\/catalogo\/product\/reloj-g-force-automatic-new-model-style\/","title":{"rendered":"RELOJ G Force Automatic New Model Style"},"content":{"rendered":"<p style=\"text-align: left;\"><strong>Material del reloj met\u00e1lico en silicona<\/strong><\/p>\n<p style=\"text-align: left;\"><strong>Pulsera en silicona<\/strong><\/p>\n<p style=\"text-align: left;\"><strong>Hora an\u00e1loga<\/strong><\/p>\n<p style=\"text-align: left;\"><strong>Maquinaria autom\u00e1tica<\/strong><\/p>\n<p style=\"text-align: left;\"><strong>Mica en cristal mineral con tapa invisible<\/strong><\/p>\n<p style=\"text-align: left;\"><strong>Salpicadura y lavado de manos No sumergible<\/strong><\/p>\n<p style=\"text-align: left;\"><strong>Totalmente Contramarcado y funcional<\/strong><\/p>\n<p style=\"text-align: left;\"><strong>Garant\u00eda de 6 meses<\/strong><\/p>\n<p style=\"text-align: left;\"><strong>Incluye estuche de lujo G Force<\/strong><\/p>\n","protected":false},"excerpt":{"rendered":"<p>Material del reloj met\u00e1lico en silicona Pulsera en silicona Hora an\u00e1loga Maquinaria autom\u00e1tica Mica en cristal mineral con tapa invisible Salpicadura y lavado de manos No sumergible Totalmente Contramarcado y funcional Garant\u00eda de 6 meses Incluye estuche de lujo G Force<\/p>\n","protected":false},"featured_media":7123,"comment_status":"open","ping_status":"closed","template":"","meta":{"_surecart_dashboard_logo_width":"180px","_surecart_dashboard_show_logo":true,"_surecart_dashboard_navigation_orders":true,"_surecart_dashboard_navigation_invoices":true,"_surecart_dashboard_navigation_subscriptions":true,"_surecart_dashboard_navigation_downloads":true,"_surecart_dashboard_navigation_billing":true,"_surecart_dashboard_navigation_account":true,"_uag_custom_page_level_css":"","site-sidebar-layout":"default","site-content-layout":"","ast-site-content-layout":"default","site-content-style":"default","site-sidebar-style":"default","ast-global-header-display":"","ast-banner-title-visibility":"","ast-main-header-display":"","ast-hfb-above-header-display":"","ast-hfb-below-header-display":"","ast-hfb-mobile-header-display":"","site-post-title":"","ast-breadcrumbs-content":"","ast-featured-img":"","footer-sml-layout":"","ast-disable-related-posts":"","theme-transparent-header-meta":"default","adv-header-id-meta":"","stick-header-meta":"","header-above-stick-meta":"","header-main-stick-meta":"","header-below-stick-meta":"","astra-migrate-meta-layouts":"set","ast-page-background-enabled":"default","ast-page-background-meta":{"desktop":{"background-color":"var(--ast-global-color-4)","background-image":"","background-repeat":"repeat","background-position":"center center","background-size":"auto","background-attachment":"scroll","background-type":"","background-media":"","overlay-type":"","overlay-color":"","overlay-opacity":"","overlay-gradient":""},"tablet":{"background-color":"","background-image":"","background-repeat":"repeat","background-position":"center center","background-size":"auto","background-attachment":"scroll","background-type":"","background-media":"","overlay-type":"","overlay-color":"","overlay-opacity":"","overlay-gradient":""},"mobile":{"background-color":"","background-image":"","background-repeat":"repeat","background-position":"center center","background-size":"auto","background-attachment":"scroll","background-type":"","background-media":"","overlay-type":"","overlay-color":"","overlay-opacity":"","overlay-gradient":""}},"ast-content-background-meta":{"desktop":{"background-color":"var(--ast-global-color-5)","background-image":"","background-repeat":"repeat","background-position":"center center","background-size":"auto","background-attachment":"scroll","background-type":"","background-media":"","overlay-type":"","overlay-color":"","overlay-opacity":"","overlay-gradient":""},"tablet":{"background-color":"var(--ast-global-color-5)","background-image":"","background-repeat":"repeat","background-position":"center center","background-size":"auto","background-attachment":"scroll","background-type":"","background-media":"","overlay-type":"","overlay-color":"","overlay-opacity":"","overlay-gradient":""},"mobile":{"background-color":"var(--ast-global-color-5)","background-image":"","background-repeat":"repeat","background-position":"center center","background-size":"auto","background-attachment":"scroll","background-type":"","background-media":"","overlay-type":"","overlay-color":"","overlay-opacity":"","overlay-gradient":""}}},"product_brand":[],"product_cat":[43],"product_tag":[],"class_list":{"0":"post-7114","1":"product","2":"type-product","3":"status-publish","4":"has-post-thumbnail","6":"product_cat-relojes","7":"desktop-align-left","8":"tablet-align-left","9":"mobile-align-left","11":"first","12":"instock","13":"shipping-taxable","14":"purchasable","15":"product-type-variable"},"aioseo_notices":[],"uagb_featured_image_src":{"full":["https:\/\/tiendasdorado.online\/wp-content\/uploads\/2025\/06\/1710440112d3300e8c-fdf7-476d-8c75-920a061befbb-scaled.jpg",1920,2560,false],"thumbnail":["https:\/\/tiendasdorado.online\/wp-content\/uploads\/2025\/06\/1710440112d3300e8c-fdf7-476d-8c75-920a061befbb-150x150.jpg",150,150,true],"medium":["https:\/\/tiendasdorado.online\/wp-content\/uploads\/2025\/06\/1710440112d3300e8c-fdf7-476d-8c75-920a061befbb-225x300.jpg",225,300,true],"medium_large":["https:\/\/tiendasdorado.online\/wp-content\/uploads\/2025\/06\/1710440112d3300e8c-fdf7-476d-8c75-920a061befbb-768x1024.jpg",768,1024,true],"large":["https:\/\/tiendasdorado.online\/wp-content\/uploads\/2025\/06\/1710440112d3300e8c-fdf7-476d-8c75-920a061befbb-768x1024.jpg",768,1024,true],"1536x1536":["https:\/\/tiendasdorado.online\/wp-content\/uploads\/2025\/06\/1710440112d3300e8c-fdf7-476d-8c75-920a061befbb-1152x1536.jpg",1152,1536,true],"2048x2048":["https:\/\/tiendasdorado.online\/wp-content\/uploads\/2025\/06\/1710440112d3300e8c-fdf7-476d-8c75-920a061befbb-1536x2048.jpg",1536,2048,true],"woocommerce_thumbnail":["https:\/\/tiendasdorado.online\/wp-content\/uploads\/2025\/06\/1710440112d3300e8c-fdf7-476d-8c75-920a061befbb-300x300.jpg",300,300,true],"woocommerce_single":["https:\/\/tiendasdorado.online\/wp-content\/uploads\/2025\/06\/1710440112d3300e8c-fdf7-476d-8c75-920a061befbb-600x800.jpg",600,800,true],"woocommerce_gallery_thumbnail":["https:\/\/tiendasdorado.online\/wp-content\/uploads\/2025\/06\/1710440112d3300e8c-fdf7-476d-8c75-920a061befbb-100x100.jpg",100,100,true]},"uagb_author_info":{"display_name":"Crsitian Paguai","author_link":"https:\/\/tiendasdorado.online\/product-category\/catalogo\/author\/"},"uagb_comment_info":0,"uagb_excerpt":"Material del reloj met\u00e1lico en silicona Pulsera en silicona Hora an\u00e1loga Maquinaria autom\u00e1tica Mica en cristal mineral con tapa invisible Salpicadura y lavado de manos No sumergible Totalmente Contramarcado y funcional Garant\u00eda de 6 meses Incluye estuche de lujo G Force","_links":{"self":[{"href":"https:\/\/tiendasdorado.online\/product-category\/catalogo\/wp-json\/wp\/v2\/product\/7114","targetHints":{"allow":["GET"]}}],"collection":[{"href":"https:\/\/tiendasdorado.online\/product-category\/catalogo\/wp-json\/wp\/v2\/product"}],"about":[{"href":"https:\/\/tiendasdorado.online\/product-category\/catalogo\/wp-json\/wp\/v2\/types\/product"}],"replies":[{"embeddable":true,"href":"https:\/\/tiendasdorado.online\/product-category\/catalogo\/wp-json\/wp\/v2\/comments?post=7114"}],"wp:featuredmedia":[{"embeddable":true,"href":"https:\/\/tiendasdorado.online\/product-category\/catalogo\/wp-json\/wp\/v2\/media\/7123"}],"wp:attachment":[{"href":"https:\/\/tiendasdorado.online\/product-category\/catalogo\/wp-json\/wp\/v2\/media?parent=7114"}],"wp:term":[{"taxonomy":"product_brand","embeddable":true,"href":"https:\/\/tiendasdorado.online\/product-category\/catalogo\/wp-json\/wp\/v2\/product_brand?post=7114"},{"taxonomy":"product_cat","embeddable":true,"href":"https:\/\/tiendasdorado.online\/product-category\/catalogo\/wp-json\/wp\/v2\/product_cat?post=7114"},{"taxonomy":"product_tag","embeddable":true,"href":"https:\/\/tiendasdorado.online\/product-category\/catalogo\/wp-json\/wp\/v2\/product_tag?post=7114"}],"curies":[{"name":"wp","href":"https:\/\/api.w.org\/{rel}","templated":true}]}}