{"id":7004,"date":"2025-06-27T01:57:30","date_gmt":"2025-06-27T01:57:30","guid":{"rendered":"https:\/\/tiendasdorado.online\/product\/alcancia-diseno-gato\/"},"modified":"2026-02-18T15:30:07","modified_gmt":"2026-02-18T20:30:07","slug":"alcancia-diseno-gato","status":"publish","type":"product","link":"https:\/\/tiendasdorado.online\/product-category\/catalogo\/product\/alcancia-diseno-gato\/","title":{"rendered":"Alcanc\u00eda dise\u00f1o de gatito"},"content":{"rendered":"<p data-start=\"171\" data-end=\"337\"><strong data-start=\"171\" data-end=\"202\">Con esta divertida alcanc\u00eda<\/strong> podr\u00e1s tener un incentivo de ahorrar \ud83d\udcb0\u2728<br data-start=\"243\" data-end=\"246\" \/>Solo coloca una moneda o un billete y \u00e9l autom\u00e1ticamente la recoger\u00e1 para guardarla. \ud83e\udd16\ud83e\ude99<\/p>\n<p data-start=\"339\" data-end=\"448\">\ud83d\udce6 <strong data-start=\"342\" data-end=\"355\">Material:<\/strong> Pl\u00e1stico<br data-start=\"364\" data-end=\"367\" \/>\ud83d\udd0b <strong data-start=\"370\" data-end=\"397\">Funciona con 2 pilas AA<\/strong> (No incluidas)<br data-start=\"412\" data-end=\"415\" \/>\ud83d\udcd0 <strong data-start=\"418\" data-end=\"429\">Tama\u00f1o:<\/strong> 17 x 15 x 7.8 cm<\/p>\n<hr data-start=\"450\" data-end=\"453\" \/>\n<p data-start=\"455\" data-end=\"605\">\ud83d\udee1\ufe0f <strong data-start=\"459\" data-end=\"483\">T\u00e9rminos de garant\u00eda<\/strong><br data-start=\"483\" data-end=\"486\" \/>Cuentas con <strong data-start=\"498\" data-end=\"521\">10 d\u00edas de garant\u00eda<\/strong> por funcionamiento y\/o da\u00f1os del producto que no est\u00e9n relacionados a su mal uso.<\/p>\n<p data-start=\"607\" data-end=\"824\">\ud83d\udce6 Para hacer efectiva la devoluci\u00f3n, el producto debe entregarse debidamente protegido, cuidando el estado del <strong data-start=\"719\" data-end=\"739\">empaque original<\/strong>, incluir todos los documentos y\/o manuales (si aplica) y las partes completas. \ud83e\uddfe\u2705<\/p>\n","protected":false},"excerpt":{"rendered":"<p>Jugueteria<\/p>\n","protected":false},"featured_media":7008,"comment_status":"open","ping_status":"closed","template":"","meta":{"_surecart_dashboard_logo_width":"180px","_surecart_dashboard_show_logo":true,"_surecart_dashboard_navigation_orders":true,"_surecart_dashboard_navigation_invoices":true,"_surecart_dashboard_navigation_subscriptions":true,"_surecart_dashboard_navigation_downloads":true,"_surecart_dashboard_navigation_billing":true,"_surecart_dashboard_navigation_account":true,"_uag_custom_page_level_css":"","site-sidebar-layout":"default","site-content-layout":"","ast-site-content-layout":"default","site-content-style":"default","site-sidebar-style":"default","ast-global-header-display":"","ast-banner-title-visibility":"","ast-main-header-display":"","ast-hfb-above-header-display":"","ast-hfb-below-header-display":"","ast-hfb-mobile-header-display":"","site-post-title":"","ast-breadcrumbs-content":"","ast-featured-img":"","footer-sml-layout":"","ast-disable-related-posts":"","theme-transparent-header-meta":"default","adv-header-id-meta":"","stick-header-meta":"","header-above-stick-meta":"","header-main-stick-meta":"","header-below-stick-meta":"","astra-migrate-meta-layouts":"set","ast-page-background-enabled":"default","ast-page-background-meta":{"desktop":{"background-color":"var(--ast-global-color-4)","background-image":"","background-repeat":"repeat","background-position":"center center","background-size":"auto","background-attachment":"scroll","background-type":"","background-media":"","overlay-type":"","overlay-color":"","overlay-opacity":"","overlay-gradient":""},"tablet":{"background-color":"","background-image":"","background-repeat":"repeat","background-position":"center center","background-size":"auto","background-attachment":"scroll","background-type":"","background-media":"","overlay-type":"","overlay-color":"","overlay-opacity":"","overlay-gradient":""},"mobile":{"background-color":"","background-image":"","background-repeat":"repeat","background-position":"center center","background-size":"auto","background-attachment":"scroll","background-type":"","background-media":"","overlay-type":"","overlay-color":"","overlay-opacity":"","overlay-gradient":""}},"ast-content-background-meta":{"desktop":{"background-color":"var(--ast-global-color-5)","background-image":"","background-repeat":"repeat","background-position":"center center","background-size":"auto","background-attachment":"scroll","background-type":"","background-media":"","overlay-type":"","overlay-color":"","overlay-opacity":"","overlay-gradient":""},"tablet":{"background-color":"var(--ast-global-color-5)","background-image":"","background-repeat":"repeat","background-position":"center center","background-size":"auto","background-attachment":"scroll","background-type":"","background-media":"","overlay-type":"","overlay-color":"","overlay-opacity":"","overlay-gradient":""},"mobile":{"background-color":"var(--ast-global-color-5)","background-image":"","background-repeat":"repeat","background-position":"center center","background-size":"auto","background-attachment":"scroll","background-type":"","background-media":"","overlay-type":"","overlay-color":"","overlay-opacity":"","overlay-gradient":""}}},"product_brand":[],"product_cat":[60],"product_tag":[],"class_list":{"0":"post-7004","1":"product","2":"type-product","3":"status-publish","4":"has-post-thumbnail","6":"product_cat-jugueteria","7":"desktop-align-left","8":"tablet-align-left","9":"mobile-align-left","11":"first","12":"instock","13":"shipping-taxable","14":"purchasable","15":"product-type-simple"},"aioseo_notices":[],"uagb_featured_image_src":{"full":["https:\/\/tiendasdorado.online\/wp-content\/uploads\/2025\/06\/17030148511703014851Alcancia-de-gato-1.jpg",1024,1024,false],"thumbnail":["https:\/\/tiendasdorado.online\/wp-content\/uploads\/2025\/06\/17030148511703014851Alcancia-de-gato-1-150x150.jpg",150,150,true],"medium":["https:\/\/tiendasdorado.online\/wp-content\/uploads\/2025\/06\/17030148511703014851Alcancia-de-gato-1-300x300.jpg",300,300,true],"medium_large":["https:\/\/tiendasdorado.online\/wp-content\/uploads\/2025\/06\/17030148511703014851Alcancia-de-gato-1-768x768.jpg",768,768,true],"large":["https:\/\/tiendasdorado.online\/wp-content\/uploads\/2025\/06\/17030148511703014851Alcancia-de-gato-1.jpg",1024,1024,false],"1536x1536":["https:\/\/tiendasdorado.online\/wp-content\/uploads\/2025\/06\/17030148511703014851Alcancia-de-gato-1.jpg",1024,1024,false],"2048x2048":["https:\/\/tiendasdorado.online\/wp-content\/uploads\/2025\/06\/17030148511703014851Alcancia-de-gato-1.jpg",1024,1024,false],"woocommerce_thumbnail":["https:\/\/tiendasdorado.online\/wp-content\/uploads\/2025\/06\/17030148511703014851Alcancia-de-gato-1-300x300.jpg",300,300,true],"woocommerce_single":["https:\/\/tiendasdorado.online\/wp-content\/uploads\/2025\/06\/17030148511703014851Alcancia-de-gato-1-600x600.jpg",600,600,true],"woocommerce_gallery_thumbnail":["https:\/\/tiendasdorado.online\/wp-content\/uploads\/2025\/06\/17030148511703014851Alcancia-de-gato-1-100x100.jpg",100,100,true]},"uagb_author_info":{"display_name":"Crsitian Paguai","author_link":"https:\/\/tiendasdorado.online\/product-category\/catalogo\/author\/"},"uagb_comment_info":1,"uagb_excerpt":"Jugueteria","_links":{"self":[{"href":"https:\/\/tiendasdorado.online\/product-category\/catalogo\/wp-json\/wp\/v2\/product\/7004","targetHints":{"allow":["GET"]}}],"collection":[{"href":"https:\/\/tiendasdorado.online\/product-category\/catalogo\/wp-json\/wp\/v2\/product"}],"about":[{"href":"https:\/\/tiendasdorado.online\/product-category\/catalogo\/wp-json\/wp\/v2\/types\/product"}],"replies":[{"embeddable":true,"href":"https:\/\/tiendasdorado.online\/product-category\/catalogo\/wp-json\/wp\/v2\/comments?post=7004"}],"wp:featuredmedia":[{"embeddable":true,"href":"https:\/\/tiendasdorado.online\/product-category\/catalogo\/wp-json\/wp\/v2\/media\/7008"}],"wp:attachment":[{"href":"https:\/\/tiendasdorado.online\/product-category\/catalogo\/wp-json\/wp\/v2\/media?parent=7004"}],"wp:term":[{"taxonomy":"product_brand","embeddable":true,"href":"https:\/\/tiendasdorado.online\/product-category\/catalogo\/wp-json\/wp\/v2\/product_brand?post=7004"},{"taxonomy":"product_cat","embeddable":true,"href":"https:\/\/tiendasdorado.online\/product-category\/catalogo\/wp-json\/wp\/v2\/product_cat?post=7004"},{"taxonomy":"product_tag","embeddable":true,"href":"https:\/\/tiendasdorado.online\/product-category\/catalogo\/wp-json\/wp\/v2\/product_tag?post=7004"}],"curies":[{"name":"wp","href":"https:\/\/api.w.org\/{rel}","templated":true}]}}