{"id":6967,"date":"2025-06-23T23:05:31","date_gmt":"2025-06-23T23:05:31","guid":{"rendered":"https:\/\/tiendasdorado.online\/product\/pistola-iron-man-hidrogel-mano-robot\/"},"modified":"2026-01-02T00:41:25","modified_gmt":"2026-01-02T00:41:25","slug":"pistola-iron-man-hidrogel-mano-robot","status":"publish","type":"product","link":"https:\/\/tiendasdorado.online\/product-category\/catalogo\/product\/pistola-iron-man-hidrogel-mano-robot\/","title":{"rendered":"Pistola Iron Man Hidrogel Mano Robot"},"content":{"rendered":"<h5 style=\"text-align: center;\"><strong>DESCRIPCION<\/strong><\/h5>\n<h5 style=\"text-align: center;\">Este genial lanzador el\u00e9ctrico de bolas de gel es un juguete divertido para una gran manera de disfrutar del aire libre. La bola de gel biodegradable llena de agua utilizada en este gel estallar\u00e1 en una pila de peque\u00f1os fragmentos despu\u00e9s del impacto, desaparecer\u00e1 autom\u00e1ticamente despu\u00e9s del secado. No manchan su ropa. Te permite disfrutar de la diversi\u00f3n del juego de equipo al aire libre.<\/h5>\n<h5><\/h5>\n<h5 style=\"text-align: center;\"><strong>QUE TE INCLUYE<\/strong><br \/>\n\u2022 Pistola Juguete Iron Man Brazo Rob\u00f3tico Disparar Hidrogel, bateria recargable, gafas de protecci\u00f3n y 1000 balas.<\/h5>\n","protected":false},"excerpt":{"rendered":"<p>Jugueteria<\/p>\n","protected":false},"featured_media":6971,"comment_status":"open","ping_status":"closed","template":"","meta":{"_surecart_dashboard_logo_width":"180px","_surecart_dashboard_show_logo":true,"_surecart_dashboard_navigation_orders":true,"_surecart_dashboard_navigation_invoices":true,"_surecart_dashboard_navigation_subscriptions":true,"_surecart_dashboard_navigation_downloads":true,"_surecart_dashboard_navigation_billing":true,"_surecart_dashboard_navigation_account":true,"_uag_custom_page_level_css":"","site-sidebar-layout":"default","site-content-layout":"","ast-site-content-layout":"default","site-content-style":"default","site-sidebar-style":"default","ast-global-header-display":"","ast-banner-title-visibility":"","ast-main-header-display":"","ast-hfb-above-header-display":"","ast-hfb-below-header-display":"","ast-hfb-mobile-header-display":"","site-post-title":"","ast-breadcrumbs-content":"","ast-featured-img":"","footer-sml-layout":"","ast-disable-related-posts":"","theme-transparent-header-meta":"default","adv-header-id-meta":"","stick-header-meta":"","header-above-stick-meta":"","header-main-stick-meta":"","header-below-stick-meta":"","astra-migrate-meta-layouts":"set","ast-page-background-enabled":"default","ast-page-background-meta":{"desktop":{"background-color":"var(--ast-global-color-4)","background-image":"","background-repeat":"repeat","background-position":"center center","background-size":"auto","background-attachment":"scroll","background-type":"","background-media":"","overlay-type":"","overlay-color":"","overlay-opacity":"","overlay-gradient":""},"tablet":{"background-color":"","background-image":"","background-repeat":"repeat","background-position":"center center","background-size":"auto","background-attachment":"scroll","background-type":"","background-media":"","overlay-type":"","overlay-color":"","overlay-opacity":"","overlay-gradient":""},"mobile":{"background-color":"","background-image":"","background-repeat":"repeat","background-position":"center center","background-size":"auto","background-attachment":"scroll","background-type":"","background-media":"","overlay-type":"","overlay-color":"","overlay-opacity":"","overlay-gradient":""}},"ast-content-background-meta":{"desktop":{"background-color":"var(--ast-global-color-5)","background-image":"","background-repeat":"repeat","background-position":"center center","background-size":"auto","background-attachment":"scroll","background-type":"","background-media":"","overlay-type":"","overlay-color":"","overlay-opacity":"","overlay-gradient":""},"tablet":{"background-color":"var(--ast-global-color-5)","background-image":"","background-repeat":"repeat","background-position":"center center","background-size":"auto","background-attachment":"scroll","background-type":"","background-media":"","overlay-type":"","overlay-color":"","overlay-opacity":"","overlay-gradient":""},"mobile":{"background-color":"var(--ast-global-color-5)","background-image":"","background-repeat":"repeat","background-position":"center center","background-size":"auto","background-attachment":"scroll","background-type":"","background-media":"","overlay-type":"","overlay-color":"","overlay-opacity":"","overlay-gradient":""}}},"product_brand":[],"product_cat":[60],"product_tag":[],"class_list":{"0":"post-6967","1":"product","2":"type-product","3":"status-publish","4":"has-post-thumbnail","6":"product_cat-jugueteria","7":"desktop-align-left","8":"tablet-align-left","9":"mobile-align-left","11":"first","12":"instock","13":"shipping-taxable","14":"purchasable","15":"product-type-simple"},"aioseo_notices":[],"uagb_featured_image_src":{"full":["https:\/\/tiendasdorado.online\/wp-content\/uploads\/2025\/06\/1732568095WhatsApp-Image-2024-11-25-at-08.38.51.jpeg",1104,1280,false],"thumbnail":["https:\/\/tiendasdorado.online\/wp-content\/uploads\/2025\/06\/1732568095WhatsApp-Image-2024-11-25-at-08.38.51-150x150.jpeg",150,150,true],"medium":["https:\/\/tiendasdorado.online\/wp-content\/uploads\/2025\/06\/1732568095WhatsApp-Image-2024-11-25-at-08.38.51-259x300.jpeg",259,300,true],"medium_large":["https:\/\/tiendasdorado.online\/wp-content\/uploads\/2025\/06\/1732568095WhatsApp-Image-2024-11-25-at-08.38.51-768x890.jpeg",768,890,true],"large":["https:\/\/tiendasdorado.online\/wp-content\/uploads\/2025\/06\/1732568095WhatsApp-Image-2024-11-25-at-08.38.51-883x1024.jpeg",883,1024,true],"1536x1536":["https:\/\/tiendasdorado.online\/wp-content\/uploads\/2025\/06\/1732568095WhatsApp-Image-2024-11-25-at-08.38.51.jpeg",1104,1280,false],"2048x2048":["https:\/\/tiendasdorado.online\/wp-content\/uploads\/2025\/06\/1732568095WhatsApp-Image-2024-11-25-at-08.38.51.jpeg",1104,1280,false],"woocommerce_thumbnail":["https:\/\/tiendasdorado.online\/wp-content\/uploads\/2025\/06\/1732568095WhatsApp-Image-2024-11-25-at-08.38.51-300x300.jpeg",300,300,true],"woocommerce_single":["https:\/\/tiendasdorado.online\/wp-content\/uploads\/2025\/06\/1732568095WhatsApp-Image-2024-11-25-at-08.38.51-600x696.jpeg",600,696,true],"woocommerce_gallery_thumbnail":["https:\/\/tiendasdorado.online\/wp-content\/uploads\/2025\/06\/1732568095WhatsApp-Image-2024-11-25-at-08.38.51-100x100.jpeg",100,100,true]},"uagb_author_info":{"display_name":"Crsitian Paguai","author_link":"https:\/\/tiendasdorado.online\/product-category\/catalogo\/author\/"},"uagb_comment_info":0,"uagb_excerpt":"Jugueteria","_links":{"self":[{"href":"https:\/\/tiendasdorado.online\/product-category\/catalogo\/wp-json\/wp\/v2\/product\/6967","targetHints":{"allow":["GET"]}}],"collection":[{"href":"https:\/\/tiendasdorado.online\/product-category\/catalogo\/wp-json\/wp\/v2\/product"}],"about":[{"href":"https:\/\/tiendasdorado.online\/product-category\/catalogo\/wp-json\/wp\/v2\/types\/product"}],"replies":[{"embeddable":true,"href":"https:\/\/tiendasdorado.online\/product-category\/catalogo\/wp-json\/wp\/v2\/comments?post=6967"}],"wp:featuredmedia":[{"embeddable":true,"href":"https:\/\/tiendasdorado.online\/product-category\/catalogo\/wp-json\/wp\/v2\/media\/6971"}],"wp:attachment":[{"href":"https:\/\/tiendasdorado.online\/product-category\/catalogo\/wp-json\/wp\/v2\/media?parent=6967"}],"wp:term":[{"taxonomy":"product_brand","embeddable":true,"href":"https:\/\/tiendasdorado.online\/product-category\/catalogo\/wp-json\/wp\/v2\/product_brand?post=6967"},{"taxonomy":"product_cat","embeddable":true,"href":"https:\/\/tiendasdorado.online\/product-category\/catalogo\/wp-json\/wp\/v2\/product_cat?post=6967"},{"taxonomy":"product_tag","embeddable":true,"href":"https:\/\/tiendasdorado.online\/product-category\/catalogo\/wp-json\/wp\/v2\/product_tag?post=6967"}],"curies":[{"name":"wp","href":"https:\/\/api.w.org\/{rel}","templated":true}]}}