{"id":2161,"date":"2025-06-01T22:39:12","date_gmt":"2025-06-01T22:39:12","guid":{"rendered":"https:\/\/tiendasdorado.online\/about\/"},"modified":"2026-01-12T15:43:09","modified_gmt":"2026-01-12T20:43:09","slug":"quienes-somos","status":"publish","type":"page","link":"https:\/\/tiendasdorado.online\/product-category\/catalogo\/quienes-somos\/","title":{"rendered":"QUIENES SOMOS"},"content":{"rendered":"\n<div class=\"wp-block-uagb-container uagb-block-f90b5c01 alignfull uagb-is-root-container\"><div class=\"uagb-container-inner-blocks-wrap\">\n<div class=\"wp-block-group is-layout-constrained wp-block-group-is-layout-constrained\"><div class=\"wp-block-group__inner-container\">\n<h3 class=\"wp-block-heading\">Somos una <strong>tienda online colombiana<\/strong> dedicada a ofrecer productos de calidad, seleccionados cuidadosamente para brindarte la mejor experiencia de compra desde la comodidad de tu hogar.<\/h3>\n\n\n\n<p>Nacimos con el objetivo de facilitar el acceso a productos modernos, \u00fatiles y a precios competitivos, apostando siempre por un <strong>servicio confiable, r\u00e1pido y seguro<\/strong> en todo el territorio nacional \ud83c\udde8\ud83c\uddf4.<\/p>\n\n\n\n<p>En nuestra tienda creemos en la <strong>transparencia<\/strong>, el <strong>compromiso con nuestros clientes<\/strong> y la <strong>mejora constante<\/strong>. Por eso trabajamos d\u00eda a d\u00eda para garantizar productos verificados, descripciones claras y una atenci\u00f3n cercana antes, durante y despu\u00e9s de tu compra.<\/p>\n\n\n\n<p>Contamos con <strong>env\u00edos a nivel nacional<\/strong>, m\u00faltiples medios de pago y un equipo dispuesto a ayudarte en cada paso, porque tu satisfacci\u00f3n es nuestra prioridad.<\/p>\n\n\n\n<p>Gracias por confiar en nosotros y ser parte de esta comunidad que apoya el comercio digital colombiano.<\/p>\n<\/div><\/div>\n\n\n\n<figure class=\"wp-block-image size-full\"><img loading=\"lazy\" decoding=\"async\" width=\"956\" height=\"553\" src=\"https:\/\/tiendasdorado.online\/wp-content\/uploads\/2026\/01\/bann-23.webp\" alt=\"\" class=\"wp-image-8869\" srcset=\"https:\/\/tiendasdorado.online\/wp-content\/uploads\/2026\/01\/bann-23.webp 956w, https:\/\/tiendasdorado.online\/wp-content\/uploads\/2026\/01\/bann-23-300x174.webp 300w, https:\/\/tiendasdorado.online\/wp-content\/uploads\/2026\/01\/bann-23-768x444.webp 768w, https:\/\/tiendasdorado.online\/wp-content\/uploads\/2026\/01\/bann-23-600x347.webp 600w\" sizes=\"auto, (max-width: 956px) 100vw, 956px\" \/><\/figure>\n<\/div><\/div>\n\n\n\n<h3 class=\"wp-block-heading\">\ud83d\udcb3 Medios de Pago<\/h3>\n\n\n\n<p>\u2714\ufe0f <strong>Pago contraentrega (principal)<\/strong><br>Paga cuando recibas tu producto. <strong>M\u00e1s seguridad y confianza.<\/strong><\/p>\n\n\n\n<p>\u2714\ufe0f Tarjetas de cr\u00e9dito y d\u00e9bito<br>\u2714\ufe0f Mercado Pago<\/p>\n\n\n\n<p>\ud83d\udd12 Compra segura | \ud83d\udce6 Env\u00edos a toda Colombia<\/p>\n\n\n\n<div class=\"wp-block-uagb-image uagb-block-74011499 wp-block-uagb-image--layout-default wp-block-uagb-image--effect-static wp-block-uagb-image--align-none\"><figure class=\"wp-block-uagb-image__figure\"><\/figure><\/div>\n\n\n\n<div class=\"wp-block-uagb-container uagb-layout-grid uagb-block-f078c05e alignfull uagb-is-root-container\"><div class=\"uagb-container-inner-blocks-wrap\">\n<div class=\"wp-block-uagb-advanced-heading uagb-block-51999f88\"><h2 class=\"uagb-heading-text\">Get Best Offers On Customized Designs!<\/h2><\/div>\n\n\n\n<div class=\"wp-block-uagb-buttons uagb-buttons__outer-wrap uagb-btn__default-btn uagb-btn-tablet__default-btn uagb-btn-mobile__default-btn uagb-block-59a9eda1\"><div class=\"uagb-buttons__wrap uagb-buttons-layout-wrap \">\n<div class=\"wp-block-uagb-buttons-child uagb-buttons__outer-wrap uagb-block-7b8e4b74 wp-block-button\"><div class=\"uagb-button__wrapper\"><a class=\"uagb-buttons-repeater wp-block-button__link\" aria-label=\"\" href=\"#\" rel=\"follow noopener\" target=\"_self\" role=\"button\"><div class=\"uagb-button__link\">Get Started<\/div><span class=\"uagb-button__icon uagb-button__icon-position-after\"><svg xmlns=\"https:\/\/www.w3.org\/2000\/svg\" viewBox=\"0 0 256 512\" aria-hidden=\"true\" focussable=\"false\"><path d=\"M64 448c-8.188 0-16.38-3.125-22.62-9.375c-12.5-12.5-12.5-32.75 0-45.25L178.8 256L41.38 118.6c-12.5-12.5-12.5-32.75 0-45.25s32.75-12.5 45.25 0l160 160c12.5 12.5 12.5 32.75 0 45.25l-160 160C80.38 444.9 72.19 448 64 448z\"><\/path><\/svg><\/span><\/a><\/div><\/div>\n<\/div><\/div>\n<\/div><\/div>\n\n\n\n<div class=\"wp-block-uagb-container uagb-layout-grid uagb-block-4689bb59 alignfull uagb-is-root-container\"><div class=\"uagb-container-inner-blocks-wrap\"><\/div><\/div>\n\n\n\n<div class=\"wp-block-uagb-container uagb-block-2feb6b2f alignfull uagb-is-root-container\">\n<div class=\"wp-block-uagb-image uagb-block-e9b32d74 wp-block-uagb-image--layout-default wp-block-uagb-image--effect-static wp-block-uagb-image--align-none\"><figure class=\"wp-block-uagb-image__figure\"><img decoding=\"async\" srcset=\"https:\/\/tiendasdorado.online\/wp-content\/uploads\/2022\/06\/graphic05-free-img.png ,https:\/\/tiendasdorado.online\/wp-content\/uploads\/2022\/06\/graphic05-free-img.png 780w, https:\/\/tiendasdorado.online\/wp-content\/uploads\/2022\/06\/graphic05-free-img.png 360w\" sizes=\"auto, (max-width: 480px) 150px\" src=\"https:\/\/tiendasdorado.online\/wp-content\/uploads\/2022\/06\/graphic05-free-img.png\" alt=\"\" class=\"uag-image-2571\" width=\"1929\" height=\"79\" title=\"graphic05-free-img\" loading=\"lazy\" role=\"img\"\/><\/figure><\/div>\n<\/div>\n","protected":false},"excerpt":{"rendered":"<p>Somos una tienda online colombiana dedicada a ofrecer productos de calidad, seleccionados cuidadosamente para brindarte la mejor experiencia de compra desde la comodidad de tu hogar. Nacimos con el objetivo de facilitar el acceso a productos modernos, \u00fatiles y a precios competitivos, apostando siempre por un servicio confiable, r\u00e1pido y seguro en todo el territorio [&hellip;]<\/p>\n","protected":false},"author":2,"featured_media":0,"parent":0,"menu_order":0,"comment_status":"closed","ping_status":"closed","template":"","meta":{"_surecart_dashboard_logo_width":"180px","_surecart_dashboard_show_logo":true,"_surecart_dashboard_navigation_orders":true,"_surecart_dashboard_navigation_invoices":true,"_surecart_dashboard_navigation_subscriptions":true,"_surecart_dashboard_navigation_downloads":true,"_surecart_dashboard_navigation_billing":true,"_surecart_dashboard_navigation_account":true,"_uag_custom_page_level_css":"","site-sidebar-layout":"no-sidebar","site-content-layout":"plain-container","ast-site-content-layout":"full-width-container","site-content-style":"unboxed","site-sidebar-style":"unboxed","ast-global-header-display":"","ast-banner-title-visibility":"","ast-main-header-display":"","ast-hfb-above-header-display":"","ast-hfb-below-header-display":"","ast-hfb-mobile-header-display":"","site-post-title":"disabled","ast-breadcrumbs-content":"","ast-featured-img":"disabled","footer-sml-layout":"","ast-disable-related-posts":"","theme-transparent-header-meta":"enabled","adv-header-id-meta":"","stick-header-meta":"","header-above-stick-meta":"","header-main-stick-meta":"","header-below-stick-meta":"","astra-migrate-meta-layouts":"set","ast-page-background-enabled":"default","ast-page-background-meta":{"desktop":{"background-color":"var(--ast-global-color-4)","background-image":"","background-repeat":"repeat","background-position":"center center","background-size":"auto","background-attachment":"scroll","background-type":"","background-media":"","overlay-type":"","overlay-color":"","overlay-opacity":"","overlay-gradient":""},"tablet":{"background-color":"","background-image":"","background-repeat":"repeat","background-position":"center center","background-size":"auto","background-attachment":"scroll","background-type":"","background-media":"","overlay-type":"","overlay-color":"","overlay-opacity":"","overlay-gradient":""},"mobile":{"background-color":"","background-image":"","background-repeat":"repeat","background-position":"center center","background-size":"auto","background-attachment":"scroll","background-type":"","background-media":"","overlay-type":"","overlay-color":"","overlay-opacity":"","overlay-gradient":""}},"ast-content-background-meta":{"desktop":{"background-color":"var(--ast-global-color-5)","background-image":"","background-repeat":"repeat","background-position":"center center","background-size":"auto","background-attachment":"scroll","background-type":"","background-media":"","overlay-type":"","overlay-color":"","overlay-opacity":"","overlay-gradient":""},"tablet":{"background-color":"var(--ast-global-color-5)","background-image":"","background-repeat":"repeat","background-position":"center center","background-size":"auto","background-attachment":"scroll","background-type":"","background-media":"","overlay-type":"","overlay-color":"","overlay-opacity":"","overlay-gradient":""},"mobile":{"background-color":"var(--ast-global-color-5)","background-image":"","background-repeat":"repeat","background-position":"center center","background-size":"auto","background-attachment":"scroll","background-type":"","background-media":"","overlay-type":"","overlay-color":"","overlay-opacity":"","overlay-gradient":""}},"footnotes":""},"class_list":["post-2161","page","type-page","status-publish","hentry"],"aioseo_notices":[],"uagb_featured_image_src":{"full":false,"thumbnail":false,"medium":false,"medium_large":false,"large":false,"1536x1536":false,"2048x2048":false,"woocommerce_thumbnail":false,"woocommerce_single":false,"woocommerce_gallery_thumbnail":false},"uagb_author_info":{"display_name":"Crsitian Paguai","author_link":"https:\/\/tiendasdorado.online\/product-category\/catalogo\/author\/cristian\/"},"uagb_comment_info":0,"uagb_excerpt":"Somos una tienda online colombiana dedicada a ofrecer productos de calidad, seleccionados cuidadosamente para brindarte la mejor experiencia de compra desde la comodidad de tu hogar. Nacimos con el objetivo de facilitar el acceso a productos modernos, \u00fatiles y a precios competitivos, apostando siempre por un servicio confiable, r\u00e1pido y seguro en todo el territorio&hellip;","_links":{"self":[{"href":"https:\/\/tiendasdorado.online\/product-category\/catalogo\/wp-json\/wp\/v2\/pages\/2161","targetHints":{"allow":["GET"]}}],"collection":[{"href":"https:\/\/tiendasdorado.online\/product-category\/catalogo\/wp-json\/wp\/v2\/pages"}],"about":[{"href":"https:\/\/tiendasdorado.online\/product-category\/catalogo\/wp-json\/wp\/v2\/types\/page"}],"author":[{"embeddable":true,"href":"https:\/\/tiendasdorado.online\/product-category\/catalogo\/wp-json\/wp\/v2\/users\/2"}],"replies":[{"embeddable":true,"href":"https:\/\/tiendasdorado.online\/product-category\/catalogo\/wp-json\/wp\/v2\/comments?post=2161"}],"version-history":[{"count":7,"href":"https:\/\/tiendasdorado.online\/product-category\/catalogo\/wp-json\/wp\/v2\/pages\/2161\/revisions"}],"predecessor-version":[{"id":8870,"href":"https:\/\/tiendasdorado.online\/product-category\/catalogo\/wp-json\/wp\/v2\/pages\/2161\/revisions\/8870"}],"wp:attachment":[{"href":"https:\/\/tiendasdorado.online\/product-category\/catalogo\/wp-json\/wp\/v2\/media?parent=2161"}],"curies":[{"name":"wp","href":"https:\/\/api.w.org\/{rel}","templated":true}]}}